{"id":363,"date":"2021-10-25T00:03:06","date_gmt":"2021-10-25T00:03:06","guid":{"rendered":"https:\/\/cts-chile.cl\/xiiiencuentro\/?page_id=363"},"modified":"2026-01-09T09:24:13","modified_gmt":"2026-01-09T09:24:13","slug":"fechas","status":"publish","type":"page","link":"https:\/\/cts-chile.cl\/xiiiencuentro\/fechas\/","title":{"rendered":"Fechas importantes"},"content":{"rendered":"\n<hr class=\"wp-block-separator has-css-opacity\"\/>\n\n\n\n<figure class=\"wp-block-table is-style-stripes\"><table><tbody><tr><td><mark style=\"background-color:rgba(0, 0, 0, 0);color:#00986a\" class=\"has-inline-color\"><strong>Publicaci\u00f3n Programa Oficial<\/strong>:<\/mark><\/td><td>Enero de 2025<\/td><\/tr><tr><td><strong><mark style=\"background-color:rgba(0, 0, 0, 0);color:#00986a\" class=\"has-inline-color\">Encuentro<\/mark>:<\/strong><\/td><td>14, 15, 16 de Enero de 2026<\/td><\/tr><\/tbody><\/table><\/figure>\n\n\n\n<figure class=\"wp-block-table is-style-stripes\"><table class=\"has-fixed-layout\"><tbody><tr><td><strong><mark style=\"background-color:rgba(0, 0, 0, 0);color:#00986a\" class=\"has-inline-color\">Apertura convocatoria<\/mark><\/strong><\/td><td>1 de Octubre de 2025<\/td><\/tr><tr><td><strong><mark style=\"background-color:rgba(0, 0, 0, 0);color:#00986a\" class=\"has-inline-color\">Cierre de recepci\u00f3n de contribuciones<\/mark><\/strong><\/td><td>5 de Noviembre de 2025<\/td><\/tr><tr><td><strong><a href=\"https:\/\/cts-chile.cl\/xiiiencuentro\/workshops\/\"><mark style=\"background-color:rgba(0, 0, 0, 0);color:#00986a\" class=\"has-inline-color\">Apertura convocatoria art\u00edstica<\/mark><\/a><\/strong><\/td><td>03 de Noviembre de 2025<\/td><\/tr><tr><td><strong><mark style=\"background-color:rgba(0, 0, 0, 0);color:#00986a\" class=\"has-inline-color\">Se informa aceptaci\u00f3n de contribuciones<\/mark><\/strong><\/td><td>Diciembre de 2025<\/td><\/tr><\/tbody><\/table><\/figure>\n\n\n\n<figure class=\"wp-block-image size-large wp-duotone-unset-1\"><img data-recalc-dims=\"1\" loading=\"lazy\" decoding=\"async\" width=\"1024\" height=\"704\" src=\"https:\/\/i0.wp.com\/cts-chile.cl\/xiiiencuentro\/wp-content\/uploads\/2025\/09\/53792749393_0d37eb9821_k.jpg?resize=1024%2C704&#038;ssl=1\" alt=\"\" class=\"wp-image-1033\" srcset=\"https:\/\/i0.wp.com\/cts-chile.cl\/xiiiencuentro\/wp-content\/uploads\/2025\/09\/53792749393_0d37eb9821_k.jpg?resize=1024%2C704&amp;ssl=1 1024w, https:\/\/i0.wp.com\/cts-chile.cl\/xiiiencuentro\/wp-content\/uploads\/2025\/09\/53792749393_0d37eb9821_k.jpg?resize=300%2C206&amp;ssl=1 300w, https:\/\/i0.wp.com\/cts-chile.cl\/xiiiencuentro\/wp-content\/uploads\/2025\/09\/53792749393_0d37eb9821_k.jpg?resize=768%2C528&amp;ssl=1 768w, https:\/\/i0.wp.com\/cts-chile.cl\/xiiiencuentro\/wp-content\/uploads\/2025\/09\/53792749393_0d37eb9821_k.jpg?resize=1536%2C1055&amp;ssl=1 1536w, https:\/\/i0.wp.com\/cts-chile.cl\/xiiiencuentro\/wp-content\/uploads\/2025\/09\/53792749393_0d37eb9821_k.jpg?resize=690%2C474&amp;ssl=1 690w, https:\/\/i0.wp.com\/cts-chile.cl\/xiiiencuentro\/wp-content\/uploads\/2025\/09\/53792749393_0d37eb9821_k.jpg?resize=1317%2C905&amp;ssl=1 1317w, https:\/\/i0.wp.com\/cts-chile.cl\/xiiiencuentro\/wp-content\/uploads\/2025\/09\/53792749393_0d37eb9821_k.jpg?resize=800%2C550&amp;ssl=1 800w, https:\/\/i0.wp.com\/cts-chile.cl\/xiiiencuentro\/wp-content\/uploads\/2025\/09\/53792749393_0d37eb9821_k.jpg?resize=1400%2C962&amp;ssl=1 1400w, https:\/\/i0.wp.com\/cts-chile.cl\/xiiiencuentro\/wp-content\/uploads\/2025\/09\/53792749393_0d37eb9821_k.jpg?w=2048&amp;ssl=1 2048w\" sizes=\"auto, (max-width: 1024px) 100vw, 1024px\" \/><\/figure>\n","protected":false},"excerpt":{"rendered":"<p>Publicaci\u00f3n Programa Oficial: Enero de 2025 Encuentro: 14, 15, 16 de Enero de 2026 Apertura convocatoria 1 de Octubre de 2025 Cierre de recepci\u00f3n de contribuciones 5 de Noviembre de 2025 Apertura convocatoria art\u00edstica 03 de Noviembre de 2025 Se informa aceptaci\u00f3n de contribuciones Diciembre de 2025<\/p>\n<a class=\"read-more-link\" href=\" https:\/\/cts-chile.cl\/xiiiencuentro\/fechas\/ \">Read More<\/a>","protected":false},"author":1,"featured_media":0,"parent":0,"menu_order":0,"comment_status":"closed","ping_status":"closed","template":"","meta":{"footnotes":""},"class_list":["post-363","page","type-page","status-publish","hentry","col-lg-4 col-sm-6"],"jetpack_sharing_enabled":true,"_links":{"self":[{"href":"https:\/\/cts-chile.cl\/xiiiencuentro\/wp-json\/wp\/v2\/pages\/363","targetHints":{"allow":["GET"]}}],"collection":[{"href":"https:\/\/cts-chile.cl\/xiiiencuentro\/wp-json\/wp\/v2\/pages"}],"about":[{"href":"https:\/\/cts-chile.cl\/xiiiencuentro\/wp-json\/wp\/v2\/types\/page"}],"author":[{"embeddable":true,"href":"https:\/\/cts-chile.cl\/xiiiencuentro\/wp-json\/wp\/v2\/users\/1"}],"replies":[{"embeddable":true,"href":"https:\/\/cts-chile.cl\/xiiiencuentro\/wp-json\/wp\/v2\/comments?post=363"}],"version-history":[{"count":13,"href":"https:\/\/cts-chile.cl\/xiiiencuentro\/wp-json\/wp\/v2\/pages\/363\/revisions"}],"predecessor-version":[{"id":1191,"href":"https:\/\/cts-chile.cl\/xiiiencuentro\/wp-json\/wp\/v2\/pages\/363\/revisions\/1191"}],"wp:attachment":[{"href":"https:\/\/cts-chile.cl\/xiiiencuentro\/wp-json\/wp\/v2\/media?parent=363"}],"curies":[{"name":"wp","href":"https:\/\/api.w.org\/{rel}","templated":true}]}}