{"id":417,"date":"2021-11-10T21:29:29","date_gmt":"2021-11-10T21:29:29","guid":{"rendered":"https:\/\/cts-chile.cl\/xiiencuentro\/?page_id=417"},"modified":"2024-08-30T17:42:37","modified_gmt":"2024-08-30T17:42:37","slug":"lineas-tematicas","status":"publish","type":"page","link":"https:\/\/cts-chile.cl\/xiiencuentro\/lineas-tematicas\/","title":{"rendered":"L\u00edneas tem\u00e1ticas"},"content":{"rendered":"\n<p class=\"has-small-font-size\">La convocatoria para presentaciones en el <strong>XII Encuentro CTS-Chile<\/strong> abarca <strong>20 temas<\/strong> relacionados con diversos campos de los estudios CTS, organizados en siete \u00e1reas principales. Las propuestas de trabajo pueden vincularse a uno o m\u00e1s de estos temas, los cuales deber\u00e1n ser especificados al momento de la postulaci\u00f3n.<\/p>\n\n\n\n<hr class=\"wp-block-separator has-alpha-channel-opacity is-style-wide\"\/>\n\n\n\n<figure class=\"wp-block-image size-full\"><img data-recalc-dims=\"1\" loading=\"lazy\" decoding=\"async\" width=\"1024\" height=\"240\" src=\"https:\/\/i0.wp.com\/cts-chile.cl\/xiiencuentro\/wp-content\/uploads\/2024\/08\/banner1.jpg?resize=1024%2C240&#038;ssl=1\" alt=\"\" class=\"wp-image-1082\" srcset=\"https:\/\/i0.wp.com\/cts-chile.cl\/xiiencuentro\/wp-content\/uploads\/2024\/08\/banner1.jpg?w=1024&amp;ssl=1 1024w, https:\/\/i0.wp.com\/cts-chile.cl\/xiiencuentro\/wp-content\/uploads\/2024\/08\/banner1.jpg?resize=300%2C70&amp;ssl=1 300w, https:\/\/i0.wp.com\/cts-chile.cl\/xiiencuentro\/wp-content\/uploads\/2024\/08\/banner1.jpg?resize=768%2C180&amp;ssl=1 768w, https:\/\/i0.wp.com\/cts-chile.cl\/xiiencuentro\/wp-content\/uploads\/2024\/08\/banner1.jpg?resize=690%2C162&amp;ssl=1 690w, https:\/\/i0.wp.com\/cts-chile.cl\/xiiencuentro\/wp-content\/uploads\/2024\/08\/banner1.jpg?resize=800%2C188&amp;ssl=1 800w\" sizes=\"auto, (max-width: 1024px) 100vw, 1024px\" \/><\/figure>\n\n\n\n<p class=\"has-small-font-size\"><strong>Gobernanza, Pol\u00edticas P\u00fablicas y Procesos de Innovaci\u00f3n en Ciencia y Tecnolog\u00eda<\/strong><\/p>\n\n\n\n<p class=\"has-small-font-size\">Temas relacionados con la formulaci\u00f3n de pol\u00edticas, la gobernanza y los procesos de innovaci\u00f3n en ciencia y tecnolog\u00eda. Abordan c\u00f3mo se estructuran y regulan las pol\u00edticas cient\u00edficas y tecnol\u00f3gicas a nivel local e internacional, y c\u00f3mo estas influyen en el desarrollo econ\u00f3mico, social y cultural.<\/p>\n\n\n\n<div class=\"wp-block-columns is-layout-flex wp-container-core-columns-is-layout-9d6595d7 wp-block-columns-is-layout-flex\">\n<div class=\"wp-block-column is-layout-flow wp-block-column-is-layout-flow\">\n<p class=\"has-text-align-center has-small-font-size\"><strong>1. Gobernanza y pol\u00edticas p\u00fablicas en ciencia, tecnolog\u00eda e innovaci\u00f3n (CTI)<\/strong><\/p>\n<\/div>\n\n\n\n<div class=\"wp-block-column is-layout-flow wp-block-column-is-layout-flow\">\n<p class=\"has-text-align-center has-small-font-size\"><strong>2. Transformaci\u00f3n digital, futuro del trabajo y desigualdad social<\/strong><\/p>\n<\/div>\n\n\n\n<div class=\"wp-block-column is-layout-flow wp-block-column-is-layout-flow\">\n<p class=\"has-text-align-center has-small-font-size\"><strong>3. Internacionalizaci\u00f3n de la ciencia y diplomacia cient\u00edfica<\/strong><\/p>\n<\/div>\n<\/div>\n\n\n\n<hr class=\"wp-block-separator has-alpha-channel-opacity is-style-wide\"\/>\n\n\n\n<figure class=\"wp-block-image size-full\"><img data-recalc-dims=\"1\" loading=\"lazy\" decoding=\"async\" width=\"1024\" height=\"240\" src=\"https:\/\/i0.wp.com\/cts-chile.cl\/xiiencuentro\/wp-content\/uploads\/2024\/08\/banner2.jpg?resize=1024%2C240&#038;ssl=1\" alt=\"\" class=\"wp-image-1083\" srcset=\"https:\/\/i0.wp.com\/cts-chile.cl\/xiiencuentro\/wp-content\/uploads\/2024\/08\/banner2.jpg?w=1024&amp;ssl=1 1024w, https:\/\/i0.wp.com\/cts-chile.cl\/xiiencuentro\/wp-content\/uploads\/2024\/08\/banner2.jpg?resize=300%2C70&amp;ssl=1 300w, https:\/\/i0.wp.com\/cts-chile.cl\/xiiencuentro\/wp-content\/uploads\/2024\/08\/banner2.jpg?resize=768%2C180&amp;ssl=1 768w, https:\/\/i0.wp.com\/cts-chile.cl\/xiiencuentro\/wp-content\/uploads\/2024\/08\/banner2.jpg?resize=690%2C162&amp;ssl=1 690w, https:\/\/i0.wp.com\/cts-chile.cl\/xiiencuentro\/wp-content\/uploads\/2024\/08\/banner2.jpg?resize=800%2C188&amp;ssl=1 800w\" sizes=\"auto, (max-width: 1024px) 100vw, 1024px\" \/><\/figure>\n\n\n\n<p class=\"has-small-font-size\"><strong>Imaginarios Sociot\u00e9cnicos, Cultura y Representaciones de la Ciencia y la Tecnolog\u00eda<\/strong><\/p>\n\n\n\n<p class=\"has-small-font-size\">Temas que exploran las representaciones sociales y culturales de la ciencia y la tecnolog\u00eda, desde imaginarios y controversias sociot\u00e9cnicas hasta la interacci\u00f3n entre arte, cultura y tecnolog\u00eda. Se examinan las formas en que estas representaciones influyen en la percepci\u00f3n p\u00fablica y en la direcci\u00f3n del desarrollo tecnol\u00f3gico.<\/p>\n\n\n\n<div class=\"wp-block-columns is-layout-flex wp-container-core-columns-is-layout-9d6595d7 wp-block-columns-is-layout-flex\">\n<div class=\"wp-block-column is-layout-flow wp-block-column-is-layout-flow\">\n<p class=\"has-small-font-size\"><strong>4. Imaginarios sociot\u00e9cnicos y ficciones cient\u00edficas<\/strong><\/p>\n<\/div>\n\n\n\n<div class=\"wp-block-column is-layout-flow wp-block-column-is-layout-flow\">\n<p class=\"has-small-font-size\"><strong>5. Arte y tecnolog\u00eda: nuevas formas de expresi\u00f3n<\/strong><\/p>\n<\/div>\n\n\n\n<div class=\"wp-block-column is-layout-flow wp-block-column-is-layout-flow\"><\/div>\n<\/div>\n\n\n\n<hr class=\"wp-block-separator has-alpha-channel-opacity is-style-wide\"\/>\n\n\n\n<figure class=\"wp-block-image size-full\"><img data-recalc-dims=\"1\" loading=\"lazy\" decoding=\"async\" width=\"1024\" height=\"240\" src=\"https:\/\/i0.wp.com\/cts-chile.cl\/xiiencuentro\/wp-content\/uploads\/2024\/08\/banner3.jpg?resize=1024%2C240&#038;ssl=1\" alt=\"\" class=\"wp-image-1084\" srcset=\"https:\/\/i0.wp.com\/cts-chile.cl\/xiiencuentro\/wp-content\/uploads\/2024\/08\/banner3.jpg?w=1024&amp;ssl=1 1024w, https:\/\/i0.wp.com\/cts-chile.cl\/xiiencuentro\/wp-content\/uploads\/2024\/08\/banner3.jpg?resize=300%2C70&amp;ssl=1 300w, https:\/\/i0.wp.com\/cts-chile.cl\/xiiencuentro\/wp-content\/uploads\/2024\/08\/banner3.jpg?resize=768%2C180&amp;ssl=1 768w, https:\/\/i0.wp.com\/cts-chile.cl\/xiiencuentro\/wp-content\/uploads\/2024\/08\/banner3.jpg?resize=690%2C162&amp;ssl=1 690w, https:\/\/i0.wp.com\/cts-chile.cl\/xiiencuentro\/wp-content\/uploads\/2024\/08\/banner3.jpg?resize=800%2C188&amp;ssl=1 800w\" sizes=\"auto, (max-width: 1024px) 100vw, 1024px\" \/><\/figure>\n\n\n\n<p class=\"has-small-font-size\"><strong>Perspectiva de G\u00e9nero, Diversidad e Inclusi\u00f3n en Ciencia y Tecnolog\u00eda<\/strong><\/p>\n\n\n\n<p class=\"has-small-font-size\">Temas centrados en la inclusi\u00f3n y equidad en el \u00e1mbito de la ciencia y la tecnolog\u00eda, con un fuerte enfoque en la perspectiva de g\u00e9nero. Se aborda la importancia de la diversidad en la producci\u00f3n de conocimiento y en las pol\u00edticas de ciencia y tecnolog\u00eda.<\/p>\n\n\n\n<div class=\"wp-block-columns is-layout-flex wp-container-core-columns-is-layout-9d6595d7 wp-block-columns-is-layout-flex\">\n<div class=\"wp-block-column is-layout-flow wp-block-column-is-layout-flow\">\n<p class=\"has-small-font-size\"><strong>6. Perspectiva de g\u00e9nero y estudios feministas en ciencia y tecnolog\u00eda<\/strong><\/p>\n<\/div>\n\n\n\n<div class=\"wp-block-column is-layout-flow wp-block-column-is-layout-flow\">\n<p class=\"has-small-font-size\"><strong>7. Diversidad e inclusi\u00f3n en ciencia y tecnolog\u00eda<\/strong><\/p>\n<\/div>\n\n\n\n<div class=\"wp-block-column is-layout-flow wp-block-column-is-layout-flow\">\n<p class=\"has-small-font-size\"><strong>8. Educaci\u00f3n en ciencia y tecnolog\u00eda, con \u00e9nfasis en ni\u00f1as, ni\u00f1os y adolescentes<\/strong><\/p>\n<\/div>\n<\/div>\n\n\n\n<hr class=\"wp-block-separator has-alpha-channel-opacity is-style-wide\"\/>\n\n\n\n<figure class=\"wp-block-image size-full\"><img data-recalc-dims=\"1\" loading=\"lazy\" decoding=\"async\" width=\"1024\" height=\"240\" src=\"https:\/\/i0.wp.com\/cts-chile.cl\/xiiencuentro\/wp-content\/uploads\/2024\/08\/banner4.jpg?resize=1024%2C240&#038;ssl=1\" alt=\"\" class=\"wp-image-1085\" srcset=\"https:\/\/i0.wp.com\/cts-chile.cl\/xiiencuentro\/wp-content\/uploads\/2024\/08\/banner4.jpg?w=1024&amp;ssl=1 1024w, https:\/\/i0.wp.com\/cts-chile.cl\/xiiencuentro\/wp-content\/uploads\/2024\/08\/banner4.jpg?resize=300%2C70&amp;ssl=1 300w, https:\/\/i0.wp.com\/cts-chile.cl\/xiiencuentro\/wp-content\/uploads\/2024\/08\/banner4.jpg?resize=768%2C180&amp;ssl=1 768w, https:\/\/i0.wp.com\/cts-chile.cl\/xiiencuentro\/wp-content\/uploads\/2024\/08\/banner4.jpg?resize=690%2C162&amp;ssl=1 690w, https:\/\/i0.wp.com\/cts-chile.cl\/xiiencuentro\/wp-content\/uploads\/2024\/08\/banner4.jpg?resize=800%2C188&amp;ssl=1 800w\" sizes=\"auto, (max-width: 1024px) 100vw, 1024px\" \/><\/figure>\n\n\n\n<p class=\"has-small-font-size\"><strong>Innovaci\u00f3n Cient\u00edfico-Tecnol\u00f3gica, Medioambiente y Desarrollo Sostenible<\/strong><\/p>\n\n\n\n<p class=\"has-small-font-size\">Temas que exploran la relaci\u00f3n entre la innovaci\u00f3n tecnol\u00f3gica y el desarrollo sostenible, haciendo hincapi\u00e9 en las respuestas a los desaf\u00edos medioambientales desde un enfoque de los estudios CTS.<\/p>\n\n\n\n<div class=\"wp-block-columns is-layout-flex wp-container-core-columns-is-layout-9d6595d7 wp-block-columns-is-layout-flex\">\n<div class=\"wp-block-column is-layout-flow wp-block-column-is-layout-flow\">\n<p class=\"has-small-font-size\"><strong>9. Crisis clim\u00e1tica, medioambiente y tecnolog\u00edas sostenibles<\/strong><\/p>\n<\/div>\n\n\n\n<div class=\"wp-block-column is-layout-flow wp-block-column-is-layout-flow\">\n<p class=\"has-small-font-size\"><strong>10. Innovaci\u00f3n cient\u00edfico-tecnol\u00f3gica y desarrollo sostenible<\/strong><\/p>\n<\/div>\n\n\n\n<div class=\"wp-block-column is-layout-flow wp-block-column-is-layout-flow\">\n<p class=\"has-small-font-size\"><strong>11. Infraestructuras tecnol\u00f3gicas y desarrollo urbano<\/strong><\/p>\n<\/div>\n<\/div>\n\n\n\n<hr class=\"wp-block-separator has-alpha-channel-opacity is-style-wide\"\/>\n\n\n\n<figure class=\"wp-block-image size-full\"><img data-recalc-dims=\"1\" loading=\"lazy\" decoding=\"async\" width=\"1024\" height=\"240\" src=\"https:\/\/i0.wp.com\/cts-chile.cl\/xiiencuentro\/wp-content\/uploads\/2024\/08\/banner5.jpg?resize=1024%2C240&#038;ssl=1\" alt=\"\" class=\"wp-image-1086\" srcset=\"https:\/\/i0.wp.com\/cts-chile.cl\/xiiencuentro\/wp-content\/uploads\/2024\/08\/banner5.jpg?w=1024&amp;ssl=1 1024w, https:\/\/i0.wp.com\/cts-chile.cl\/xiiencuentro\/wp-content\/uploads\/2024\/08\/banner5.jpg?resize=300%2C70&amp;ssl=1 300w, https:\/\/i0.wp.com\/cts-chile.cl\/xiiencuentro\/wp-content\/uploads\/2024\/08\/banner5.jpg?resize=768%2C180&amp;ssl=1 768w, https:\/\/i0.wp.com\/cts-chile.cl\/xiiencuentro\/wp-content\/uploads\/2024\/08\/banner5.jpg?resize=690%2C162&amp;ssl=1 690w, https:\/\/i0.wp.com\/cts-chile.cl\/xiiencuentro\/wp-content\/uploads\/2024\/08\/banner5.jpg?resize=800%2C188&amp;ssl=1 800w\" sizes=\"auto, (max-width: 1024px) 100vw, 1024px\" \/><\/figure>\n\n\n\n<p class=\"has-small-font-size\"><strong>Conocimiento, Territorialidad y Disputas Epist\u00e9micas<\/strong><\/p>\n\n\n\n<p class=\"has-small-font-size\">Temas que abarcan estudios centrados en la distribuci\u00f3n, legitimaci\u00f3n y disputas del conocimiento en diferentes contextos culturales y territoriales. Se examina c\u00f3mo las relaciones de poder y la diversidad cultural influyen en la producci\u00f3n y la valoraci\u00f3n del conocimiento.<\/p>\n\n\n\n<div class=\"wp-block-columns is-layout-flex wp-container-core-columns-is-layout-9d6595d7 wp-block-columns-is-layout-flex\">\n<div class=\"wp-block-column is-layout-flow wp-block-column-is-layout-flow\">\n<p class=\"has-small-font-size\"><strong>12. Interculturalidad y disputas del conocimiento en contextos multiculturales<\/strong><\/p>\n<\/div>\n\n\n\n<div class=\"wp-block-column is-layout-flow wp-block-column-is-layout-flow\">\n<p class=\"has-small-font-size\"><strong>13. Aproximaci\u00f3n relacional a lo social: ciencia de redes sociales<\/strong><\/p>\n<\/div>\n\n\n\n<div class=\"wp-block-column is-layout-flow wp-block-column-is-layout-flow\">\n<p class=\"has-small-font-size\"><strong>14. Relaciones de conocimiento y territorios epist\u00e9micos<\/strong><\/p>\n<\/div>\n<\/div>\n\n\n\n<hr class=\"wp-block-separator has-alpha-channel-opacity is-style-wide\"\/>\n\n\n\n<figure class=\"wp-block-image size-full\"><img data-recalc-dims=\"1\" loading=\"lazy\" decoding=\"async\" width=\"1024\" height=\"240\" src=\"https:\/\/i0.wp.com\/cts-chile.cl\/xiiencuentro\/wp-content\/uploads\/2024\/08\/banner6.jpg?resize=1024%2C240&#038;ssl=1\" alt=\"\" class=\"wp-image-1087\" srcset=\"https:\/\/i0.wp.com\/cts-chile.cl\/xiiencuentro\/wp-content\/uploads\/2024\/08\/banner6.jpg?w=1024&amp;ssl=1 1024w, https:\/\/i0.wp.com\/cts-chile.cl\/xiiencuentro\/wp-content\/uploads\/2024\/08\/banner6.jpg?resize=300%2C70&amp;ssl=1 300w, https:\/\/i0.wp.com\/cts-chile.cl\/xiiencuentro\/wp-content\/uploads\/2024\/08\/banner6.jpg?resize=768%2C180&amp;ssl=1 768w, https:\/\/i0.wp.com\/cts-chile.cl\/xiiencuentro\/wp-content\/uploads\/2024\/08\/banner6.jpg?resize=690%2C162&amp;ssl=1 690w, https:\/\/i0.wp.com\/cts-chile.cl\/xiiencuentro\/wp-content\/uploads\/2024\/08\/banner6.jpg?resize=800%2C188&amp;ssl=1 800w\" sizes=\"auto, (max-width: 1024px) 100vw, 1024px\" \/><\/figure>\n\n\n\n<p class=\"has-small-font-size\"><strong>Activismos CTS y Apropiaci\u00f3n Social de la Ciencia<\/strong><\/p>\n\n\n\n<p class=\"has-small-font-size\">Temas que examinan el papel de los activismos y movimientos sociales en el \u00e1mbito CTS, con \u00e9nfasis en la participaci\u00f3n pol\u00edtica y social, as\u00ed como la divulgaci\u00f3n para la valoraci\u00f3n y comprensi\u00f3n p\u00fablica de la ciencia y la tecnolog\u00eda y sus efectos en la sociedad.<\/p>\n\n\n\n<div class=\"wp-block-columns is-layout-flex wp-container-core-columns-is-layout-9d6595d7 wp-block-columns-is-layout-flex\">\n<div class=\"wp-block-column is-layout-flow wp-block-column-is-layout-flow\">\n<p class=\"has-small-font-size\"><strong>15. Activismos CTS, redes sociales y participaci\u00f3n pol\u00edtica<\/strong><\/p>\n<\/div>\n\n\n\n<div class=\"wp-block-column is-layout-flow wp-block-column-is-layout-flow\">\n<p class=\"has-small-font-size\"><strong>16. Apropiaci\u00f3n social de la ciencia: Ciencia ciudadana e innovaci\u00f3n abierta<\/strong><\/p>\n<\/div>\n\n\n\n<div class=\"wp-block-column is-layout-flow wp-block-column-is-layout-flow\">\n<p class=\"has-small-font-size\"><strong>17. Estado y tecnolog\u00eda: efectos sobre la pol\u00edtica y la democracia<\/strong><\/p>\n<\/div>\n<\/div>\n\n\n\n<hr class=\"wp-block-separator has-alpha-channel-opacity is-style-wide\"\/>\n\n\n\n<figure class=\"wp-block-image size-full\"><img data-recalc-dims=\"1\" loading=\"lazy\" decoding=\"async\" width=\"1024\" height=\"240\" src=\"https:\/\/i0.wp.com\/cts-chile.cl\/xiiencuentro\/wp-content\/uploads\/2024\/08\/banner8.jpg?resize=1024%2C240&#038;ssl=1\" alt=\"\" class=\"wp-image-1089\" srcset=\"https:\/\/i0.wp.com\/cts-chile.cl\/xiiencuentro\/wp-content\/uploads\/2024\/08\/banner8.jpg?w=1024&amp;ssl=1 1024w, https:\/\/i0.wp.com\/cts-chile.cl\/xiiencuentro\/wp-content\/uploads\/2024\/08\/banner8.jpg?resize=300%2C70&amp;ssl=1 300w, https:\/\/i0.wp.com\/cts-chile.cl\/xiiencuentro\/wp-content\/uploads\/2024\/08\/banner8.jpg?resize=768%2C180&amp;ssl=1 768w, https:\/\/i0.wp.com\/cts-chile.cl\/xiiencuentro\/wp-content\/uploads\/2024\/08\/banner8.jpg?resize=690%2C162&amp;ssl=1 690w, https:\/\/i0.wp.com\/cts-chile.cl\/xiiencuentro\/wp-content\/uploads\/2024\/08\/banner8.jpg?resize=800%2C188&amp;ssl=1 800w\" sizes=\"auto, (max-width: 1024px) 100vw, 1024px\" \/><\/figure>\n\n\n\n<p class=\"has-small-font-size\"><strong>Historia, Filosof\u00eda y Estudios Cr\u00edticos de la Ciencia y la Tecnolog\u00eda<\/strong><\/p>\n\n\n\n<p class=\"has-small-font-size\">Temas que exploran las dimensiones hist\u00f3ricas, filos\u00f3ficas y cr\u00edticas del desarrollo cient\u00edfico y tecnol\u00f3gico, incluyendo la evaluaci\u00f3n de controversias y dilemas \u00e9ticos en estos campos.<\/p>\n\n\n\n<div class=\"wp-block-columns is-layout-flex wp-container-core-columns-is-layout-9d6595d7 wp-block-columns-is-layout-flex\">\n<div class=\"wp-block-column is-layout-flow wp-block-column-is-layout-flow\">\n<p class=\"has-small-font-size\"><strong>18. Estudios cr\u00edticos de la tecnolog\u00eda, con \u00e9nfasis en inteligencia artificial y rob\u00f3tica<\/strong><\/p>\n<\/div>\n\n\n\n<div class=\"wp-block-column is-layout-flow wp-block-column-is-layout-flow\">\n<p class=\"has-small-font-size\"><strong>19. Historia y filosof\u00eda de la ciencia y la tecnolog\u00eda en Latinoam\u00e9rica<\/strong><\/p>\n<\/div>\n\n\n\n<div class=\"wp-block-column is-layout-flow wp-block-column-is-layout-flow\">\n<p class=\"has-small-font-size\"><strong>20. Estudios sociales del conocimiento m\u00e9dico y la salud<\/strong><\/p>\n<\/div>\n<\/div>\n\n\n\n<hr class=\"wp-block-separator has-alpha-channel-opacity is-style-wide\"\/>\n","protected":false},"excerpt":{"rendered":"<p>La convocatoria para presentaciones en el XII Encuentro CTS-Chile abarca 20 temas relacionados con diversos campos de los estudios CTS, organizados en siete \u00e1reas principales. Las propuestas de trabajo pueden vincularse a uno o m\u00e1s de estos temas, los cuales deber\u00e1n ser especificados al momento de la postulaci\u00f3n. Gobernanza, Pol\u00edticas P\u00fablicas y Procesos de Innovaci\u00f3n&hellip;<\/p>\n<a class=\"read-more-link\" href=\" https:\/\/cts-chile.cl\/xiiencuentro\/lineas-tematicas\/ \">Read More<\/a>","protected":false},"author":1,"featured_media":0,"parent":0,"menu_order":0,"comment_status":"closed","ping_status":"closed","template":"","meta":{"footnotes":""},"class_list":["post-417","page","type-page","status-publish","hentry","col-md-4 col-sm-6"],"jetpack_sharing_enabled":true,"_links":{"self":[{"href":"https:\/\/cts-chile.cl\/xiiencuentro\/wp-json\/wp\/v2\/pages\/417","targetHints":{"allow":["GET"]}}],"collection":[{"href":"https:\/\/cts-chile.cl\/xiiencuentro\/wp-json\/wp\/v2\/pages"}],"about":[{"href":"https:\/\/cts-chile.cl\/xiiencuentro\/wp-json\/wp\/v2\/types\/page"}],"author":[{"embeddable":true,"href":"https:\/\/cts-chile.cl\/xiiencuentro\/wp-json\/wp\/v2\/users\/1"}],"replies":[{"embeddable":true,"href":"https:\/\/cts-chile.cl\/xiiencuentro\/wp-json\/wp\/v2\/comments?post=417"}],"version-history":[{"count":13,"href":"https:\/\/cts-chile.cl\/xiiencuentro\/wp-json\/wp\/v2\/pages\/417\/revisions"}],"predecessor-version":[{"id":1090,"href":"https:\/\/cts-chile.cl\/xiiencuentro\/wp-json\/wp\/v2\/pages\/417\/revisions\/1090"}],"wp:attachment":[{"href":"https:\/\/cts-chile.cl\/xiiencuentro\/wp-json\/wp\/v2\/media?parent=417"}],"curies":[{"name":"wp","href":"https:\/\/api.w.org\/{rel}","templated":true}]}}