{"id":292,"date":"2021-10-23T22:37:54","date_gmt":"2021-10-23T22:37:54","guid":{"rendered":"https:\/\/cts-chile.cl\/xiiencuentro\/?page_id=292"},"modified":"2024-10-22T01:18:13","modified_gmt":"2024-10-22T01:18:13","slug":"convocatoria","status":"publish","type":"page","link":"https:\/\/cts-chile.cl\/xiiencuentro\/convocatoria\/","title":{"rendered":"Convocatoria"},"content":{"rendered":"\n<p class=\"has-text-align-center has-regular-font-size\"><strong>XII Encuentro CTS-Chile 2025: Derribando Fronteras<br><em>Universidad T\u00e9cnica Federico Santa Mar\u00eda &#8211; Valpara\u00edso<\/em><\/strong><br><strong><em>6, 7 y 8 de enero de 2025<\/em><\/strong><\/p>\n\n\n\n<p class=\"has-small-font-size\">A principios de 2012 surge la <a href=\"https:\/\/www.cts-chile.cl\/\">Red Chilena de Ciencia, Tecnolog\u00eda y Sociedad (CTS-Chile)<\/a>, buscando aunar los esfuerzos de una diversidad de actores \u2013acad\u00e9micos y no acad\u00e9micos, con formaci\u00f3n en ciencias b\u00e1sicas y sociales, de instituciones chilenas y extranjeras\u2013 que desde hace varios a\u00f1os han buscado de desafiar la divisi\u00f3n estricta entre an\u00e1lisis de tipo tecnol\u00f3gico-cient\u00edfico versus social. En l\u00ednea con los desarrollos internacionales, la Red CTS-Chile se unifica bajo la convicci\u00f3n de que las tem\u00e1ticas cient\u00edfico-tecnol\u00f3gicas no pueden entenderse en profundidad sin considerar los aspectos de \u00edndole social, desde culturas nacionales hasta pr\u00e1cticas de trabajo locales.<\/p>\n\n\n\n<p class=\"has-small-font-size\">Desde su conformaci\u00f3n, la Red CTS-Chile se ha reunido anualmente en el encuentro interdisciplinar m\u00e1s grande en el pa\u00eds por m\u00e1s de una d\u00e9cada, dando lugar a un espacio de convergencia de diversos \u00e1mbitos del conocimiento.<\/p>\n\n\n\n<p class=\"has-small-font-size\">En su 12\u00b0 versi\u00f3n, este encuentro se realizar\u00e1 entre los d\u00edas <strong>6 y 8 de enero de 2025<\/strong> por primera vez en la <strong>Universidad T\u00e9cnica Federico Santa Mar\u00eda<\/strong> y por segunda vez en la ciudad de <strong>Valpara\u00edso<\/strong>.<\/p>\n\n\n\n<hr class=\"wp-block-separator has-alpha-channel-opacity is-style-wide\"\/>\n\n\n\n<p class=\"has-text-align-center has-small-font-size\"><strong>CONVOCATORIA A PRESENTACI\u00d3N DE PONENCIAS, P\u00d3STERS CIENT\u00cdFICOS, PROYECTOS MAKING &amp; DOING Y\/O MESAS TEM\u00c1TICAS<\/strong><\/p>\n\n\n\n<p class=\"has-small-font-size\">Se invita a la comunidad acad\u00e9mica, investigadora, profesional y estudiantil, a participar en el XII Encuentro CTS-Chile, que llevar\u00e1 por t\u00edtulo <strong>\u00abDerribando Fronteras\u00bb<\/strong>. Este lema refleja el car\u00e1cter multidisciplinar e interdisciplinar del evento, en el que se busca trascender los l\u00edmites tradicionales del conocimiento para abordar los desaf\u00edos contempor\u00e1neos desde perspectivas diversas y colaborativas.<\/p>\n\n\n\n<p class=\"has-small-font-size\">El Encuentro CTS-Chile es un espacio \u00fanico donde convergen ideas, enfoques y experiencias de diferentes disciplinas y \u00e1reas del saber. Este a\u00f1o, en l\u00ednea con el tema central, se busca explorar c\u00f3mo las fronteras entre ciencia, tecnolog\u00eda y sociedad se desdibujan, dando lugar a nuevas formas de entender, investigar e intervenir en el mundo que nos rodea. Proponemos derribar las barreras que separan los saberes, para construir juntos un di\u00e1logo que impulse soluciones innovadoras y socialmente responsables a los desaf\u00edos de nuestra \u00e9poca.<\/p>\n\n\n\n<p class=\"has-small-font-size\">Los trabajo ser\u00e1n evaluados por un <strong><a href=\"https:\/\/cts-chile.cl\/xiiencuentro\/comite-cientifico\/\" data-type=\"page\" data-id=\"1012\">Comit\u00e9 Cient\u00edfico<\/a><\/strong> compuesto por 12 miembros, en base a las <a href=\"https:\/\/cts-chile.cl\/xiiencuentro\/lineas-tematicas\/\" data-type=\"page\" data-id=\"417\"><strong>L\u00edneas Tem\u00e1ticas<\/strong><\/a> definidas para el encuentro.<\/p>\n\n\n\n<hr class=\"wp-block-separator has-alpha-channel-opacity is-style-wide\"\/>\n\n\n\n<p class=\"has-text-align-left has-small-font-size\"><strong>MODALIDADES<\/strong><\/p>\n\n\n\n<p class=\"has-small-font-size\"><strong>1. Ponencia: <\/strong>Presentaci\u00f3n oral en la que uno o m\u00e1s investigadores exponen los resultados, reflexiones y\/o avances de un tema de investigaci\u00f3n ante el p\u00fablico asistente al encuentro. La ponencia tendr\u00e1 una duraci\u00f3n de 15 minutos y se agrupar\u00e1 con otras ponencias de temas similares.<\/p>\n\n\n\n<p class=\"has-small-font-size\"><strong>2. Poster cient\u00edfico: <\/strong>Presentaci\u00f3n visual de una investigaci\u00f3n mediante un p\u00f3ster impreso que resume los aspectos claves del trabajo. El p\u00f3ster se exhibir\u00e1 en un espacio abierto durante un bloque exclusivo de 1 hora y 30 minutos, en el cual los autores deben estar presentes para interactuar con los asistentes. El p\u00f3ster debe ser impreso por los propios autores.<\/p>\n\n\n\n<p class=\"has-small-font-size\"><strong>3. Proyecto Making &amp; Doing: <\/strong>Presentaci\u00f3n pr\u00e1ctica de trabajos que integran la creaci\u00f3n, el dise\u00f1o y la experimentaci\u00f3n como formas de investigaci\u00f3n. Estos proyectos se presentar\u00e1n en un espacio abierto durante un bloque exclusivo de 1 hora y 30 minutos, donde los autores deben estar presentes para realizar demostraciones en vivo, instalaciones interactivas o exhibiciones que permitan a los asistentes experimentar directamente con el trabajo.<\/p>\n\n\n\n<p class=\"has-small-font-size\"><strong>4. Mesa tem\u00e1tica: <\/strong>Instancia organizada en torno a un tema espec\u00edfico y compuesta por al menos cuatro (4) investigadores previamente definidos. Cada mesa tendr\u00e1 una duraci\u00f3n de 1 hora y 30 minutos, donde los investigadores podr\u00e1n presentar y discutir sus trabajos ante el p\u00fablico, abordando el tema desde diferentes perspectivas pero de manera coherente y complementaria.<\/p>\n\n\n\n<hr class=\"wp-block-separator has-alpha-channel-opacity is-style-wide\"\/>\n\n\n\n<p class=\"has-small-font-size\"><strong>PLAZOS Y CONSIDERACIONES<\/strong><\/p>\n\n\n\n<ul class=\"wp-block-list\">\n<li class=\"has-small-font-size\">El plazo para la presentaci\u00f3n de contribuciones es el <strong>viernes 1 de noviembre de 2024<\/strong>. Los resultados ser\u00e1n informados a m\u00e1s tardar el d\u00eda <strong>lunes 18 de noviembre<\/strong>.<\/li>\n\n\n\n<li class=\"has-small-font-size\">Cada participante puede postular hasta con dos (2) diferentes contribuciones como autor\/a principal, que deben ser registradas como diferentes respuestas en el <a href=\"https:\/\/cts-chile.cl\/xiiencuentro\/registro-de-ponencias\/\" data-type=\"page\" data-id=\"1052\">formulario de inscripci\u00f3n<\/a>.<\/li>\n\n\n\n<li class=\"has-small-font-size\">La informaci\u00f3n solicitada en torno al trabajo considera: modalidad de presentaci\u00f3n, t\u00edtulo, resumen de m\u00e1ximo 250 palabras, palabras claves y <a href=\"https:\/\/cts-chile.cl\/xiiencuentro\/lineas-tematicas\/\" data-type=\"page\" data-id=\"417\">l\u00edneas tem\u00e1ticas<\/a> relacionadas. Esta informaci\u00f3n es obligatoria para postular.<\/li>\n\n\n\n<li class=\"has-small-font-size\"><strong>Aquellos trabajos seleccionados deber\u00e1n cancelar un monto \u00fanico de $10.000 al momento de confirmar su participaci\u00f3n.<\/strong> En el caso de las mesas tem\u00e1ticas, se deber\u00e1 cancelar dicho monto por cada investigador que participe como ponente. Estudiantes de pregrado que sean seleccionados bajo alguna de las modalidades de presentaci\u00f3n, quedan eximidos de cancelar este monto. Este cobro busca comprometer la participaci\u00f3n en el encuentro de las personas asociadas a los trabajos seleccionados.<\/li>\n\n\n\n<li class=\"has-small-font-size\">Los recursos generados por esta inscripci\u00f3n se dividir\u00e1n en tres partes iguales: una destinada a apoyar los gastos operativos del encuentro, otra para apoyar costos de traslados y\/o alojamiento de estudiantes asociados al <a href=\"https:\/\/cts-chile.cl\/xiiencuentro\/mentorias\/\" data-type=\"page\" data-id=\"1140\">programa de mentor\u00edas<\/a> de la Red, y la \u00faltima, quedar\u00e1 a disposici\u00f3n de la organizaci\u00f3n del siguiente encuentro.<\/li>\n\n\n\n<li class=\"has-small-font-size\">Las personas que participen presentando durante el encuentro, obtendr\u00e1n m\u00e1s tarde su respectivo certificado de participaci\u00f3n.<\/li>\n\n\n\n<li class=\"has-small-font-size\">Las presentaciones en modalidad ponencia y mesa tem\u00e1tica pueden realizarse de forma h\u00edbrida o virtual. No obstante, <strong>se priorizar\u00e1 durante la selecci\u00f3n las presentaciones presenciales<\/strong>.<\/li>\n\n\n\n<li class=\"has-small-font-size\">Las presentaciones en modalidad p\u00f3ster cient\u00edfico y proyecto making &amp; doing, deben realizarse obligatoriamente de forma presencial.<\/li>\n\n\n\n<li class=\"has-small-font-size\">Dudas, consultas y comentarios pueden realizarse al correo electr\u00f3nico <a href=\"mailto:admin@cts-chile.cl\"><strong>admin@cts-chile.cl<\/strong><\/a>.<\/li>\n<\/ul>\n\n\n\n<hr class=\"wp-block-separator has-alpha-channel-opacity is-style-wide\"\/>\n\n\n\n<div class=\"wp-block-columns is-layout-flex wp-container-core-columns-is-layout-9d6595d7 wp-block-columns-is-layout-flex\">\n<div class=\"wp-block-column is-layout-flow wp-block-column-is-layout-flow\">\n<div class=\"wp-block-cover is-light\" style=\"min-height:220px;aspect-ratio:unset;\"><span aria-hidden=\"true\" class=\"wp-block-cover__background has-background-dim-0 has-background-dim\"><\/span><img data-recalc-dims=\"1\" loading=\"lazy\" decoding=\"async\" width=\"400\" height=\"400\" class=\"wp-block-cover__image-background wp-image-1117\" alt=\"\" src=\"https:\/\/i0.wp.com\/cts-chile.cl\/xiiencuentro\/wp-content\/uploads\/2024\/09\/gris.jpg?resize=400%2C400&#038;ssl=1\" data-object-fit=\"cover\" srcset=\"https:\/\/i0.wp.com\/cts-chile.cl\/xiiencuentro\/wp-content\/uploads\/2024\/09\/gris.jpg?w=400&amp;ssl=1 400w, https:\/\/i0.wp.com\/cts-chile.cl\/xiiencuentro\/wp-content\/uploads\/2024\/09\/gris.jpg?resize=300%2C300&amp;ssl=1 300w, https:\/\/i0.wp.com\/cts-chile.cl\/xiiencuentro\/wp-content\/uploads\/2024\/09\/gris.jpg?resize=150%2C150&amp;ssl=1 150w\" sizes=\"auto, (max-width: 400px) 100vw, 400px\" \/><div class=\"wp-block-cover__inner-container is-layout-flow wp-block-cover-is-layout-flow\">\n<p class=\"has-text-align-center has-text-color has-link-color has-regular-font-size wp-elements-aedacfa86f7620ef003191d22c6a0bfc\" style=\"color:#666666\"><strong><a href=\"https:\/\/cts-chile.cl\/xiiencuentro\/registro-de-ponencias\/\" data-type=\"page\" data-id=\"1052\">Postula aqu\u00ed<\/a><\/strong><\/p>\n<\/div><\/div>\n<\/div>\n\n\n\n<div class=\"wp-block-column is-layout-flow wp-block-column-is-layout-flow\">\n<div class=\"wp-block-cover is-light\" style=\"min-height:220px;aspect-ratio:unset;\"><span aria-hidden=\"true\" class=\"wp-block-cover__background has-background-dim-0 has-background-dim\"><\/span><img data-recalc-dims=\"1\" loading=\"lazy\" decoding=\"async\" width=\"400\" height=\"400\" class=\"wp-block-cover__image-background wp-image-1117\" alt=\"\" src=\"https:\/\/i0.wp.com\/cts-chile.cl\/xiiencuentro\/wp-content\/uploads\/2024\/09\/gris.jpg?resize=400%2C400&#038;ssl=1\" data-object-fit=\"cover\" srcset=\"https:\/\/i0.wp.com\/cts-chile.cl\/xiiencuentro\/wp-content\/uploads\/2024\/09\/gris.jpg?w=400&amp;ssl=1 400w, https:\/\/i0.wp.com\/cts-chile.cl\/xiiencuentro\/wp-content\/uploads\/2024\/09\/gris.jpg?resize=300%2C300&amp;ssl=1 300w, https:\/\/i0.wp.com\/cts-chile.cl\/xiiencuentro\/wp-content\/uploads\/2024\/09\/gris.jpg?resize=150%2C150&amp;ssl=1 150w\" sizes=\"auto, (max-width: 400px) 100vw, 400px\" \/><div class=\"wp-block-cover__inner-container is-layout-flow wp-block-cover-is-layout-flow\">\n<p class=\"has-text-align-center has-text-color has-link-color has-regular-font-size wp-elements-8cdc983479cf84cf6ab5d59a8e58f6d1\" style=\"color:#666666\"><strong><a href=\"https:\/\/cts-chile.cl\/xiiencuentro\/lineas-tematicas\/\" data-type=\"page\" data-id=\"417\">L\u00edneas tem\u00e1ticas<\/a><\/strong><\/p>\n<\/div><\/div>\n<\/div>\n\n\n\n<div class=\"wp-block-column is-layout-flow wp-block-column-is-layout-flow\">\n<div class=\"wp-block-cover is-light\" style=\"min-height:220px;aspect-ratio:unset;\"><span aria-hidden=\"true\" class=\"wp-block-cover__background has-background-dim-0 has-background-dim\"><\/span><img data-recalc-dims=\"1\" loading=\"lazy\" decoding=\"async\" width=\"400\" height=\"400\" class=\"wp-block-cover__image-background wp-image-1117\" alt=\"\" src=\"https:\/\/i0.wp.com\/cts-chile.cl\/xiiencuentro\/wp-content\/uploads\/2024\/09\/gris.jpg?resize=400%2C400&#038;ssl=1\" data-object-fit=\"cover\" srcset=\"https:\/\/i0.wp.com\/cts-chile.cl\/xiiencuentro\/wp-content\/uploads\/2024\/09\/gris.jpg?w=400&amp;ssl=1 400w, https:\/\/i0.wp.com\/cts-chile.cl\/xiiencuentro\/wp-content\/uploads\/2024\/09\/gris.jpg?resize=300%2C300&amp;ssl=1 300w, https:\/\/i0.wp.com\/cts-chile.cl\/xiiencuentro\/wp-content\/uploads\/2024\/09\/gris.jpg?resize=150%2C150&amp;ssl=1 150w\" sizes=\"auto, (max-width: 400px) 100vw, 400px\" \/><div class=\"wp-block-cover__inner-container is-layout-flow wp-block-cover-is-layout-flow\">\n<p class=\"has-text-align-center has-text-color has-link-color has-regular-font-size wp-elements-699a6e61cf76cc3d6bc8c7d61a8504bd\" style=\"color:#666666\"><strong><a href=\"https:\/\/cts-chile.cl\/xiiencuentro\/comite-cientifico\/\" data-type=\"page\" data-id=\"1012\">Comit\u00e9 cient\u00edfico<\/a><\/strong><\/p>\n<\/div><\/div>\n<\/div>\n<\/div>\n\n\n\n<hr class=\"wp-block-separator has-alpha-channel-opacity is-style-wide\"\/>\n","protected":false},"excerpt":{"rendered":"<p>XII Encuentro CTS-Chile 2025: Derribando FronterasUniversidad T\u00e9cnica Federico Santa Mar\u00eda &#8211; Valpara\u00edso6, 7 y 8 de enero de 2025 A principios de 2012 surge la Red Chilena de Ciencia, Tecnolog\u00eda y Sociedad (CTS-Chile), buscando aunar los esfuerzos de una diversidad de actores \u2013acad\u00e9micos y no acad\u00e9micos, con formaci\u00f3n en ciencias b\u00e1sicas y sociales, de instituciones&hellip;<\/p>\n<a class=\"read-more-link\" href=\" https:\/\/cts-chile.cl\/xiiencuentro\/convocatoria\/ \">Read More<\/a>","protected":false},"author":1,"featured_media":0,"parent":0,"menu_order":0,"comment_status":"closed","ping_status":"closed","template":"","meta":{"footnotes":""},"class_list":["post-292","page","type-page","status-publish","hentry","col-md-4 col-sm-6"],"jetpack_sharing_enabled":true,"_links":{"self":[{"href":"https:\/\/cts-chile.cl\/xiiencuentro\/wp-json\/wp\/v2\/pages\/292","targetHints":{"allow":["GET"]}}],"collection":[{"href":"https:\/\/cts-chile.cl\/xiiencuentro\/wp-json\/wp\/v2\/pages"}],"about":[{"href":"https:\/\/cts-chile.cl\/xiiencuentro\/wp-json\/wp\/v2\/types\/page"}],"author":[{"embeddable":true,"href":"https:\/\/cts-chile.cl\/xiiencuentro\/wp-json\/wp\/v2\/users\/1"}],"replies":[{"embeddable":true,"href":"https:\/\/cts-chile.cl\/xiiencuentro\/wp-json\/wp\/v2\/comments?post=292"}],"version-history":[{"count":14,"href":"https:\/\/cts-chile.cl\/xiiencuentro\/wp-json\/wp\/v2\/pages\/292\/revisions"}],"predecessor-version":[{"id":1161,"href":"https:\/\/cts-chile.cl\/xiiencuentro\/wp-json\/wp\/v2\/pages\/292\/revisions\/1161"}],"wp:attachment":[{"href":"https:\/\/cts-chile.cl\/xiiencuentro\/wp-json\/wp\/v2\/media?parent=292"}],"curies":[{"name":"wp","href":"https:\/\/api.w.org\/{rel}","templated":true}]}}