{"id":1229,"date":"2024-12-30T13:24:58","date_gmt":"2024-12-30T13:24:58","guid":{"rendered":"https:\/\/cts-chile.cl\/xiiencuentro\/?page_id=1229"},"modified":"2024-12-31T00:38:21","modified_gmt":"2024-12-31T00:38:21","slug":"participa-de-la-cena","status":"publish","type":"page","link":"https:\/\/cts-chile.cl\/xiiencuentro\/participa-de-la-cena\/","title":{"rendered":"\u00a1Participa de la cena!"},"content":{"rendered":"\n<hr class=\"wp-block-separator has-alpha-channel-opacity is-style-wide\"\/>\n\n\n\n<p class=\"has-text-align-center\"><strong><a href=\"https:\/\/forms.gle\/CuwwHk4aygVAwFqt5\">REGISTRA TU PARTICIPACI\u00d3N AQU\u00cd<\/a><\/strong><\/p>\n\n\n\n<hr class=\"wp-block-separator has-alpha-channel-opacity is-style-wide\"\/>\n\n\n\n<p>Te invitamos cordialmente a la <strong>Cena del XII Encuentro CTS-Chile<\/strong>, que se realizar\u00e1 el pr\u00f3ximo <strong>martes 7 de enero, de 20:00 a 23:00 horas<\/strong>, en el <strong>bar restor\u00e1n Flora<\/strong>, ubicado en <strong><a href=\"https:\/\/maps.app.goo.gl\/ogG3cZC4FTnykE2M7\">Paseo Dimalow 167, Cerro Alegre, Valpara\u00edso<\/a><\/strong>.<\/p>\n\n\n\n<p>Flora est\u00e1 situado en uno de los sectores m\u00e1s ic\u00f3nicos y tur\u00edsticos de Valpara\u00edso, en pleno coraz\u00f3n del barrio patrimonial. Adem\u00e1s de su propuesta gastron\u00f3mica, podr\u00e1s disfrutar de una <strong>hermosa vista a los cerros de Valpara\u00edso<\/strong> y vivir una velada \u00fanica.<\/p>\n\n\n\n<p>La noche estar\u00e1 acompa\u00f1ada por la mejor <strong>m\u00fasica tradicional del puerto en vivo<\/strong> a cargo de la agrupaci\u00f3n <strong>Flor Canela<\/strong>, quienes deleitar\u00e1n con un repertorio de <strong>boleros, valses y cuecas<\/strong>, evocando la esencia de la bohemia porte\u00f1a.<\/p>\n\n\n\n<hr class=\"wp-block-separator has-alpha-channel-opacity is-style-wide\"\/>\n\n\n\n<p><strong>Informaci\u00f3n importante:<\/strong><\/p>\n\n\n\n<ul class=\"wp-block-list\">\n<li><strong>Costo por persona:<\/strong> $35.000 (disponible solo para asistentes registrados al Encuentro).<\/li>\n\n\n\n<li><strong>Cupo m\u00e1ximo:<\/strong> 120 personas.<\/li>\n\n\n\n<li><strong>Plazo de inscripci\u00f3n: <\/strong>Domingo 5 de enero de 2025.<\/li>\n\n\n\n<li><strong>Formulario de inscripci\u00f3n:<\/strong> <a href=\"https:\/\/forms.gle\/VGYikLaTQQyJ5EwP7\">https:\/\/forms.gle\/VGYikLaTQQyJ5EwP7<\/a><\/li>\n<\/ul>\n\n\n\n<h4 class=\"wp-block-heading\">Proceso de inscripci\u00f3n:<\/h4>\n\n\n\n<ol class=\"wp-block-list\">\n<li>Realiza la transferencia bancaria antes de completar el formulario de inscripci\u00f3n.<br>Datos para la transferencia:\n<ul class=\"wp-block-list\">\n<li>Banco Estado<\/li>\n\n\n\n<li>Cuenta Rut N\u00b0: 17476720<\/li>\n\n\n\n<li>Nombre: Jorge Maldonado Soto<\/li>\n\n\n\n<li>RUT: 17.476.720-3<\/li>\n\n\n\n<li>Correo electr\u00f3nico: <a>admin@cts-chile.cl<\/a><br><\/li>\n<\/ul>\n<\/li>\n\n\n\n<li>Adjunta el comprobante de pago al formulario de inscripci\u00f3n.<\/li>\n<\/ol>\n\n\n\n<h4 class=\"wp-block-heading\">\u00bfC\u00f3mo llegar?<\/h4>\n\n\n\n<ul class=\"wp-block-list\">\n<li>Desde el plan de la ciudad: sube por el <strong>Ascensor Reina Victoria<\/strong>. M\u00e1s informaci\u00f3n <a href=\"https:\/\/www.instagram.com\/p\/DCz8m4vNPpA\/\">aqu\u00ed<\/a>.<\/li>\n\n\n\n<li>En veh\u00edculo o transporte privado (taxi o Uber): sube por la <strong>calle Almirante Montt<\/strong>.<\/li>\n<\/ul>\n\n\n\n<p>Conoce m\u00e1s sobre Flora Bar Restaurant en su <a href=\"https:\/\/www.instagram.com\/p\/DC7q9iDq-CF\/\">Instagram oficial<\/a>.<\/p>\n\n\n\n<p><strong>\u00bfAlguna duda sobre la cena? Escr\u00edbenos a<\/strong> <a>admin@cts-chile.cl<\/a>.<\/p>\n\n\n\n<hr class=\"wp-block-separator has-alpha-channel-opacity is-style-wide\"\/>\n\n\n\n<p><strong>El men\u00fa incluye por persona:<\/strong><\/p>\n\n\n\n<ul class=\"wp-block-list\">\n<li>Entrada, plato de fondo y postre (1 opci\u00f3n de cada uno)<\/li>\n\n\n\n<li>1 aperitivo de bienvenida (copa de espumante o pisco sour)<\/li>\n\n\n\n<li>2 l\u00edquidos a elecci\u00f3n entre: Copa de vino, schop 350cc, jugo, bebida, agua mineral, destilados (pisco, ron, vodka).<\/li>\n<\/ul>\n\n\n\n<p><strong>Entrada<\/strong><\/p>\n\n\n\n<ul class=\"wp-block-list\">\n<li>Crema de vegetales<\/li>\n\n\n\n<li>Ensalada de la casa (Mix de hojas verdes, tomates Cherry, alcaparras, queso de cabra, dressing bals\u00e1mico y almendras crocantes)<\/li>\n<\/ul>\n\n\n\n<p><strong>Fondo<\/strong><\/p>\n\n\n\n<ul class=\"wp-block-list\">\n<li>Papillote de pescado con verduras<\/li>\n\n\n\n<li>Vacuno en cocci\u00f3n lenta acompa\u00f1ado de humus de zanahoria, macerado de frutos rojos y vegetales asados<\/li>\n\n\n\n<li>Pasta Thai con camarones (fetuccini artesanal salteado con zuccini, morrones, ceboll\u00edn, zanahoria, aceite de s\u00e9samo blanco, soya y salteado de camarones)<\/li>\n<\/ul>\n\n\n\n<p><strong>Postre<\/strong><\/p>\n\n\n\n<ul class=\"wp-block-list\">\n<li>Leche asada<\/li>\n\n\n\n<li>Panacota con frutos rojos<\/li>\n\n\n\n<li>Helado artesanal<\/li>\n<\/ul>\n\n\n\n<hr class=\"wp-block-separator has-alpha-channel-opacity is-style-wide\"\/>\n\n\n\n<figure class=\"wp-block-gallery has-nested-images columns-default is-cropped wp-block-gallery-1 is-layout-flex wp-block-gallery-is-layout-flex\">\n<figure class=\"wp-block-image size-large\"><img data-recalc-dims=\"1\" loading=\"lazy\" decoding=\"async\" width=\"483\" height=\"362\" data-id=\"1232\" src=\"https:\/\/i0.wp.com\/cts-chile.cl\/xiiencuentro\/wp-content\/uploads\/2024\/12\/01.jpg?resize=483%2C362&#038;ssl=1\" alt=\"\" class=\"wp-image-1232\" srcset=\"https:\/\/i0.wp.com\/cts-chile.cl\/xiiencuentro\/wp-content\/uploads\/2024\/12\/01.jpg?w=483&amp;ssl=1 483w, https:\/\/i0.wp.com\/cts-chile.cl\/xiiencuentro\/wp-content\/uploads\/2024\/12\/01.jpg?resize=300%2C225&amp;ssl=1 300w\" sizes=\"auto, (max-width: 483px) 100vw, 483px\" \/><\/figure>\n\n\n\n<figure class=\"wp-block-image size-large\"><img data-recalc-dims=\"1\" loading=\"lazy\" decoding=\"async\" width=\"563\" height=\"422\" data-id=\"1234\" src=\"https:\/\/i0.wp.com\/cts-chile.cl\/xiiencuentro\/wp-content\/uploads\/2024\/12\/02.jpg?resize=563%2C422&#038;ssl=1\" alt=\"\" class=\"wp-image-1234\" srcset=\"https:\/\/i0.wp.com\/cts-chile.cl\/xiiencuentro\/wp-content\/uploads\/2024\/12\/02.jpg?w=563&amp;ssl=1 563w, https:\/\/i0.wp.com\/cts-chile.cl\/xiiencuentro\/wp-content\/uploads\/2024\/12\/02.jpg?resize=300%2C225&amp;ssl=1 300w\" sizes=\"auto, (max-width: 563px) 100vw, 563px\" \/><\/figure>\n\n\n\n<figure class=\"wp-block-image size-large\"><img data-recalc-dims=\"1\" loading=\"lazy\" decoding=\"async\" width=\"483\" height=\"362\" data-id=\"1233\" src=\"https:\/\/i0.wp.com\/cts-chile.cl\/xiiencuentro\/wp-content\/uploads\/2024\/12\/03.jpg?resize=483%2C362&#038;ssl=1\" alt=\"\" class=\"wp-image-1233\" srcset=\"https:\/\/i0.wp.com\/cts-chile.cl\/xiiencuentro\/wp-content\/uploads\/2024\/12\/03.jpg?w=483&amp;ssl=1 483w, https:\/\/i0.wp.com\/cts-chile.cl\/xiiencuentro\/wp-content\/uploads\/2024\/12\/03.jpg?resize=300%2C225&amp;ssl=1 300w\" sizes=\"auto, (max-width: 483px) 100vw, 483px\" \/><\/figure>\n\n\n\n<figure class=\"wp-block-image size-large\"><img data-recalc-dims=\"1\" loading=\"lazy\" decoding=\"async\" width=\"483\" height=\"362\" data-id=\"1235\" src=\"https:\/\/i0.wp.com\/cts-chile.cl\/xiiencuentro\/wp-content\/uploads\/2024\/12\/04.jpg?resize=483%2C362&#038;ssl=1\" alt=\"\" class=\"wp-image-1235\" srcset=\"https:\/\/i0.wp.com\/cts-chile.cl\/xiiencuentro\/wp-content\/uploads\/2024\/12\/04.jpg?w=483&amp;ssl=1 483w, https:\/\/i0.wp.com\/cts-chile.cl\/xiiencuentro\/wp-content\/uploads\/2024\/12\/04.jpg?resize=300%2C225&amp;ssl=1 300w\" sizes=\"auto, (max-width: 483px) 100vw, 483px\" \/><\/figure>\n\n\n\n<figure class=\"wp-block-image size-large\"><img data-recalc-dims=\"1\" loading=\"lazy\" decoding=\"async\" width=\"483\" height=\"362\" data-id=\"1236\" src=\"https:\/\/i0.wp.com\/cts-chile.cl\/xiiencuentro\/wp-content\/uploads\/2024\/12\/05.jpg?resize=483%2C362&#038;ssl=1\" alt=\"\" class=\"wp-image-1236\" srcset=\"https:\/\/i0.wp.com\/cts-chile.cl\/xiiencuentro\/wp-content\/uploads\/2024\/12\/05.jpg?w=483&amp;ssl=1 483w, https:\/\/i0.wp.com\/cts-chile.cl\/xiiencuentro\/wp-content\/uploads\/2024\/12\/05.jpg?resize=300%2C225&amp;ssl=1 300w\" sizes=\"auto, (max-width: 483px) 100vw, 483px\" \/><\/figure>\n<\/figure>\n","protected":false},"excerpt":{"rendered":"<p>REGISTRA TU PARTICIPACI\u00d3N AQU\u00cd Te invitamos cordialmente a la Cena del XII Encuentro CTS-Chile, que se realizar\u00e1 el pr\u00f3ximo martes 7 de enero, de 20:00 a 23:00 horas, en el bar restor\u00e1n Flora, ubicado en Paseo Dimalow 167, Cerro Alegre, Valpara\u00edso. Flora est\u00e1 situado en uno de los sectores m\u00e1s ic\u00f3nicos y tur\u00edsticos de Valpara\u00edso,&hellip;<\/p>\n<a class=\"read-more-link\" href=\" https:\/\/cts-chile.cl\/xiiencuentro\/participa-de-la-cena\/ \">Read More<\/a>","protected":false},"author":2,"featured_media":0,"parent":0,"menu_order":0,"comment_status":"closed","ping_status":"closed","template":"","meta":{"footnotes":""},"class_list":["post-1229","page","type-page","status-publish","hentry","col-md-4 col-sm-6"],"jetpack_sharing_enabled":true,"_links":{"self":[{"href":"https:\/\/cts-chile.cl\/xiiencuentro\/wp-json\/wp\/v2\/pages\/1229","targetHints":{"allow":["GET"]}}],"collection":[{"href":"https:\/\/cts-chile.cl\/xiiencuentro\/wp-json\/wp\/v2\/pages"}],"about":[{"href":"https:\/\/cts-chile.cl\/xiiencuentro\/wp-json\/wp\/v2\/types\/page"}],"author":[{"embeddable":true,"href":"https:\/\/cts-chile.cl\/xiiencuentro\/wp-json\/wp\/v2\/users\/2"}],"replies":[{"embeddable":true,"href":"https:\/\/cts-chile.cl\/xiiencuentro\/wp-json\/wp\/v2\/comments?post=1229"}],"version-history":[{"count":12,"href":"https:\/\/cts-chile.cl\/xiiencuentro\/wp-json\/wp\/v2\/pages\/1229\/revisions"}],"predecessor-version":[{"id":1253,"href":"https:\/\/cts-chile.cl\/xiiencuentro\/wp-json\/wp\/v2\/pages\/1229\/revisions\/1253"}],"wp:attachment":[{"href":"https:\/\/cts-chile.cl\/xiiencuentro\/wp-json\/wp\/v2\/media?parent=1229"}],"curies":[{"name":"wp","href":"https:\/\/api.w.org\/{rel}","templated":true}]}}