{"id":1140,"date":"2024-09-03T15:48:06","date_gmt":"2024-09-03T15:48:06","guid":{"rendered":"https:\/\/cts-chile.cl\/xiiencuentro\/?page_id=1140"},"modified":"2024-11-14T11:33:05","modified_gmt":"2024-11-14T11:33:05","slug":"mentorias","status":"publish","type":"page","link":"https:\/\/cts-chile.cl\/xiiencuentro\/mentorias\/","title":{"rendered":"Programa de Mentor\u00edas"},"content":{"rendered":"\n<hr class=\"wp-block-separator has-alpha-channel-opacity is-style-wide\"\/>\n\n\n\n<div class=\"wp-block-columns is-layout-flex wp-container-core-columns-is-layout-9d6595d7 wp-block-columns-is-layout-flex\">\n<div class=\"wp-block-column is-vertically-aligned-center is-layout-flow wp-block-column-is-layout-flow\">\n<figure class=\"wp-block-image size-large is-style-default\"><img data-recalc-dims=\"1\" loading=\"lazy\" decoding=\"async\" width=\"731\" height=\"1024\" src=\"https:\/\/i0.wp.com\/cts-chile.cl\/xiiencuentro\/wp-content\/uploads\/2024\/09\/Poster-Chico-Sin-Moverse.jpg?resize=731%2C1024&#038;ssl=1\" alt=\"\" class=\"wp-image-1154\" srcset=\"https:\/\/i0.wp.com\/cts-chile.cl\/xiiencuentro\/wp-content\/uploads\/2024\/09\/Poster-Chico-Sin-Moverse-scaled.jpg?resize=731%2C1024&amp;ssl=1 731w, https:\/\/i0.wp.com\/cts-chile.cl\/xiiencuentro\/wp-content\/uploads\/2024\/09\/Poster-Chico-Sin-Moverse-scaled.jpg?resize=214%2C300&amp;ssl=1 214w, https:\/\/i0.wp.com\/cts-chile.cl\/xiiencuentro\/wp-content\/uploads\/2024\/09\/Poster-Chico-Sin-Moverse-scaled.jpg?resize=768%2C1075&amp;ssl=1 768w, https:\/\/i0.wp.com\/cts-chile.cl\/xiiencuentro\/wp-content\/uploads\/2024\/09\/Poster-Chico-Sin-Moverse-scaled.jpg?resize=1097%2C1536&amp;ssl=1 1097w, https:\/\/i0.wp.com\/cts-chile.cl\/xiiencuentro\/wp-content\/uploads\/2024\/09\/Poster-Chico-Sin-Moverse-scaled.jpg?resize=1463%2C2048&amp;ssl=1 1463w, https:\/\/i0.wp.com\/cts-chile.cl\/xiiencuentro\/wp-content\/uploads\/2024\/09\/Poster-Chico-Sin-Moverse-scaled.jpg?resize=690%2C966&amp;ssl=1 690w, https:\/\/i0.wp.com\/cts-chile.cl\/xiiencuentro\/wp-content\/uploads\/2024\/09\/Poster-Chico-Sin-Moverse-scaled.jpg?resize=1317%2C1844&amp;ssl=1 1317w, https:\/\/i0.wp.com\/cts-chile.cl\/xiiencuentro\/wp-content\/uploads\/2024\/09\/Poster-Chico-Sin-Moverse-scaled.jpg?resize=800%2C1120&amp;ssl=1 800w, https:\/\/i0.wp.com\/cts-chile.cl\/xiiencuentro\/wp-content\/uploads\/2024\/09\/Poster-Chico-Sin-Moverse-scaled.jpg?resize=1400%2C1960&amp;ssl=1 1400w, https:\/\/i0.wp.com\/cts-chile.cl\/xiiencuentro\/wp-content\/uploads\/2024\/09\/Poster-Chico-Sin-Moverse-scaled.jpg?w=1829&amp;ssl=1 1829w\" sizes=\"auto, (max-width: 731px) 100vw, 731px\" \/><\/figure>\n<\/div>\n\n\n\n<div class=\"wp-block-column is-layout-flow wp-block-column-is-layout-flow\">\n<p class=\"has-small-font-size\">Te invitamos a participar en la segunda versi\u00f3n del<strong> Programa de Mentor\u00edas de la Red CTS-Chile<\/strong>! <\/p>\n\n\n\n<p class=\"has-small-font-size\">El Programa tiene por objetivo crear un espacio de formaci\u00f3n y oportunidades de networking para el crecimiento profesional\/acad\u00e9mico de <strong>estudiantes de pregrado, estudiantes de mag\u00edster, reci\u00e9n egresades y profesionales afines a esta comunidad<\/strong>, destacando la interdisciplina, cuidado mutuo y colaboraci\u00f3n.<\/p>\n\n\n\n<p class=\"has-small-font-size\">Se organiza en torno a reuniones individuales con mentores y otros\/as participantes de la Red CTS-Chile y talleres afines a los objetivos del programa (Comunicaci\u00f3n de la Ciencia e Interdisciplina), y de paso, fomentando la participaci\u00f3n en el Encuentro CTS-Chile a realizarse en Enero de 2025 en Valpara\u00edso. La participaci\u00f3n se extender\u00e1 de <strong>Octubre de 2024 a Mayo de 2025<\/strong>.<\/p>\n\n\n\n<p class=\"has-small-font-size\"><strong>Postulaciones cerradas.<\/strong><\/p>\n<\/div>\n<\/div>\n\n\n\n<hr class=\"wp-block-separator has-alpha-channel-opacity is-style-wide\"\/>\n\n\n\n<div class=\"wp-block-columns is-layout-flex wp-container-core-columns-is-layout-9d6595d7 wp-block-columns-is-layout-flex\">\n<div class=\"wp-block-column is-layout-flow wp-block-column-is-layout-flow\">\n<div class=\"wp-block-cover is-light\" style=\"min-height:220px;aspect-ratio:unset;\"><span aria-hidden=\"true\" class=\"wp-block-cover__background has-background-dim-0 has-background-dim\"><\/span><img data-recalc-dims=\"1\" loading=\"lazy\" decoding=\"async\" width=\"400\" height=\"400\" class=\"wp-block-cover__image-background wp-image-1117\" alt=\"\" src=\"https:\/\/i0.wp.com\/cts-chile.cl\/xiiencuentro\/wp-content\/uploads\/2024\/09\/gris.jpg?resize=400%2C400&#038;ssl=1\" data-object-fit=\"cover\" srcset=\"https:\/\/i0.wp.com\/cts-chile.cl\/xiiencuentro\/wp-content\/uploads\/2024\/09\/gris.jpg?w=400&amp;ssl=1 400w, https:\/\/i0.wp.com\/cts-chile.cl\/xiiencuentro\/wp-content\/uploads\/2024\/09\/gris.jpg?resize=300%2C300&amp;ssl=1 300w, https:\/\/i0.wp.com\/cts-chile.cl\/xiiencuentro\/wp-content\/uploads\/2024\/09\/gris.jpg?resize=150%2C150&amp;ssl=1 150w\" sizes=\"auto, (max-width: 400px) 100vw, 400px\" \/><div class=\"wp-block-cover__inner-container is-layout-flow wp-block-cover-is-layout-flow\">\n<p class=\"has-text-align-center has-text-color has-link-color has-small-font-size wp-elements-b03fc9db2d0a2f4d8db857ccd0784ec0\" style=\"color:#666666\"><strong>Contacto: <a href=\"mailto:mentorias.cts@gmail.com\">mentorias.cts@gmail.com<\/a><\/strong><\/p>\n<\/div><\/div>\n<\/div>\n<\/div>\n\n\n\n<hr class=\"wp-block-separator has-alpha-channel-opacity is-style-wide\"\/>\n","protected":false},"excerpt":{"rendered":"<p>Te invitamos a participar en la segunda versi\u00f3n del Programa de Mentor\u00edas de la Red CTS-Chile! El Programa tiene por objetivo crear un espacio de formaci\u00f3n y oportunidades de networking para el crecimiento profesional\/acad\u00e9mico de estudiantes de pregrado, estudiantes de mag\u00edster, reci\u00e9n egresades y profesionales afines a esta comunidad, destacando la interdisciplina, cuidado mutuo y&hellip;<\/p>\n<a class=\"read-more-link\" href=\" https:\/\/cts-chile.cl\/xiiencuentro\/mentorias\/ \">Read More<\/a>","protected":false},"author":2,"featured_media":0,"parent":0,"menu_order":0,"comment_status":"closed","ping_status":"closed","template":"","meta":{"footnotes":""},"class_list":["post-1140","page","type-page","status-publish","hentry","col-md-4 col-sm-6"],"jetpack_sharing_enabled":true,"_links":{"self":[{"href":"https:\/\/cts-chile.cl\/xiiencuentro\/wp-json\/wp\/v2\/pages\/1140","targetHints":{"allow":["GET"]}}],"collection":[{"href":"https:\/\/cts-chile.cl\/xiiencuentro\/wp-json\/wp\/v2\/pages"}],"about":[{"href":"https:\/\/cts-chile.cl\/xiiencuentro\/wp-json\/wp\/v2\/types\/page"}],"author":[{"embeddable":true,"href":"https:\/\/cts-chile.cl\/xiiencuentro\/wp-json\/wp\/v2\/users\/2"}],"replies":[{"embeddable":true,"href":"https:\/\/cts-chile.cl\/xiiencuentro\/wp-json\/wp\/v2\/comments?post=1140"}],"version-history":[{"count":9,"href":"https:\/\/cts-chile.cl\/xiiencuentro\/wp-json\/wp\/v2\/pages\/1140\/revisions"}],"predecessor-version":[{"id":1167,"href":"https:\/\/cts-chile.cl\/xiiencuentro\/wp-json\/wp\/v2\/pages\/1140\/revisions\/1167"}],"wp:attachment":[{"href":"https:\/\/cts-chile.cl\/xiiencuentro\/wp-json\/wp\/v2\/media?parent=1140"}],"curies":[{"name":"wp","href":"https:\/\/api.w.org\/{rel}","templated":true}]}}