{"id":1050,"date":"2024-08-02T21:08:29","date_gmt":"2024-08-02T21:08:29","guid":{"rendered":"https:\/\/cts-chile.cl\/xiiencuentro\/?page_id=1050"},"modified":"2024-12-24T14:35:20","modified_gmt":"2024-12-24T14:35:20","slug":"inicio","status":"publish","type":"page","link":"https:\/\/cts-chile.cl\/xiiencuentro\/","title":{"rendered":"XII Encuentro CTS-Chile"},"content":{"rendered":"\n<hr class=\"wp-block-separator has-alpha-channel-opacity is-style-wide\"\/>\n\n\n\n<p class=\"has-text-align-center has-large-font-size\" style=\"line-height:1.5\">Universidad T\u00e9cnica Federico Santa Mar\u00eda<br><em>Avenida Espa\u00f1a #1680, Valpara\u00edso<br>6, 7 y 8 de enero de 2025<\/em><\/p>\n\n\n\n<hr class=\"wp-block-separator has-alpha-channel-opacity is-style-wide\"\/>\n\n\n\n<div class=\"wp-block-columns is-layout-flex wp-container-core-columns-is-layout-9d6595d7 wp-block-columns-is-layout-flex\">\n<div class=\"wp-block-column is-layout-flow wp-block-column-is-layout-flow\">\n<figure class=\"wp-block-image size-large\"><img data-recalc-dims=\"1\" loading=\"lazy\" decoding=\"async\" width=\"819\" height=\"1024\" src=\"https:\/\/i0.wp.com\/cts-chile.cl\/xiiencuentro\/wp-content\/uploads\/2024\/09\/Grafica-CTS_web-IG02-08_low.jpg?resize=819%2C1024&#038;ssl=1\" alt=\"\" class=\"wp-image-1099\" srcset=\"https:\/\/i0.wp.com\/cts-chile.cl\/xiiencuentro\/wp-content\/uploads\/2024\/09\/Grafica-CTS_web-IG02-08_low.jpg?resize=819%2C1024&amp;ssl=1 819w, https:\/\/i0.wp.com\/cts-chile.cl\/xiiencuentro\/wp-content\/uploads\/2024\/09\/Grafica-CTS_web-IG02-08_low.jpg?resize=240%2C300&amp;ssl=1 240w, https:\/\/i0.wp.com\/cts-chile.cl\/xiiencuentro\/wp-content\/uploads\/2024\/09\/Grafica-CTS_web-IG02-08_low.jpg?resize=768%2C960&amp;ssl=1 768w, https:\/\/i0.wp.com\/cts-chile.cl\/xiiencuentro\/wp-content\/uploads\/2024\/09\/Grafica-CTS_web-IG02-08_low.jpg?resize=690%2C863&amp;ssl=1 690w, https:\/\/i0.wp.com\/cts-chile.cl\/xiiencuentro\/wp-content\/uploads\/2024\/09\/Grafica-CTS_web-IG02-08_low.jpg?resize=800%2C1000&amp;ssl=1 800w, https:\/\/i0.wp.com\/cts-chile.cl\/xiiencuentro\/wp-content\/uploads\/2024\/09\/Grafica-CTS_web-IG02-08_low.jpg?w=1152&amp;ssl=1 1152w\" sizes=\"auto, (max-width: 819px) 100vw, 819px\" \/><\/figure>\n<\/div>\n\n\n\n<div class=\"wp-block-column is-layout-flow wp-block-column-is-layout-flow\">\n<p class=\"has-small-font-size\">A principios de 2012 surge la <strong><a href=\"https:\/\/www.cts-chile.cl\/\">Red Chilena de Ciencia, Tecnolog\u00eda y Sociedad (CTS-Chile)<\/a><\/strong>, buscando aunar los esfuerzos de una diversidad de actores \u2013acad\u00e9micos y no acad\u00e9micos, con formaci\u00f3n en ciencias b\u00e1sicas y sociales, de instituciones chilenas y extranjeras\u2013 que desde hace varios a\u00f1os han buscado de desafiar la divisi\u00f3n estricta entre an\u00e1lisis de tipo tecnol\u00f3gico-cient\u00edfico versus social. En l\u00ednea con los desarrollos internacionales, la Red CTS-Chile se unifica bajo la convicci\u00f3n de que las tem\u00e1ticas cient\u00edfico-tecnol\u00f3gicas no pueden entenderse en profundidad sin considerar los aspectos de \u00edndole social, desde culturas nacionales hasta pr\u00e1cticas de trabajo locales.<\/p>\n\n\n\n<p class=\"has-small-font-size\">Desde su conformaci\u00f3n, la Red CTS-Chile se ha reunido anualmente en el encuentro interdisciplinar m\u00e1s grande en el pa\u00eds por m\u00e1s de una d\u00e9cada, dando lugar a un espacio de convergencia de diversos \u00e1mbitos del conocimiento.<\/p>\n\n\n\n<p class=\"has-small-font-size\">En su 12\u00b0 versi\u00f3n, este encuentro se realizar\u00e1 entre los d\u00edas <strong>6 y 8 de enero de 2025<\/strong> por primera vez en la <strong>Universidad T\u00e9cnica Federico Santa Mar\u00eda<\/strong> y por segunda vez en la ciudad de <strong>Valpara\u00edso<\/strong> (<a href=\"https:\/\/maps.app.goo.gl\/4L5g7Fpz7NpnEuGi9\">ver mapa<\/a>).<\/p>\n<\/div>\n<\/div>\n\n\n\n<hr class=\"wp-block-separator has-alpha-channel-opacity is-style-wide\"\/>\n\n\n\n<p class=\"has-text-align-center has-large-font-size\" style=\"line-height:1.6\"><strong>Plazo para presentaci\u00f3n de trabajos:<\/strong><br>Viernes 1 de noviembre de 2024<\/p>\n\n\n\n<div class=\"wp-block-columns is-layout-flex wp-container-core-columns-is-layout-9d6595d7 wp-block-columns-is-layout-flex\">\n<div class=\"wp-block-column is-layout-flow wp-block-column-is-layout-flow\">\n<div class=\"wp-block-cover is-light\" style=\"min-height:220px;aspect-ratio:unset;\"><span aria-hidden=\"true\" class=\"wp-block-cover__background has-background-dim-0 has-background-dim\"><\/span><img data-recalc-dims=\"1\" loading=\"lazy\" decoding=\"async\" width=\"400\" height=\"400\" class=\"wp-block-cover__image-background wp-image-1117\" alt=\"\" src=\"https:\/\/i0.wp.com\/cts-chile.cl\/xiiencuentro\/wp-content\/uploads\/2024\/09\/gris.jpg?resize=400%2C400&#038;ssl=1\" data-object-fit=\"cover\" srcset=\"https:\/\/i0.wp.com\/cts-chile.cl\/xiiencuentro\/wp-content\/uploads\/2024\/09\/gris.jpg?w=400&amp;ssl=1 400w, https:\/\/i0.wp.com\/cts-chile.cl\/xiiencuentro\/wp-content\/uploads\/2024\/09\/gris.jpg?resize=300%2C300&amp;ssl=1 300w, https:\/\/i0.wp.com\/cts-chile.cl\/xiiencuentro\/wp-content\/uploads\/2024\/09\/gris.jpg?resize=150%2C150&amp;ssl=1 150w\" sizes=\"auto, (max-width: 400px) 100vw, 400px\" \/><div class=\"wp-block-cover__inner-container is-layout-flow wp-block-cover-is-layout-flow\">\n<p class=\"has-text-align-center has-text-color has-link-color has-regular-font-size wp-elements-e39465ba182bf7ead87ee3f9623a232f\" style=\"color:#666666\"><strong><a href=\"https:\/\/cts-chile.cl\/xiiencuentro\/convocatoria\/\" data-type=\"page\" data-id=\"292\">Convocatoria<\/a><\/strong><\/p>\n<\/div><\/div>\n<\/div>\n\n\n\n<div class=\"wp-block-column is-layout-flow wp-block-column-is-layout-flow\">\n<div class=\"wp-block-cover is-light\" style=\"min-height:220px;aspect-ratio:unset;\"><span aria-hidden=\"true\" class=\"wp-block-cover__background has-background-dim-0 has-background-dim\"><\/span><img data-recalc-dims=\"1\" loading=\"lazy\" decoding=\"async\" width=\"400\" height=\"400\" class=\"wp-block-cover__image-background wp-image-1117\" alt=\"\" src=\"https:\/\/i0.wp.com\/cts-chile.cl\/xiiencuentro\/wp-content\/uploads\/2024\/09\/gris.jpg?resize=400%2C400&#038;ssl=1\" data-object-fit=\"cover\" srcset=\"https:\/\/i0.wp.com\/cts-chile.cl\/xiiencuentro\/wp-content\/uploads\/2024\/09\/gris.jpg?w=400&amp;ssl=1 400w, https:\/\/i0.wp.com\/cts-chile.cl\/xiiencuentro\/wp-content\/uploads\/2024\/09\/gris.jpg?resize=300%2C300&amp;ssl=1 300w, https:\/\/i0.wp.com\/cts-chile.cl\/xiiencuentro\/wp-content\/uploads\/2024\/09\/gris.jpg?resize=150%2C150&amp;ssl=1 150w\" sizes=\"auto, (max-width: 400px) 100vw, 400px\" \/><div class=\"wp-block-cover__inner-container is-layout-flow wp-block-cover-is-layout-flow\">\n<p class=\"has-text-align-center has-text-color has-link-color has-regular-font-size wp-elements-8cdc983479cf84cf6ab5d59a8e58f6d1\" style=\"color:#666666\"><strong><a href=\"https:\/\/cts-chile.cl\/xiiencuentro\/lineas-tematicas\/\" data-type=\"page\" data-id=\"417\">L\u00edneas tem\u00e1ticas<\/a><\/strong><\/p>\n<\/div><\/div>\n<\/div>\n\n\n\n<div class=\"wp-block-column is-layout-flow wp-block-column-is-layout-flow\">\n<div class=\"wp-block-cover is-light\" style=\"min-height:220px;aspect-ratio:unset;\"><span aria-hidden=\"true\" class=\"wp-block-cover__background has-background-dim-0 has-background-dim\"><\/span><img data-recalc-dims=\"1\" loading=\"lazy\" decoding=\"async\" width=\"400\" height=\"400\" class=\"wp-block-cover__image-background wp-image-1117\" alt=\"\" src=\"https:\/\/i0.wp.com\/cts-chile.cl\/xiiencuentro\/wp-content\/uploads\/2024\/09\/gris.jpg?resize=400%2C400&#038;ssl=1\" data-object-fit=\"cover\" srcset=\"https:\/\/i0.wp.com\/cts-chile.cl\/xiiencuentro\/wp-content\/uploads\/2024\/09\/gris.jpg?w=400&amp;ssl=1 400w, https:\/\/i0.wp.com\/cts-chile.cl\/xiiencuentro\/wp-content\/uploads\/2024\/09\/gris.jpg?resize=300%2C300&amp;ssl=1 300w, https:\/\/i0.wp.com\/cts-chile.cl\/xiiencuentro\/wp-content\/uploads\/2024\/09\/gris.jpg?resize=150%2C150&amp;ssl=1 150w\" sizes=\"auto, (max-width: 400px) 100vw, 400px\" \/><div class=\"wp-block-cover__inner-container is-layout-flow wp-block-cover-is-layout-flow\">\n<p class=\"has-text-align-center has-text-color has-link-color has-regular-font-size wp-elements-f730361d0a19c851ccbeb7cac5022b21\" style=\"color:#666666\"><strong><a href=\"https:\/\/cts-chile.cl\/xiiencuentro\/registro-de-asistencia\/\" data-type=\"page\" data-id=\"1054\">Registra tu asistencia<\/a><\/strong><\/p>\n<\/div><\/div>\n<\/div>\n<\/div>\n\n\n\n<hr class=\"wp-block-separator has-alpha-channel-opacity is-style-wide\"\/>\n\n\n\n<div class=\"wp-block-columns is-layout-flex wp-container-core-columns-is-layout-9d6595d7 wp-block-columns-is-layout-flex\">\n<div class=\"wp-block-column is-layout-flow wp-block-column-is-layout-flow\">\n<p class=\"has-small-font-size\">Se invita a la comunidad acad\u00e9mica, investigadora, profesional y estudiantil, a participar en el <strong>XII Encuentro CTS-Chile<\/strong>, que llevar\u00e1 por t\u00edtulo <strong>\u00abDerribando Fronteras\u00bb<\/strong>. Este lema refleja el car\u00e1cter multidisciplinar e interdisciplinar del evento, en el que se busca trascender los l\u00edmites tradicionales del conocimiento para abordar los desaf\u00edos contempor\u00e1neos desde perspectivas diversas y colaborativas.<\/p>\n\n\n\n<p class=\"has-small-font-size\">El <strong>Encuentro CTS-Chile<\/strong> es un espacio \u00fanico donde convergen ideas, enfoques y experiencias de diferentes disciplinas y \u00e1reas del saber. Este a\u00f1o, en l\u00ednea con el tema central, se busca explorar c\u00f3mo las fronteras entre ciencia, tecnolog\u00eda y sociedad se desdibujan, dando lugar a nuevas formas de entender, investigar e intervenir en el mundo que nos rodea. Proponemos derribar las barreras que separan los saberes, para construir juntos un di\u00e1logo que impulse soluciones innovadoras y socialmente responsables a los desaf\u00edos de nuestra \u00e9poca.<\/p>\n<\/div>\n\n\n\n<div class=\"wp-block-column is-layout-flow wp-block-column-is-layout-flow\">\n<figure class=\"wp-block-image size-large\"><img data-recalc-dims=\"1\" loading=\"lazy\" decoding=\"async\" width=\"819\" height=\"1024\" src=\"https:\/\/i0.wp.com\/cts-chile.cl\/xiiencuentro\/wp-content\/uploads\/2024\/09\/Grafica-CTS_web-IG02-07_low.jpg?resize=819%2C1024&#038;ssl=1\" alt=\"\" class=\"wp-image-1097\" srcset=\"https:\/\/i0.wp.com\/cts-chile.cl\/xiiencuentro\/wp-content\/uploads\/2024\/09\/Grafica-CTS_web-IG02-07_low.jpg?resize=819%2C1024&amp;ssl=1 819w, https:\/\/i0.wp.com\/cts-chile.cl\/xiiencuentro\/wp-content\/uploads\/2024\/09\/Grafica-CTS_web-IG02-07_low.jpg?resize=240%2C300&amp;ssl=1 240w, https:\/\/i0.wp.com\/cts-chile.cl\/xiiencuentro\/wp-content\/uploads\/2024\/09\/Grafica-CTS_web-IG02-07_low.jpg?resize=768%2C960&amp;ssl=1 768w, https:\/\/i0.wp.com\/cts-chile.cl\/xiiencuentro\/wp-content\/uploads\/2024\/09\/Grafica-CTS_web-IG02-07_low.jpg?resize=690%2C863&amp;ssl=1 690w, https:\/\/i0.wp.com\/cts-chile.cl\/xiiencuentro\/wp-content\/uploads\/2024\/09\/Grafica-CTS_web-IG02-07_low.jpg?resize=800%2C1000&amp;ssl=1 800w, https:\/\/i0.wp.com\/cts-chile.cl\/xiiencuentro\/wp-content\/uploads\/2024\/09\/Grafica-CTS_web-IG02-07_low.jpg?w=1152&amp;ssl=1 1152w\" sizes=\"auto, (max-width: 819px) 100vw, 819px\" \/><\/figure>\n<\/div>\n<\/div>\n\n\n\n<hr class=\"wp-block-separator has-alpha-channel-opacity is-style-wide\"\/>\n","protected":false},"excerpt":{"rendered":"<p>Universidad T\u00e9cnica Federico Santa Mar\u00edaAvenida Espa\u00f1a #1680, Valpara\u00edso6, 7 y 8 de enero de 2025 A principios de 2012 surge la Red Chilena de Ciencia, Tecnolog\u00eda y Sociedad (CTS-Chile), buscando aunar los esfuerzos de una diversidad de actores \u2013acad\u00e9micos y no acad\u00e9micos, con formaci\u00f3n en ciencias b\u00e1sicas y sociales, de instituciones chilenas y extranjeras\u2013 que&hellip;<\/p>\n<a class=\"read-more-link\" href=\" https:\/\/cts-chile.cl\/xiiencuentro\/ \">Read More<\/a>","protected":false},"author":2,"featured_media":0,"parent":0,"menu_order":0,"comment_status":"closed","ping_status":"closed","template":"","meta":{"footnotes":""},"class_list":["post-1050","page","type-page","status-publish","hentry","col-md-4 col-sm-6"],"jetpack_sharing_enabled":true,"_links":{"self":[{"href":"https:\/\/cts-chile.cl\/xiiencuentro\/wp-json\/wp\/v2\/pages\/1050","targetHints":{"allow":["GET"]}}],"collection":[{"href":"https:\/\/cts-chile.cl\/xiiencuentro\/wp-json\/wp\/v2\/pages"}],"about":[{"href":"https:\/\/cts-chile.cl\/xiiencuentro\/wp-json\/wp\/v2\/types\/page"}],"author":[{"embeddable":true,"href":"https:\/\/cts-chile.cl\/xiiencuentro\/wp-json\/wp\/v2\/users\/2"}],"replies":[{"embeddable":true,"href":"https:\/\/cts-chile.cl\/xiiencuentro\/wp-json\/wp\/v2\/comments?post=1050"}],"version-history":[{"count":12,"href":"https:\/\/cts-chile.cl\/xiiencuentro\/wp-json\/wp\/v2\/pages\/1050\/revisions"}],"predecessor-version":[{"id":1226,"href":"https:\/\/cts-chile.cl\/xiiencuentro\/wp-json\/wp\/v2\/pages\/1050\/revisions\/1226"}],"wp:attachment":[{"href":"https:\/\/cts-chile.cl\/xiiencuentro\/wp-json\/wp\/v2\/media?parent=1050"}],"curies":[{"name":"wp","href":"https:\/\/api.w.org\/{rel}","templated":true}]}}