{"id":1029,"date":"2024-08-02T20:50:50","date_gmt":"2024-08-02T20:50:50","guid":{"rendered":"https:\/\/cts-chile.cl\/xiiencuentro\/?page_id=1029"},"modified":"2025-01-03T16:46:06","modified_gmt":"2025-01-03T16:46:06","slug":"restaurantes","status":"publish","type":"page","link":"https:\/\/cts-chile.cl\/xiiencuentro\/restaurantes\/","title":{"rendered":"D\u00f3nde comer"},"content":{"rendered":"\n<div class=\"wp-block-columns is-layout-flex wp-container-core-columns-is-layout-9d6595d7 wp-block-columns-is-layout-flex\">\n<div class=\"wp-block-column is-layout-flow wp-block-column-is-layout-flow\">\n<figure class=\"wp-block-image size-full\"><img data-recalc-dims=\"1\" loading=\"lazy\" decoding=\"async\" width=\"640\" height=\"360\" src=\"https:\/\/i0.wp.com\/cts-chile.cl\/xiiencuentro\/wp-content\/uploads\/2025\/01\/1-comedores-usm.jpg?resize=640%2C360&#038;ssl=1\" alt=\"\" class=\"wp-image-1263\" srcset=\"https:\/\/i0.wp.com\/cts-chile.cl\/xiiencuentro\/wp-content\/uploads\/2025\/01\/1-comedores-usm.jpg?w=640&amp;ssl=1 640w, https:\/\/i0.wp.com\/cts-chile.cl\/xiiencuentro\/wp-content\/uploads\/2025\/01\/1-comedores-usm.jpg?resize=300%2C169&amp;ssl=1 300w\" sizes=\"auto, (max-width: 640px) 100vw, 640px\" \/><\/figure>\n<\/div>\n\n\n\n<div class=\"wp-block-column is-layout-flow wp-block-column-is-layout-flow\">\n<p><strong>COMEDORES USM<\/strong><\/p>\n\n\n\n<p><strong>Ubicaci\u00f3n: <\/strong>Patio Central, Universidad T\u00e9cnica Federico Santa Mar\u00eda, Valpara\u00edso (<a href=\"https:\/\/maps.app.goo.gl\/7EiVyramyNRnxtiQ7\">Ver mapa<\/a>)<br><em>Los tickets deben ser comprados en las cajas ubicadas en el Edificio R, antes de las 14:00 horas.<\/em><\/p>\n<\/div>\n<\/div>\n\n\n\n<div class=\"wp-block-columns is-layout-flex wp-container-core-columns-is-layout-9d6595d7 wp-block-columns-is-layout-flex\">\n<div class=\"wp-block-column is-layout-flow wp-block-column-is-layout-flow\">\n<figure class=\"wp-block-image size-full\"><img data-recalc-dims=\"1\" loading=\"lazy\" decoding=\"async\" width=\"640\" height=\"360\" src=\"https:\/\/i0.wp.com\/cts-chile.cl\/xiiencuentro\/wp-content\/uploads\/2025\/01\/2-vivendum.jpg?resize=640%2C360&#038;ssl=1\" alt=\"\" class=\"wp-image-1270\" srcset=\"https:\/\/i0.wp.com\/cts-chile.cl\/xiiencuentro\/wp-content\/uploads\/2025\/01\/2-vivendum.jpg?w=640&amp;ssl=1 640w, https:\/\/i0.wp.com\/cts-chile.cl\/xiiencuentro\/wp-content\/uploads\/2025\/01\/2-vivendum.jpg?resize=300%2C169&amp;ssl=1 300w\" sizes=\"auto, (max-width: 640px) 100vw, 640px\" \/><\/figure>\n<\/div>\n\n\n\n<div class=\"wp-block-column is-layout-flow wp-block-column-is-layout-flow\">\n<p><strong>CAFETER\u00cdA VIVENDUM<\/strong><\/p>\n\n\n\n<p><strong>Ubicaci\u00f3n: <\/strong>Universidad T\u00e9cnica Federico Santa Mar\u00eda (<a href=\"https:\/\/maps.app.goo.gl\/4JAzstTKhHBnwtWG6\">Ver mapa<\/a>)<br><strong>Instagram:<\/strong> <a href=\"https:\/\/www.instagram.com\/cafeteria_vivendum\/\">@cafeteria_vivendum<\/a><\/p>\n<\/div>\n<\/div>\n\n\n\n<div class=\"wp-block-columns is-layout-flex wp-container-core-columns-is-layout-9d6595d7 wp-block-columns-is-layout-flex\">\n<div class=\"wp-block-column is-layout-flow wp-block-column-is-layout-flow\">\n<figure class=\"wp-block-image size-full\"><img data-recalc-dims=\"1\" loading=\"lazy\" decoding=\"async\" width=\"640\" height=\"360\" src=\"https:\/\/i0.wp.com\/cts-chile.cl\/xiiencuentro\/wp-content\/uploads\/2025\/01\/3-alimapu.jpg?resize=640%2C360&#038;ssl=1\" alt=\"\" class=\"wp-image-1272\" srcset=\"https:\/\/i0.wp.com\/cts-chile.cl\/xiiencuentro\/wp-content\/uploads\/2025\/01\/3-alimapu.jpg?w=640&amp;ssl=1 640w, https:\/\/i0.wp.com\/cts-chile.cl\/xiiencuentro\/wp-content\/uploads\/2025\/01\/3-alimapu.jpg?resize=300%2C169&amp;ssl=1 300w\" sizes=\"auto, (max-width: 640px) 100vw, 640px\" \/><\/figure>\n<\/div>\n\n\n\n<div class=\"wp-block-column is-layout-flow wp-block-column-is-layout-flow\">\n<p><strong>ALIMAPU RESTOBAR<\/strong><\/p>\n\n\n\n<p><strong>Ubicaci\u00f3n:<\/strong> Los Placeres 392, Valpara\u00edso (<a href=\"https:\/\/maps.app.goo.gl\/HeXsPRUr2EPTupqx5\">Ver mapa<\/a>)<br><strong>Instagram:<\/strong> <a href=\"https:\/\/www.instagram.com\/alimapu.restobar\/\">@alimapu.restobar<\/a><\/p>\n<\/div>\n<\/div>\n\n\n\n<div class=\"wp-block-columns is-layout-flex wp-container-core-columns-is-layout-9d6595d7 wp-block-columns-is-layout-flex\">\n<div class=\"wp-block-column is-layout-flow wp-block-column-is-layout-flow\">\n<figure class=\"wp-block-image size-full\"><img data-recalc-dims=\"1\" loading=\"lazy\" decoding=\"async\" width=\"640\" height=\"360\" src=\"https:\/\/i0.wp.com\/cts-chile.cl\/xiiencuentro\/wp-content\/uploads\/2025\/01\/4-casa-lila.jpg?resize=640%2C360&#038;ssl=1\" alt=\"\" class=\"wp-image-1273\" srcset=\"https:\/\/i0.wp.com\/cts-chile.cl\/xiiencuentro\/wp-content\/uploads\/2025\/01\/4-casa-lila.jpg?w=640&amp;ssl=1 640w, https:\/\/i0.wp.com\/cts-chile.cl\/xiiencuentro\/wp-content\/uploads\/2025\/01\/4-casa-lila.jpg?resize=300%2C169&amp;ssl=1 300w\" sizes=\"auto, (max-width: 640px) 100vw, 640px\" \/><\/figure>\n<\/div>\n\n\n\n<div class=\"wp-block-column is-layout-flow wp-block-column-is-layout-flow\">\n<p><strong>RESTAURANTE CASA LILA<\/strong><\/p>\n\n\n\n<p><strong>Ubicaci\u00f3n: <\/strong>San Luis 299, Valpara\u00edso (<a href=\"https:\/\/maps.app.goo.gl\/iV61wqM4Ac1UTeR18\">Ver mapa<\/a>)<br><strong>Instagram:<\/strong> <a href=\"https:\/\/www.instagram.com\/casalila.restaurant\/\">@casalila.restaurant<\/a><\/p>\n<\/div>\n<\/div>\n\n\n\n<div class=\"wp-block-columns is-layout-flex wp-container-core-columns-is-layout-9d6595d7 wp-block-columns-is-layout-flex\">\n<div class=\"wp-block-column is-layout-flow wp-block-column-is-layout-flow\">\n<figure class=\"wp-block-image size-full\"><img data-recalc-dims=\"1\" loading=\"lazy\" decoding=\"async\" width=\"640\" height=\"360\" src=\"https:\/\/i0.wp.com\/cts-chile.cl\/xiiencuentro\/wp-content\/uploads\/2025\/01\/5-ruka-prana.jpg?resize=640%2C360&#038;ssl=1\" alt=\"\" class=\"wp-image-1274\" srcset=\"https:\/\/i0.wp.com\/cts-chile.cl\/xiiencuentro\/wp-content\/uploads\/2025\/01\/5-ruka-prana.jpg?w=640&amp;ssl=1 640w, https:\/\/i0.wp.com\/cts-chile.cl\/xiiencuentro\/wp-content\/uploads\/2025\/01\/5-ruka-prana.jpg?resize=300%2C169&amp;ssl=1 300w\" sizes=\"auto, (max-width: 640px) 100vw, 640px\" \/><\/figure>\n<\/div>\n\n\n\n<div class=\"wp-block-column is-layout-flow wp-block-column-is-layout-flow\">\n<p><strong>RUKA PRANA<\/strong> (Vegano)<\/p>\n\n\n\n<p><strong>Ubicaci\u00f3n: <\/strong>Manuel Antonio Matta 266, Valpara\u00edso (<a href=\"https:\/\/maps.app.goo.gl\/hSSCEDfRJQhD1DK37\">Ver mapa<\/a>)<br><strong>Instagram:<\/strong> <a href=\"https:\/\/www.instagram.com\/rukaprana\/\">@cafeteria_vivendum<\/a><\/p>\n<\/div>\n<\/div>\n\n\n\n<div class=\"wp-block-columns is-layout-flex wp-container-core-columns-is-layout-9d6595d7 wp-block-columns-is-layout-flex\">\n<div class=\"wp-block-column is-layout-flow wp-block-column-is-layout-flow\">\n<figure class=\"wp-block-image size-full\"><img data-recalc-dims=\"1\" loading=\"lazy\" decoding=\"async\" width=\"640\" height=\"360\" src=\"https:\/\/i0.wp.com\/cts-chile.cl\/xiiencuentro\/wp-content\/uploads\/2025\/01\/6-nony.jpg?resize=640%2C360&#038;ssl=1\" alt=\"\" class=\"wp-image-1275\" srcset=\"https:\/\/i0.wp.com\/cts-chile.cl\/xiiencuentro\/wp-content\/uploads\/2025\/01\/6-nony.jpg?w=640&amp;ssl=1 640w, https:\/\/i0.wp.com\/cts-chile.cl\/xiiencuentro\/wp-content\/uploads\/2025\/01\/6-nony.jpg?resize=300%2C169&amp;ssl=1 300w\" sizes=\"auto, (max-width: 640px) 100vw, 640px\" \/><\/figure>\n<\/div>\n\n\n\n<div class=\"wp-block-column is-layout-flow wp-block-column-is-layout-flow\">\n<p><strong>NONY PIZZER\u00cdA<\/strong><\/p>\n\n\n\n<p>Ubicaci\u00f3n: Los Placeres 273, Valpara\u00edso (<a href=\"https:\/\/maps.app.goo.gl\/b3NQwoRdWxtECJda7\">Ver mapa<\/a>)<br>Instagram: <a href=\"https:\/\/www.instagram.com\/nony_pizzeria\/\">@cafeteria_vivendum<\/a><\/p>\n<\/div>\n<\/div>\n","protected":false},"excerpt":{"rendered":"<p>COMEDORES USM Ubicaci\u00f3n: Patio Central, Universidad T\u00e9cnica Federico Santa Mar\u00eda, Valpara\u00edso (Ver mapa)Los tickets deben ser comprados en las cajas ubicadas en el Edificio R, antes de las 14:00 horas. CAFETER\u00cdA VIVENDUM Ubicaci\u00f3n: Universidad T\u00e9cnica Federico Santa Mar\u00eda (Ver mapa)Instagram: @cafeteria_vivendum ALIMAPU RESTOBAR Ubicaci\u00f3n: Los Placeres 392, Valpara\u00edso (Ver mapa)Instagram: @alimapu.restobar RESTAURANTE CASA LILA Ubicaci\u00f3n:&hellip;<\/p>\n<a class=\"read-more-link\" href=\" https:\/\/cts-chile.cl\/xiiencuentro\/restaurantes\/ \">Read More<\/a>","protected":false},"author":2,"featured_media":0,"parent":0,"menu_order":0,"comment_status":"closed","ping_status":"closed","template":"","meta":{"footnotes":""},"class_list":["post-1029","page","type-page","status-publish","hentry","col-md-4 col-sm-6"],"jetpack_sharing_enabled":true,"_links":{"self":[{"href":"https:\/\/cts-chile.cl\/xiiencuentro\/wp-json\/wp\/v2\/pages\/1029","targetHints":{"allow":["GET"]}}],"collection":[{"href":"https:\/\/cts-chile.cl\/xiiencuentro\/wp-json\/wp\/v2\/pages"}],"about":[{"href":"https:\/\/cts-chile.cl\/xiiencuentro\/wp-json\/wp\/v2\/types\/page"}],"author":[{"embeddable":true,"href":"https:\/\/cts-chile.cl\/xiiencuentro\/wp-json\/wp\/v2\/users\/2"}],"replies":[{"embeddable":true,"href":"https:\/\/cts-chile.cl\/xiiencuentro\/wp-json\/wp\/v2\/comments?post=1029"}],"version-history":[{"count":10,"href":"https:\/\/cts-chile.cl\/xiiencuentro\/wp-json\/wp\/v2\/pages\/1029\/revisions"}],"predecessor-version":[{"id":1276,"href":"https:\/\/cts-chile.cl\/xiiencuentro\/wp-json\/wp\/v2\/pages\/1029\/revisions\/1276"}],"wp:attachment":[{"href":"https:\/\/cts-chile.cl\/xiiencuentro\/wp-json\/wp\/v2\/media?parent=1029"}],"curies":[{"name":"wp","href":"https:\/\/api.w.org\/{rel}","templated":true}]}}