{"id":1233,"date":"2023-08-14T15:44:46","date_gmt":"2023-08-14T19:44:46","guid":{"rendered":"https:\/\/cts-chile.cl\/xiencuentro\/?page_id=1233"},"modified":"2023-11-16T16:09:44","modified_gmt":"2023-11-16T20:09:44","slug":"programa-de-mentorias","status":"publish","type":"page","link":"https:\/\/cts-chile.cl\/xiencuentro\/programa-de-mentorias\/","title":{"rendered":"Programa de Mentor\u00edas CTS-Chile"},"content":{"rendered":"\n<p class=\"has-text-align-center\">Adicionalmente, este a\u00f1o inauguramos un nuevo <strong>Programa de Mentor\u00edas CTS-Chile <\/strong>asociado a este encuentro, el cual tiene por objetivo proveer de espacios de formaci\u00f3n y oportunidades de networking para el crecimiento profesional\/acad\u00e9mico de estudiantes de pregrado, estudiantes de mag\u00edster, reci\u00e9n egresada\/os y profesionales afines a esta comunidad. <\/p>\n\n\n\n<p class=\"has-text-align-center\">El <strong>programa tiene una postulaci\u00f3n independiente a la convocatoria de contribuciones<\/strong> y, por lo mismo, la participaci\u00f3n no est\u00e1 condicionada en la aceptaci\u00f3n de trabajos para la conferencia.<\/p>\n\n\n\n<p class=\"has-text-align-center\">El programa se organiza en torno a la asistencia a <strong>talleres introductorios <\/strong>a los estudios de ciencia y tecnolog\u00eda, la <strong>reuni\u00f3n<\/strong> con miembros de esta comunidad, y la participaci\u00f3n en una <strong>instancia de networking<\/strong> en el XI Encuentro CTS-Chile. Igualmente, incluye distintos niveles de <strong>apoyos de viaje <\/strong>para asistir a la conferencia para quienes lo necesiten.<\/p>\n\n\n\n<p><\/p>\n\n\n\n<figure class=\"wp-block-image aligncenter size-full is-resized\"><img loading=\"lazy\" decoding=\"async\" width=\"510\" height=\"300\" src=\"https:\/\/i0.wp.com\/cts-chile.cl\/xiencuentro\/wp-content\/uploads\/2023\/11\/Esc.-Antropologia_4.png?resize=510%2C300&#038;ssl=1\" alt=\"\" class=\"wp-image-1411\" style=\"width:174px;height:auto\" srcset=\"https:\/\/i0.wp.com\/cts-chile.cl\/xiencuentro\/wp-content\/uploads\/2023\/11\/Esc.-Antropologia_4.png?w=510&amp;ssl=1 510w, https:\/\/i0.wp.com\/cts-chile.cl\/xiencuentro\/wp-content\/uploads\/2023\/11\/Esc.-Antropologia_4.png?resize=300%2C176&amp;ssl=1 300w\" sizes=\"auto, (max-width: 510px) 100vw, 510px\" data-recalc-dims=\"1\" \/><\/figure>\n\n\n\n<p class=\"has-text-align-center\"><strong>Este programa es auspiciado por la Facultad de Antropolog\u00eda de la Pontificia Universidad Cat\u00f3lica de Chile, especialmente para el Encuentro CTS-2024.  <\/strong><\/p>\n\n\n\n<p class=\"has-text-align-center\">A continuaci\u00f3n, se presentan los perfiles seleccionados para el Programa de Mentor\u00edas<\/p>\n\n\n\n<div id=\"wp-block-themeisle-blocks-advanced-columns-784450ff\" class=\"wp-block-themeisle-blocks-advanced-columns alignfull has-1-columns has-desktop-equal-layout has-tablet-equal-layout has-mobile-equal-layout has-vertical-unset has-vertical-undefined ticss-c00aadba\"><div class=\"wp-block-themeisle-blocks-advanced-columns-overlay\"><\/div><div class=\"innerblocks-wrap\">\n<div id=\"wp-block-themeisle-blocks-advanced-column-2eb5436e\" class=\"wp-block-themeisle-blocks-advanced-column\">\n<div id=\"wp-block-themeisle-blocks-accordion-3986e26f\" class=\"wp-block-themeisle-blocks-accordion exclusive\">\n<details class=\"wp-block-themeisle-blocks-accordion-item\"><summary class=\"wp-block-themeisle-blocks-accordion-item__title\"><div><strong>Isidora Alarc\u00f3n Jara\u00a0<\/strong><\/div><\/summary><div class=\"wp-block-themeisle-blocks-accordion-item__content\">\n<figure class=\"wp-block-image size-full is-resized\"><img loading=\"lazy\" decoding=\"async\" width=\"902\" height=\"852\" src=\"https:\/\/i0.wp.com\/cts-chile.cl\/xiencuentro\/wp-content\/uploads\/2023\/11\/image.jpg?resize=902%2C852&#038;ssl=1\" alt=\"\" class=\"wp-image-1381\" style=\"width:121px;height:auto\" srcset=\"https:\/\/i0.wp.com\/cts-chile.cl\/xiencuentro\/wp-content\/uploads\/2023\/11\/image.jpg?w=902&amp;ssl=1 902w, https:\/\/i0.wp.com\/cts-chile.cl\/xiencuentro\/wp-content\/uploads\/2023\/11\/image.jpg?resize=300%2C283&amp;ssl=1 300w, https:\/\/i0.wp.com\/cts-chile.cl\/xiencuentro\/wp-content\/uploads\/2023\/11\/image.jpg?resize=768%2C725&amp;ssl=1 768w\" sizes=\"auto, (max-width: 902px) 100vw, 902px\" data-recalc-dims=\"1\" \/><\/figure>\n\n\n\n<p>Estudiante de enfermer\u00eda de cuarto a\u00f1o de la Universidad San Sebasti\u00e1n de Valdivia. Sus intereses acad\u00e9micos e investigativos son el uso de las nuevas tecnolog\u00edas en el \u00e1rea de la salud, de su impacto en los tratamientos y en el cuidado en las personas desde un enfoque biopsicosocial.<\/p>\n<\/div><\/details>\n\n\n\n<details class=\"wp-block-themeisle-blocks-accordion-item\"><summary class=\"wp-block-themeisle-blocks-accordion-item__title\"><div><strong>Gabriela Labra Carrera\u00a0<\/strong><\/div><\/summary><div class=\"wp-block-themeisle-blocks-accordion-item__content\">\n<figure class=\"wp-block-image size-full is-resized\"><img loading=\"lazy\" decoding=\"async\" width=\"606\" height=\"674\" src=\"https:\/\/i0.wp.com\/cts-chile.cl\/xiencuentro\/wp-content\/uploads\/2023\/11\/image-1.jpg?resize=606%2C674&#038;ssl=1\" alt=\"\" class=\"wp-image-1384\" style=\"width:112px;height:auto\" srcset=\"https:\/\/i0.wp.com\/cts-chile.cl\/xiencuentro\/wp-content\/uploads\/2023\/11\/image-1.jpg?w=606&amp;ssl=1 606w, https:\/\/i0.wp.com\/cts-chile.cl\/xiencuentro\/wp-content\/uploads\/2023\/11\/image-1.jpg?resize=270%2C300&amp;ssl=1 270w\" sizes=\"auto, (max-width: 606px) 100vw, 606px\" data-recalc-dims=\"1\" \/><\/figure>\n\n\n\n<p>Licenciada en sociolog\u00eda y estudiante del Mag\u00edster Ciencia, Tecnolog\u00eda y Sociedad de la Universidad Alberto Hurtado. Ha trabajado sobre tem\u00e1ticas de medioambiente y realiz\u00f3 su grado sobre teor\u00eda multiespecies. Actualmente le interesan las tem\u00e1ticas relacionadas a infraestructuras tecnocient\u00edficas y gobernanza ligadas a proyectos e iniciativas de conservaci\u00f3n.<\/p>\n<\/div><\/details>\n\n\n\n<details class=\"wp-block-themeisle-blocks-accordion-item\"><summary class=\"wp-block-themeisle-blocks-accordion-item__title\"><div><strong><strong>Felipe Elgueta\u00a0<\/strong><\/strong><\/div><\/summary><div class=\"wp-block-themeisle-blocks-accordion-item__content\">\n<figure class=\"wp-block-image size-full is-resized\"><img loading=\"lazy\" decoding=\"async\" width=\"826\" height=\"814\" src=\"https:\/\/i0.wp.com\/cts-chile.cl\/xiencuentro\/wp-content\/uploads\/2023\/11\/image-2.jpg?resize=826%2C814&#038;ssl=1\" alt=\"\" class=\"wp-image-1386\" style=\"width:113px;height:auto\" srcset=\"https:\/\/i0.wp.com\/cts-chile.cl\/xiencuentro\/wp-content\/uploads\/2023\/11\/image-2.jpg?w=826&amp;ssl=1 826w, https:\/\/i0.wp.com\/cts-chile.cl\/xiencuentro\/wp-content\/uploads\/2023\/11\/image-2.jpg?resize=300%2C296&amp;ssl=1 300w, https:\/\/i0.wp.com\/cts-chile.cl\/xiencuentro\/wp-content\/uploads\/2023\/11\/image-2.jpg?resize=768%2C757&amp;ssl=1 768w\" sizes=\"auto, (max-width: 826px) 100vw, 826px\" data-recalc-dims=\"1\" \/><\/figure>\n\n\n\n<p>Licenciado en geograf\u00eda y estudiante de antropolog\u00eda, ambos en la Pontificia Universidad Cat\u00f3lica de Chile. Ha sido asistente de investigaci\u00f3n en el Centro de Estudios Interculturales e Ind\u00edgenas de la misma instituci\u00f3n, trabajando en distintos proyectos y labores. Tambi\u00e9n ha participado en proyectos asociados a la Patagonia. Sus \u00e1reas de inter\u00e9s involucran un cruce entre teor\u00eda antropol\u00f3gica y geogr\u00e1fica enfatizando temas de conservaci\u00f3n, fronteras y la producci\u00f3n y transmisi\u00f3n de conocimiento geogr\u00e1fico.<\/p>\n<\/div><\/details>\n\n\n\n<details class=\"wp-block-themeisle-blocks-accordion-item\"><summary class=\"wp-block-themeisle-blocks-accordion-item__title\"><div><strong><strong><strong>Arantza Li\u00f1ero<\/strong><\/strong><\/strong><\/div><\/summary><div class=\"wp-block-themeisle-blocks-accordion-item__content\">\n<figure class=\"wp-block-image size-large is-resized\"><img loading=\"lazy\" decoding=\"async\" width=\"1005\" height=\"1024\" src=\"https:\/\/i0.wp.com\/cts-chile.cl\/xiencuentro\/wp-content\/uploads\/2023\/11\/image-3.jpg?resize=1005%2C1024&#038;ssl=1\" alt=\"\" class=\"wp-image-1388\" style=\"width:113px;height:auto\" srcset=\"https:\/\/i0.wp.com\/cts-chile.cl\/xiencuentro\/wp-content\/uploads\/2023\/11\/image-3.jpg?resize=1005%2C1024&amp;ssl=1 1005w, https:\/\/i0.wp.com\/cts-chile.cl\/xiencuentro\/wp-content\/uploads\/2023\/11\/image-3.jpg?resize=294%2C300&amp;ssl=1 294w, https:\/\/i0.wp.com\/cts-chile.cl\/xiencuentro\/wp-content\/uploads\/2023\/11\/image-3.jpg?resize=768%2C782&amp;ssl=1 768w, https:\/\/i0.wp.com\/cts-chile.cl\/xiencuentro\/wp-content\/uploads\/2023\/11\/image-3.jpg?w=1066&amp;ssl=1 1066w\" sizes=\"auto, (max-width: 1000px) 100vw, 1000px\" data-recalc-dims=\"1\" \/><\/figure>\n\n\n\n<p>Estudiante de Antropolog\u00eda en la Pontificia Universidad Cat\u00f3lica de Chile. Le interesa estudiar c\u00f3mo la gente utiliza las redes cotidianamente, inclusive su relaci\u00f3n con la inteligencia artificial. Tambi\u00e9n le llama la atenci\u00f3n la comunicaci\u00f3n mediada por material audiovisual y, por esto, comenz\u00f3 hace a\u00f1os a editar videos e informarse sobre tecnolog\u00eda. Escogi\u00f3 la antropolog\u00eda por su flexibilidad, ya que permite indagar diversos sitios donde se desenvuelve la vida, como las redes sociales. En esto, empieza a aprender, acad\u00e9mica y profesionalmente, sobre las comunidades y l\u00f3gicas que se desarrollan hoy de manera online.<\/p>\n<\/div><\/details>\n\n\n\n<details class=\"wp-block-themeisle-blocks-accordion-item\"><summary class=\"wp-block-themeisle-blocks-accordion-item__title\"><div><strong><strong><strong><strong>Pablo Betancur Alvarado<\/strong><\/strong><\/strong><\/strong><\/div><\/summary><div class=\"wp-block-themeisle-blocks-accordion-item__content\">\n<figure class=\"wp-block-image size-full is-resized\"><img loading=\"lazy\" decoding=\"async\" width=\"534\" height=\"554\" src=\"https:\/\/i0.wp.com\/cts-chile.cl\/xiencuentro\/wp-content\/uploads\/2023\/11\/image-4.jpg?resize=534%2C554&#038;ssl=1\" alt=\"\" class=\"wp-image-1390\" style=\"width:112px;height:auto\" srcset=\"https:\/\/i0.wp.com\/cts-chile.cl\/xiencuentro\/wp-content\/uploads\/2023\/11\/image-4.jpg?w=534&amp;ssl=1 534w, https:\/\/i0.wp.com\/cts-chile.cl\/xiencuentro\/wp-content\/uploads\/2023\/11\/image-4.jpg?resize=289%2C300&amp;ssl=1 289w\" sizes=\"auto, (max-width: 534px) 100vw, 534px\" data-recalc-dims=\"1\" \/><\/figure>\n\n\n\n<p>Titulado en antropolog\u00eda por la Universidad Cat\u00f3lica de Temuco (2021), candidato a Mag\u00edster en Antropolog\u00eda Sociocultural por la Universidad de Chile y personal administrativo en la Facultad de Medicina de la Universidad de La Frontera. Sus \u00e1reas de inter\u00e9s giran en torno a la relaci\u00f3n entre cuerpo y salud desde una aproximaci\u00f3n etnogr\u00e1fica. Actualmente se encuentra en el proceso de escritura de una tesis sobre los itinerarios corporales de usuarias\/os de un programa de salud mental en atenci\u00f3n primaria en salud en Temuco, raz\u00f3n por la que se ha ido acercando paulatinamente a los estudios CTS.<\/p>\n<\/div><\/details>\n\n\n\n<details class=\"wp-block-themeisle-blocks-accordion-item\"><summary class=\"wp-block-themeisle-blocks-accordion-item__title\"><div><strong>\u00d3scar Barrientos<\/strong><\/div><\/summary><div class=\"wp-block-themeisle-blocks-accordion-item__content\">\n<figure class=\"wp-block-image size-full is-resized\"><img loading=\"lazy\" decoding=\"async\" width=\"524\" height=\"628\" src=\"https:\/\/i0.wp.com\/cts-chile.cl\/xiencuentro\/wp-content\/uploads\/2023\/11\/image-5.jpg?resize=524%2C628&#038;ssl=1\" alt=\"\" class=\"wp-image-1393\" style=\"width:102px;height:auto\" srcset=\"https:\/\/i0.wp.com\/cts-chile.cl\/xiencuentro\/wp-content\/uploads\/2023\/11\/image-5.jpg?w=524&amp;ssl=1 524w, https:\/\/i0.wp.com\/cts-chile.cl\/xiencuentro\/wp-content\/uploads\/2023\/11\/image-5.jpg?resize=250%2C300&amp;ssl=1 250w\" sizes=\"auto, (max-width: 524px) 100vw, 524px\" data-recalc-dims=\"1\" \/><\/figure>\n\n\n\n<p>Estudiante de arquitectura en la Universidad Diego Portales. Su inter\u00e9s es nutrir la arquitectura con pluralidad de perspectivas y enfoques que ayuden a crear edificaciones resilientes en concordancia con las diferentes comunidades enfocando la misma en contextos sociales y antropol\u00f3gicos. Prontamente espera obtener conocimientos que enriquezcan su formaci\u00f3n acad\u00e9mica, potenciando de manera multidisciplinar su futura experiencia profesional en el contexto arquitect\u00f3nico.<\/p>\n<\/div><\/details>\n\n\n\n<details class=\"wp-block-themeisle-blocks-accordion-item\"><summary class=\"wp-block-themeisle-blocks-accordion-item__title\"><div><strong><strong>Isadora Castillo Chaud<\/strong><\/strong><\/div><\/summary><div class=\"wp-block-themeisle-blocks-accordion-item__content\">\n<figure class=\"wp-block-image size-full is-resized\"><img loading=\"lazy\" decoding=\"async\" width=\"772\" height=\"812\" src=\"https:\/\/i0.wp.com\/cts-chile.cl\/xiencuentro\/wp-content\/uploads\/2023\/11\/image-6.jpg?resize=772%2C812&#038;ssl=1\" alt=\"\" class=\"wp-image-1395\" style=\"width:103px;height:auto\" srcset=\"https:\/\/i0.wp.com\/cts-chile.cl\/xiencuentro\/wp-content\/uploads\/2023\/11\/image-6.jpg?w=772&amp;ssl=1 772w, https:\/\/i0.wp.com\/cts-chile.cl\/xiencuentro\/wp-content\/uploads\/2023\/11\/image-6.jpg?resize=285%2C300&amp;ssl=1 285w, https:\/\/i0.wp.com\/cts-chile.cl\/xiencuentro\/wp-content\/uploads\/2023\/11\/image-6.jpg?resize=768%2C808&amp;ssl=1 768w\" sizes=\"auto, (max-width: 772px) 100vw, 772px\" data-recalc-dims=\"1\" \/><\/figure>\n\n\n\n<p>Licenciada en Antropolog\u00eda Social de la Universidad de Chile, adem\u00e1s de feminista e integrante de la Coordinaci\u00f3n Nacional de la Red Chilena contra la Violencia hacia las Mujeres. Sus principales intereses de investigaci\u00f3n abordan los campos de la antropolog\u00eda del cuerpo, sexualidades, g\u00e9nero y violencia. Particularmente, en su tesis de pregrado se aproxima a las experiencias de autoidentificaci\u00f3n y vivencia de la bisexualidad de j\u00f3venes chilenos\/as que viven en Santiago, y c\u00f3mo estas se enmarcan dentro de procesos socio-culturales. Tiene un inter\u00e9s creciente en los mundos digitales que surge desde este estudio, ya que observ\u00f3 su relevancia para la producci\u00f3n de identidades.<\/p>\n<\/div><\/details>\n\n\n\n<details class=\"wp-block-themeisle-blocks-accordion-item\"><summary class=\"wp-block-themeisle-blocks-accordion-item__title\"><div><strong><strong><strong>Ra\u00fal Zuleta<\/strong><\/strong><\/strong><\/div><\/summary><div class=\"wp-block-themeisle-blocks-accordion-item__content\">\n<figure class=\"wp-block-image size-large is-resized\"><img loading=\"lazy\" decoding=\"async\" width=\"1024\" height=\"1019\" src=\"https:\/\/i0.wp.com\/cts-chile.cl\/xiencuentro\/wp-content\/uploads\/2023\/11\/image-7.jpg?resize=1024%2C1019&#038;ssl=1\" alt=\"\" class=\"wp-image-1397\" style=\"width:107px;height:auto\" srcset=\"https:\/\/i0.wp.com\/cts-chile.cl\/xiencuentro\/wp-content\/uploads\/2023\/11\/image-7.jpg?resize=1024%2C1019&amp;ssl=1 1024w, https:\/\/i0.wp.com\/cts-chile.cl\/xiencuentro\/wp-content\/uploads\/2023\/11\/image-7.jpg?resize=300%2C300&amp;ssl=1 300w, https:\/\/i0.wp.com\/cts-chile.cl\/xiencuentro\/wp-content\/uploads\/2023\/11\/image-7.jpg?resize=150%2C150&amp;ssl=1 150w, https:\/\/i0.wp.com\/cts-chile.cl\/xiencuentro\/wp-content\/uploads\/2023\/11\/image-7.jpg?resize=768%2C764&amp;ssl=1 768w, https:\/\/i0.wp.com\/cts-chile.cl\/xiencuentro\/wp-content\/uploads\/2023\/11\/image-7.jpg?w=1204&amp;ssl=1 1204w\" sizes=\"auto, (max-width: 1000px) 100vw, 1000px\" data-recalc-dims=\"1\" \/><\/figure>\n\n\n\n<p>Psic\u00f3logo de la Universidad de La Serena y mag\u00edster en sociolog\u00eda de la Universidad Alberto Hurtado. Actualmente ejerce la docencia en la Universidad Central, La Serena, para las carreras de psicolog\u00eda, pedagog\u00eda y sociolog\u00eda. Entr\u00f3 en contacto con las perspectivas CTS durante sus estudios de postgrado, principalmente en lo referido al uso de la idea de ensamblaje para entender los procesos de surgimiento y desarrollo de pol\u00edticas p\u00fablicas. Hoy en d\u00eda reparte su tiempo entre la universidad y paseos en bicicleta.<\/p>\n<\/div><\/details>\n\n\n\n<details class=\"wp-block-themeisle-blocks-accordion-item\"><summary class=\"wp-block-themeisle-blocks-accordion-item__title\"><div><strong><strong><strong><strong>Eduardo Rojas Arce<\/strong><\/strong><\/strong><\/strong><\/div><\/summary><div class=\"wp-block-themeisle-blocks-accordion-item__content\">\n<figure class=\"wp-block-image size-full is-resized\"><img loading=\"lazy\" decoding=\"async\" width=\"786\" height=\"792\" src=\"https:\/\/i0.wp.com\/cts-chile.cl\/xiencuentro\/wp-content\/uploads\/2023\/11\/image-8.jpg?resize=786%2C792&#038;ssl=1\" alt=\"\" class=\"wp-image-1399\" style=\"width:108px;height:auto\" srcset=\"https:\/\/i0.wp.com\/cts-chile.cl\/xiencuentro\/wp-content\/uploads\/2023\/11\/image-8.jpg?w=786&amp;ssl=1 786w, https:\/\/i0.wp.com\/cts-chile.cl\/xiencuentro\/wp-content\/uploads\/2023\/11\/image-8.jpg?resize=298%2C300&amp;ssl=1 298w, https:\/\/i0.wp.com\/cts-chile.cl\/xiencuentro\/wp-content\/uploads\/2023\/11\/image-8.jpg?resize=150%2C150&amp;ssl=1 150w, https:\/\/i0.wp.com\/cts-chile.cl\/xiencuentro\/wp-content\/uploads\/2023\/11\/image-8.jpg?resize=768%2C774&amp;ssl=1 768w\" sizes=\"auto, (max-width: 786px) 100vw, 786px\" data-recalc-dims=\"1\" \/><\/figure>\n\n\n\n<p>Licenciado en antropolog\u00eda social por la Universidad de Chile y candidato a&nbsp; mag\u00edster en Antropolog\u00edas Latinoamericanas por la Universidad Alberto Hurtado. Ha trabajado como asistente de investigaci\u00f3n y etn\u00f3grafo en proyectos Fondecyt, ONG y consultor\u00edas. Sus \u00e1reas de inter\u00e9s son los estudios CTS volcados a las ciencias de la vida contempor\u00e1neas y la biotecnolog\u00eda, la antropolog\u00eda objetual o de los objetos, la teor\u00eda etnogr\u00e1fica, la antropolog\u00eda de la vida, los estudios y la etnograf\u00eda multiespecie. Actualmente desarrolla una etnograf\u00eda multiespecie y de laboratorio en laboratorios dedicados a la biolog\u00eda y biotecnolog\u00eda \u2013 con especial \u00e9nfasis en biolog\u00eda de sistemas y biolog\u00eda sint\u00e9tica \u2013 del Gran Santiago.&nbsp;<\/p>\n<\/div><\/details>\n\n\n\n<details class=\"wp-block-themeisle-blocks-accordion-item\"><summary class=\"wp-block-themeisle-blocks-accordion-item__title\"><div><strong><strong><strong><strong><strong>Mat\u00edas Campos-Garagay<\/strong><\/strong><\/strong><\/strong><\/strong><\/div><\/summary><div class=\"wp-block-themeisle-blocks-accordion-item__content\">\n<figure class=\"wp-block-image size-full is-resized\"><img loading=\"lazy\" decoding=\"async\" width=\"1002\" height=\"920\" src=\"https:\/\/i0.wp.com\/cts-chile.cl\/xiencuentro\/wp-content\/uploads\/2023\/11\/image-9.jpg?resize=1002%2C920&#038;ssl=1\" alt=\"\" class=\"wp-image-1401\" style=\"width:110px;height:auto\" srcset=\"https:\/\/i0.wp.com\/cts-chile.cl\/xiencuentro\/wp-content\/uploads\/2023\/11\/image-9.jpg?w=1002&amp;ssl=1 1002w, https:\/\/i0.wp.com\/cts-chile.cl\/xiencuentro\/wp-content\/uploads\/2023\/11\/image-9.jpg?resize=300%2C275&amp;ssl=1 300w, https:\/\/i0.wp.com\/cts-chile.cl\/xiencuentro\/wp-content\/uploads\/2023\/11\/image-9.jpg?resize=768%2C705&amp;ssl=1 768w\" sizes=\"auto, (max-width: 1000px) 100vw, 1000px\" data-recalc-dims=\"1\" \/><\/figure>\n\n\n\n<p>Bioqu\u00edmico de la Universidad de Concepci\u00f3n y oriundo de la misma ciudad. Est\u00e1 realizando el Mag\u00edster en Ciencias con Menci\u00f3n en Microbiolog\u00eda de la Universidad de Concepci\u00f3n. Le interesa el trabajo de las interfases medio ambiente &#8211; ecolog\u00eda &#8211; salud. Su l\u00ednea de investigaci\u00f3n actual son los probi\u00f3ticos con aplicaciones en el medio ambiente. Ha sido dos veces Monitor de Campamento Explora &#8211; ANID. Muy disperso. Le fascina el lenguaje de los microorganismos. Escribe cuentos que introducen conceptos relacionados a las ciencias biol\u00f3gicas y qu\u00e9 pueden revisar en su cuenta de Instagram @reticularmatias.&nbsp;<\/p>\n\n\n\n<p>&nbsp;<\/p>\n<\/div><\/details>\n\n\n\n<details class=\"wp-block-themeisle-blocks-accordion-item\"><summary class=\"wp-block-themeisle-blocks-accordion-item__title\"><div><strong><strong><strong><strong><strong><strong>Natalia Madrid<\/strong><\/strong><\/strong><\/strong><\/strong><\/strong><\/div><\/summary><div class=\"wp-block-themeisle-blocks-accordion-item__content\">\n<figure class=\"wp-block-image size-full is-resized\"><img loading=\"lazy\" decoding=\"async\" width=\"834\" height=\"858\" src=\"https:\/\/i0.wp.com\/cts-chile.cl\/xiencuentro\/wp-content\/uploads\/2023\/11\/image-10.jpg?resize=834%2C858&#038;ssl=1\" alt=\"\" class=\"wp-image-1403\" style=\"width:103px;height:auto\" srcset=\"https:\/\/i0.wp.com\/cts-chile.cl\/xiencuentro\/wp-content\/uploads\/2023\/11\/image-10.jpg?w=834&amp;ssl=1 834w, https:\/\/i0.wp.com\/cts-chile.cl\/xiencuentro\/wp-content\/uploads\/2023\/11\/image-10.jpg?resize=292%2C300&amp;ssl=1 292w, https:\/\/i0.wp.com\/cts-chile.cl\/xiencuentro\/wp-content\/uploads\/2023\/11\/image-10.jpg?resize=768%2C790&amp;ssl=1 768w\" sizes=\"auto, (max-width: 834px) 100vw, 834px\" data-recalc-dims=\"1\" \/><\/figure>\n\n\n\n<p>Bi\u00f3loga, comunicadora de la ciencia, provinciana y mam\u00e1. Creci\u00f3 en el norte y luego migr\u00f3 al sur de Chile. En el \u00e1mbito laboral, se desempe\u00f1a en equipos interdisciplinarios, aportando desde la comunicaci\u00f3n cient\u00edfica al desarrollo de productos de divulgaci\u00f3n, experiencias y plataformas de informaci\u00f3n para la ciudadan\u00eda. En la actualidad ha comenzado a trabajar con comunidades rurales gestionando proyectos para la valoraci\u00f3n del medio ambiente presente en sus territorios.<\/p>\n\n\n\n<p>&nbsp;<\/p>\n<\/div><\/details>\n<\/div>\n<\/div>\n<\/div><\/div>\n\n\n\n<figure class=\"wp-block-image size-large\"><img loading=\"lazy\" decoding=\"async\" width=\"1024\" height=\"576\" src=\"https:\/\/i0.wp.com\/cts-chile.cl\/xiencuentro\/wp-content\/uploads\/2023\/08\/Diseno-sin-titulo.gif?resize=1024%2C576&#038;ssl=1\" alt=\"\" class=\"wp-image-1059\" srcset=\"https:\/\/i0.wp.com\/cts-chile.cl\/xiencuentro\/wp-content\/uploads\/2023\/08\/Diseno-sin-titulo.gif?resize=1024%2C576&amp;ssl=1 1024w, https:\/\/i0.wp.com\/cts-chile.cl\/xiencuentro\/wp-content\/uploads\/2023\/08\/Diseno-sin-titulo.gif?resize=300%2C169&amp;ssl=1 300w, https:\/\/i0.wp.com\/cts-chile.cl\/xiencuentro\/wp-content\/uploads\/2023\/08\/Diseno-sin-titulo.gif?resize=768%2C432&amp;ssl=1 768w\" sizes=\"auto, (max-width: 1000px) 100vw, 1000px\" data-recalc-dims=\"1\" \/><\/figure>\n","protected":false},"excerpt":{"rendered":"<p>Adicionalmente, este a\u00f1o inauguramos un nuevo Programa de Mentor\u00edas CTS-Chile asociado a este encuentro, el cual tiene por objetivo proveer de espacios de formaci\u00f3n y oportunidades de networking para el crecimiento profesional\/acad\u00e9mico de estudiantes de pregrado, estudiantes de mag\u00edster, reci\u00e9n egresada\/os y profesionales afines a esta comunidad. El programa tiene una postulaci\u00f3n independiente a la [&hellip;]<\/p>\n","protected":false},"author":2,"featured_media":0,"parent":0,"menu_order":0,"comment_status":"closed","ping_status":"closed","template":"","meta":{"_themeisle_gutenberg_block_has_review":false,"footnotes":""},"class_list":["post-1233","page","type-page","status-publish","hentry"],"jetpack_sharing_enabled":true,"_links":{"self":[{"href":"https:\/\/cts-chile.cl\/xiencuentro\/wp-json\/wp\/v2\/pages\/1233","targetHints":{"allow":["GET"]}}],"collection":[{"href":"https:\/\/cts-chile.cl\/xiencuentro\/wp-json\/wp\/v2\/pages"}],"about":[{"href":"https:\/\/cts-chile.cl\/xiencuentro\/wp-json\/wp\/v2\/types\/page"}],"author":[{"embeddable":true,"href":"https:\/\/cts-chile.cl\/xiencuentro\/wp-json\/wp\/v2\/users\/2"}],"replies":[{"embeddable":true,"href":"https:\/\/cts-chile.cl\/xiencuentro\/wp-json\/wp\/v2\/comments?post=1233"}],"version-history":[{"count":26,"href":"https:\/\/cts-chile.cl\/xiencuentro\/wp-json\/wp\/v2\/pages\/1233\/revisions"}],"predecessor-version":[{"id":1417,"href":"https:\/\/cts-chile.cl\/xiencuentro\/wp-json\/wp\/v2\/pages\/1233\/revisions\/1417"}],"wp:attachment":[{"href":"https:\/\/cts-chile.cl\/xiencuentro\/wp-json\/wp\/v2\/media?parent=1233"}],"curies":[{"name":"wp","href":"https:\/\/api.w.org\/{rel}","templated":true}]}}