{"id":1226,"date":"2023-08-13T22:12:22","date_gmt":"2023-08-14T02:12:22","guid":{"rendered":"https:\/\/cts-chile.cl\/xiencuentro\/?page_id=1226"},"modified":"2023-08-14T01:49:48","modified_gmt":"2023-08-14T05:49:48","slug":"contacto","status":"publish","type":"page","link":"https:\/\/cts-chile.cl\/xiencuentro\/contacto\/","title":{"rendered":"Contacto"},"content":{"rendered":"\n<p>Si desea contactarse con la organizaci\u00f3n del XI Encuentro CTS-Chile, puede dirigirse al Comit\u00e9 Organizador mediante el siguiente <strong>correo electr\u00f3nico: admin@cts-chile.cl<\/strong><\/p>\n\n\n\n<p><strong>Miembros del Comit\u00e9 Organizador<\/strong><\/p>\n\n\n\n<ul class=\"wp-block-list\">\n<li><strong>Jimena Carrasco<\/strong> (Facultad de Medicina, Universidad Austral de Chile; Presidenta Comit\u00e9 Cient\u00edfico)<\/li>\n\n\n\n<li><strong>Mart\u00edn P\u00e9rez Comisso<\/strong> (Facultad Cs. Qu\u00edmicas y Farmac\u00e9uticas, Universidad de Chile; Coordinador General)&nbsp;<\/li>\n\n\n\n<li><strong>Natalia Orrego<\/strong> (Escuela de Antropolog\u00eda, Pontificia Universidad Cat\u00f3lica de Chile; Encargada Programa de Mentor\u00edas)&nbsp;<\/li>\n\n\n\n<li><strong>Patricia Pe\u00f1a <\/strong>(Facultad de Comunicaci\u00f3n e Imagen, Universidad de Chile)<\/li>\n\n\n\n<li><strong>Javier Alvarez<\/strong> (Dir. Investigaci\u00f3n de la Sede, Universidad Central, La Serena; Coordinador Local)<\/li>\n\n\n\n<li><strong>Gonzalo Aguirre<\/strong> (Departamento de Antropolog\u00eda, Brown University)<\/li>\n\n\n\n<li><strong>Nicole Larrondo <\/strong>(Instituto de Historia, Pontificia Universidad Cat\u00f3lica de Chile)<\/li>\n\n\n\n<li><strong>\u00c1mbar \u00c1ngel Toledo<\/strong> (Facultad de Ciencias Sociales, Universidad de Chile)<\/li>\n\n\n\n<li><strong>Agustina Solinas<\/strong> (Escuela de Sociolog\u00eda, Universidad Alberto Hurtado)<\/li>\n<\/ul>\n\n\n\n<hr class=\"wp-block-separator has-alpha-channel-opacity is-style-wide\"\/>\n\n\n\n<p><strong>Puede contactarnos tambi\u00e9n a trav\u00e9s de las redes sociales de la Red CTS-Chile:<\/strong><\/p>\n\n\n\n<p><strong>\ud83c\udf35Facebook:<\/strong> <a href=\"https:\/\/web.facebook.com\/CTSChile\">https:\/\/web.facebook.com\/CTSChile<\/a><\/p>\n\n\n\n<p><strong>\ud83c\udf0aInstagram:<\/strong> <a href=\"https:\/\/www.instagram.com\/cts_chile\/?hl=en\">@cts_Chile<\/a>&nbsp;<\/p>\n\n\n\n<p><strong>\ud83c\udf20Twitter:<\/strong> <a href=\"https:\/\/twitter.com\/CTS_Chile\">@cts_chile<\/a>&nbsp;<\/p>\n\n\n\n<p><\/p>\n","protected":false},"excerpt":{"rendered":"<p>Si desea contactarse con la organizaci\u00f3n del XI Encuentro CTS-Chile, puede dirigirse al Comit\u00e9 Organizador mediante el siguiente correo electr\u00f3nico: admin@cts-chile.cl Miembros del Comit\u00e9 Organizador Puede contactarnos tambi\u00e9n a trav\u00e9s de las redes sociales de la Red CTS-Chile: \ud83c\udf35Facebook: https:\/\/web.facebook.com\/CTSChile \ud83c\udf0aInstagram: @cts_Chile&nbsp; \ud83c\udf20Twitter: @cts_chile&nbsp;<\/p>\n","protected":false},"author":2,"featured_media":0,"parent":0,"menu_order":0,"comment_status":"closed","ping_status":"closed","template":"","meta":{"_themeisle_gutenberg_block_has_review":false,"footnotes":""},"class_list":["post-1226","page","type-page","status-publish","hentry"],"jetpack_sharing_enabled":true,"_links":{"self":[{"href":"https:\/\/cts-chile.cl\/xiencuentro\/wp-json\/wp\/v2\/pages\/1226","targetHints":{"allow":["GET"]}}],"collection":[{"href":"https:\/\/cts-chile.cl\/xiencuentro\/wp-json\/wp\/v2\/pages"}],"about":[{"href":"https:\/\/cts-chile.cl\/xiencuentro\/wp-json\/wp\/v2\/types\/page"}],"author":[{"embeddable":true,"href":"https:\/\/cts-chile.cl\/xiencuentro\/wp-json\/wp\/v2\/users\/2"}],"replies":[{"embeddable":true,"href":"https:\/\/cts-chile.cl\/xiencuentro\/wp-json\/wp\/v2\/comments?post=1226"}],"version-history":[{"count":3,"href":"https:\/\/cts-chile.cl\/xiencuentro\/wp-json\/wp\/v2\/pages\/1226\/revisions"}],"predecessor-version":[{"id":1232,"href":"https:\/\/cts-chile.cl\/xiencuentro\/wp-json\/wp\/v2\/pages\/1226\/revisions\/1232"}],"wp:attachment":[{"href":"https:\/\/cts-chile.cl\/xiencuentro\/wp-json\/wp\/v2\/media?parent=1226"}],"curies":[{"name":"wp","href":"https:\/\/api.w.org\/{rel}","templated":true}]}}