{"id":1151,"date":"2023-08-13T20:28:42","date_gmt":"2023-08-14T00:28:42","guid":{"rendered":"https:\/\/cts-chile.cl\/xiencuentro\/?page_id=1151"},"modified":"2023-09-25T10:40:15","modified_gmt":"2023-09-25T14:40:15","slug":"inscripcion","status":"publish","type":"page","link":"https:\/\/cts-chile.cl\/xiencuentro\/inscripcion\/","title":{"rendered":"Tem\u00e1ticas"},"content":{"rendered":"\n<p style=\"margin-top:0;margin-bottom:0;padding-top:0;padding-right:0;padding-bottom:0;padding-left:0\">La actividad tendr\u00e1 acceso a Modalidad H\u00edbrida, la cual debe ser indicada en la postulaci\u00f3n como un \u00abotro\u00bb, para la consideraci\u00f3n del C\u00f3mite Organizador.<strong> Priorizaremos presentaciones presenciales por capacidad, pero invitamos a todos\/as a participar.<\/strong> Los detalles t\u00e9cnicos ser\u00e1n enviados con el anuncio del programa final (Diciembre 2023).<\/p>\n\n\n\n<p style=\"margin-top:0;margin-bottom:0;padding-top:0;padding-right:0;padding-bottom:0;padding-left:0\">Convocamos a las comunidades de CTS a presentar sus propuestas en tem\u00e1ticas y actividades de vinculaci\u00f3n social, teniendo como marco referencial las siguientes grandes tem\u00e1ticas:<\/p>\n\n\n\n<section id=\"wp-block-themeisle-blocks-advanced-columns-335a2f03\" class=\"wp-block-themeisle-blocks-advanced-columns alignfull has-1-columns has-desktop-equal-layout has-tablet-equal-layout has-mobile-equal-layout has-vertical-top\"><div class=\"wp-block-themeisle-blocks-advanced-columns-overlay\"><\/div><div class=\"innerblocks-wrap\">\n<div id=\"wp-block-themeisle-blocks-advanced-column-5d90343f\" class=\"wp-block-themeisle-blocks-advanced-column\">\n<section id=\"wp-block-themeisle-blocks-advanced-columns-b2ead1d6\" class=\"wp-block-themeisle-blocks-advanced-columns has-1-columns has-desktop-equal-layout has-tablet-equal-layout has-mobile-equal-layout has-vertical-center\"><div class=\"wp-block-themeisle-blocks-advanced-columns-overlay\"><\/div><div class=\"innerblocks-wrap\">\n<div id=\"wp-block-themeisle-blocks-advanced-column-c7267654\" class=\"wp-block-themeisle-blocks-advanced-column\">\n<figure class=\"wp-block-image aligncenter size-large is-resized has-custom-border is-style-default\"><img loading=\"lazy\" decoding=\"async\" src=\"https:\/\/i0.wp.com\/cts-chile.cl\/xiencuentro\/wp-content\/uploads\/2023\/08\/XICTS_Dibujo_Logo-e1691624584133-1024x265.png?resize=356%2C92&#038;ssl=1\" alt=\"\" class=\"wp-image-1032\" style=\"border-style:none;border-width:0px;border-radius:0px;object-fit:cover;width:356px;height:92px\" width=\"356\" height=\"92\" srcset=\"https:\/\/i0.wp.com\/cts-chile.cl\/xiencuentro\/wp-content\/uploads\/2023\/08\/XICTS_Dibujo_Logo-e1691624584133.png?resize=1024%2C265&amp;ssl=1 1024w, https:\/\/i0.wp.com\/cts-chile.cl\/xiencuentro\/wp-content\/uploads\/2023\/08\/XICTS_Dibujo_Logo-e1691624584133.png?resize=300%2C78&amp;ssl=1 300w, https:\/\/i0.wp.com\/cts-chile.cl\/xiencuentro\/wp-content\/uploads\/2023\/08\/XICTS_Dibujo_Logo-e1691624584133.png?resize=768%2C199&amp;ssl=1 768w, https:\/\/i0.wp.com\/cts-chile.cl\/xiencuentro\/wp-content\/uploads\/2023\/08\/XICTS_Dibujo_Logo-e1691624584133.png?resize=1536%2C398&amp;ssl=1 1536w, https:\/\/i0.wp.com\/cts-chile.cl\/xiencuentro\/wp-content\/uploads\/2023\/08\/XICTS_Dibujo_Logo-e1691624584133.png?w=1870&amp;ssl=1 1870w\" sizes=\"auto, (max-width: 356px) 100vw, 356px\" data-recalc-dims=\"1\" \/><\/figure>\n<\/div>\n<\/div><\/section>\n\n\n\n<section id=\"wp-block-themeisle-blocks-advanced-columns-8e7cc7ae\" class=\"wp-block-themeisle-blocks-advanced-columns has-3-columns has-desktop-equal-layout has-tablet-equal-layout has-mobile-collapsedRows-layout has-vertical-flex-start\"><div class=\"wp-block-themeisle-blocks-advanced-columns-overlay\"><\/div><div class=\"innerblocks-wrap\">\n<div id=\"wp-block-themeisle-blocks-advanced-column-725f10a7\" class=\"wp-block-themeisle-blocks-advanced-column\"><div class=\"wp-block-themeisle-blocks-advanced-column-overlay\"><\/div>\n<h5 class=\"wp-block-heading has-text-align-left\">\ud83c\udf35Dimensiones, Perspectiva y Estudios de g\u00e9nero y diversidad en CTI<\/h5>\n\n\n\n<h5 class=\"wp-block-heading has-text-align-left\">\ud83c\udf35Comunicaci\u00f3n p\u00fablica y\/o acad\u00e9mica de las ciencias<\/h5>\n\n\n\n<h5 class=\"wp-block-heading has-text-align-left\">\ud83c\udf35Educaci\u00f3n y Formaci\u00f3n para la vida en Ciencias y Tecnolog\u00eda<\/h5>\n\n\n\n<h5 class=\"wp-block-heading has-text-align-left\">\ud83c\udf35Relaciones Arte-Ciencia, con especial inter\u00e9s en poes\u00eda<\/h5>\n\n\n\n<h5 class=\"wp-block-heading has-text-align-left\">\ud83c\udf35Cienciometr\u00eda, Formas, redes y pr\u00e1cticas de las expertise<\/h5>\n\n\n\n<h5 class=\"wp-block-heading has-text-align-left\">\ud83c\udf35Estudios Multiespecies: Gen\u00e9ticas, gen\u00f3micas y biotecnolog\u00edas cr\u00edticas<\/h5>\n\n\n\n<h5 class=\"wp-block-heading has-text-align-left\">\ud83c\udf35Estudios CTS en Naturaleza y Sociedad; con \u00e9nfasis en la ruralidad, desierto y zonas \u00e1ridas<\/h5>\n<\/div>\n\n\n\n<div id=\"wp-block-themeisle-blocks-advanced-column-3c67f726\" class=\"wp-block-themeisle-blocks-advanced-column\"><div class=\"wp-block-themeisle-blocks-advanced-column-overlay\"><\/div>\n<h5 class=\"wp-block-heading has-text-align-left\">\ud83c\udf35Procesos y culturas de Innovaci\u00f3n cient\u00edfico y tecnol\u00f3gica<\/h5>\n\n\n\n<h5 class=\"wp-block-heading has-text-align-left\">\ud83c\udf35Estudios sociales cr\u00edticos sobre la salud, cuerpo y la mente (psi)<\/h5>\n\n\n\n<h5 class=\"wp-block-heading has-text-align-left\">\ud83c\udf35Imaginarios sociot\u00e9cnicos, Especulaci\u00f3n y ficciones cient\u00edficas<\/h5>\n\n\n\n<h5 class=\"wp-block-heading has-text-align-left\">\ud83c\udf35Activismos y Sociedad Civil, Ciencia Ciudadana y Participativa<\/h5>\n\n\n\n<h5 class=\"wp-block-heading has-text-align-left\">\ud83c\udf35Conocimiento y Patrimonios, con \u00e9nfasis en Zonas \u00c1ridas<\/h5>\n\n\n\n<h5 class=\"wp-block-heading has-text-align-left\">\ud83c\udf35Conocimientos Ind\u00edgenas, CTS Decolonial y\/o Postcolonial<\/h5>\n\n\n\n<h5 class=\"wp-block-heading has-text-align-left\">\ud83c\udf35Miradas sobre Nuevos Modelos de Desarrollo y Desarrollo Productivo Sustentable: Extractivismos, Agriculturas y Mercados<\/h5>\n<\/div>\n\n\n\n<div id=\"wp-block-themeisle-blocks-advanced-column-4956dbc0\" class=\"wp-block-themeisle-blocks-advanced-column\"><div class=\"wp-block-themeisle-blocks-advanced-column-overlay\"><\/div>\n<h5 class=\"wp-block-heading has-text-align-left\">\ud83c\udf35Infraestructuras e Interfaces, especialmente entre mar, monta\u00f1a y estrellas<\/h5>\n\n\n\n<h5 class=\"wp-block-heading has-text-align-left\">\ud83c\udf35Gobernanza de datos, Conocimiento y Ciencia Abierta<\/h5>\n\n\n\n<h5 class=\"wp-block-heading has-text-align-left\">\ud83c\udf35Historia e historiogr\u00e1ficas cient\u00edficas en Chile y Latinoam\u00e9rica<\/h5>\n\n\n\n<h5 class=\"wp-block-heading has-text-align-left\">\ud83c\udf35Internacionalizaci\u00f3n de la Ciencia, Diplomacia Cient\u00edfica<\/h5>\n\n\n\n<h5 class=\"wp-block-heading has-text-align-left\">\ud83c\udf35Estudios de controversias tecnocient\u00edficas<\/h5>\n\n\n\n<h5 class=\"wp-block-heading has-text-align-left\">\ud83c\udf35Pol\u00edticas de Ciencia, Tecnolog\u00eda e Innovaci\u00f3n (CTI), con \u00e9nfasis en la Macrozona Norte Chico<\/h5>\n\n\n\n<h5 class=\"wp-block-heading has-text-align-left\">\ud83c\udf35Relaciones de conocimiento y los territorios: Universidad, Ciudad. Migraciones, Seguridad; Territorios epist\u00e9micos<\/h5>\n<\/div>\n<\/div><\/section>\n<\/div>\n<\/div><\/section>\n\n\n\n<div id=\"wp-block-themeisle-blocks-button-group-00552869\" class=\"wp-block-themeisle-blocks-button-group wp-block-buttons align-center-desktop\">\n<div id=\"wp-block-themeisle-blocks-button-6283a1b0\" class=\"wp-block-themeisle-blocks-button wp-block-button\"><a href=\"https:\/\/forms.gle\/en5Swu1pmcxYoCKz7\" target=\"_blank\" rel=\"noopener noreferrer\" class=\"wp-block-button__link\"><span>INSCRIBIR CONTRIBUCI\u00d3N<\/span><\/a><\/div>\n<\/div>\n\n\n\n<div class=\"wp-block-group alignfull has-background-color has-black-background-color has-background is-nowrap is-layout-flex wp-container-core-group-is-layout-f81e44e7 wp-block-group-is-layout-flex\" style=\"border-style:none;border-width:0px;border-radius:0px;min-height:141px;margin-top:var(--wp--preset--spacing--40);margin-bottom:var(--wp--preset--spacing--40);padding-top:0;padding-right:0;padding-bottom:0;padding-left:0\">\n<div class=\"wp-block-group alignwide has-medium-font-size is-content-justification-space-between is-layout-flex wp-container-core-group-is-layout-b585a4aa wp-block-group-is-layout-flex\">\n<div class=\"wp-block-group is-layout-flex wp-block-group-is-layout-flex\"><nav class=\"has-text-color has-ti-bg-color has-normal-font-size is-responsive items-justified-center wp-block-navigation is-content-justification-center is-layout-flex wp-container-core-navigation-is-layout-64ede673 wp-block-navigation-is-layout-flex\" aria-label=\"Navegaci\u00f3n\" \n\t\t data-wp-interactive=\"core\/navigation\" data-wp-context='{\"overlayOpenedBy\":{\"click\":false,\"hover\":false,\"focus\":false},\"type\":\"overlay\",\"roleAttribute\":\"\",\"ariaLabel\":\"Men\\u00fa\"}'><button aria-haspopup=\"dialog\" aria-label=\"Abrir el men\u00fa\" class=\"wp-block-navigation__responsive-container-open\" \n\t\t\t\tdata-wp-on--click=\"actions.openMenuOnClick\"\n\t\t\t\tdata-wp-on--keydown=\"actions.handleMenuKeydown\"\n\t\t\t><svg width=\"24\" height=\"24\" xmlns=\"http:\/\/www.w3.org\/2000\/svg\" viewBox=\"0 0 24 24\" aria-hidden=\"true\" focusable=\"false\"><path d=\"M4 7.5h16v1.5H4z\"><\/path><path d=\"M4 15h16v1.5H4z\"><\/path><\/svg><\/button>\n\t\t\t\t<div class=\"wp-block-navigation__responsive-container\"  id=\"modal-1\" \n\t\t\t\tdata-wp-class--has-modal-open=\"state.isMenuOpen\"\n\t\t\t\tdata-wp-class--is-menu-open=\"state.isMenuOpen\"\n\t\t\t\tdata-wp-watch=\"callbacks.initMenu\"\n\t\t\t\tdata-wp-on--keydown=\"actions.handleMenuKeydown\"\n\t\t\t\tdata-wp-on--focusout=\"actions.handleMenuFocusout\"\n\t\t\t\ttabindex=\"-1\"\n\t\t\t>\n\t\t\t\t\t<div class=\"wp-block-navigation__responsive-close\" tabindex=\"-1\">\n\t\t\t\t\t\t<div class=\"wp-block-navigation__responsive-dialog\" \n\t\t\t\tdata-wp-bind--aria-modal=\"state.ariaModal\"\n\t\t\t\tdata-wp-bind--aria-label=\"state.ariaLabel\"\n\t\t\t\tdata-wp-bind--role=\"state.roleAttribute\"\n\t\t\t>\n\t\t\t\t\t\t\t<button aria-label=\"Cerrar el men\u00fa\" class=\"wp-block-navigation__responsive-container-close\" \n\t\t\t\tdata-wp-on--click=\"actions.closeMenuOnClick\"\n\t\t\t><svg xmlns=\"http:\/\/www.w3.org\/2000\/svg\" viewBox=\"0 0 24 24\" width=\"24\" height=\"24\" aria-hidden=\"true\" focusable=\"false\"><path d=\"m13.06 12 6.47-6.47-1.06-1.06L12 10.94 5.53 4.47 4.47 5.53 10.94 12l-6.47 6.47 1.06 1.06L12 13.06l6.47 6.47 1.06-1.06L13.06 12Z\"><\/path><\/svg><\/button>\n\t\t\t\t\t\t\t<div class=\"wp-block-navigation__responsive-container-content\" \n\t\t\t\tdata-wp-watch=\"callbacks.focusFirstElement\"\n\t\t\t id=\"modal-1-content\">\n\t\t\t\t\t\t\t\t<ul class=\"wp-block-navigation__container has-text-color has-ti-bg-color has-normal-font-size is-responsive items-justified-center wp-block-navigation has-normal-font-size\"><li class=\"has-text-color has-ti-bg-color has-normal-font-size wp-block-navigation-item wp-block-home-link\"><a class=\"wp-block-home-link__content wp-block-navigation-item__content\" href=\"https:\/\/cts-chile.cl\/xiencuentro\" rel=\"home\"><strong>Inicio<\/strong><\/a><\/li><li data-wp-context=\"{ &quot;submenuOpenedBy&quot;: { &quot;click&quot;: false, &quot;hover&quot;: false, &quot;focus&quot;: false }, &quot;type&quot;: &quot;submenu&quot;, &quot;modal&quot;: null, &quot;previousFocus&quot;: null }\" data-wp-interactive=\"core\/navigation\" data-wp-on--focusout=\"actions.handleMenuFocusout\" data-wp-on--keydown=\"actions.handleMenuKeydown\" data-wp-on--mouseenter=\"actions.openMenuOnHover\" data-wp-on--mouseleave=\"actions.closeMenuOnHover\" data-wp-watch=\"callbacks.initMenu\" tabindex=\"-1\" class=\"wp-block-navigation-item has-normal-font-size has-child open-on-hover-click wp-block-navigation-submenu\"><a class=\"wp-block-navigation-item__content\" href=\"https:\/\/cts-chile.cl\/xiencuentro\/programa-oficial\/\"><span class=\"wp-block-navigation-item__label\"><strong>Programa Oficial<\/strong><\/span><\/a><button data-wp-bind--aria-expanded=\"state.isMenuOpen\" data-wp-on--click=\"actions.toggleMenuOnClick\" aria-label=\"Submen\u00fa de Programa Oficial\" class=\"wp-block-navigation__submenu-icon wp-block-navigation-submenu__toggle\" ><svg xmlns=\"http:\/\/www.w3.org\/2000\/svg\" width=\"12\" height=\"12\" viewBox=\"0 0 12 12\" fill=\"none\" aria-hidden=\"true\" focusable=\"false\"><path d=\"M1.50002 4L6.00002 8L10.5 4\" stroke-width=\"1.5\"><\/path><\/svg><\/button><ul data-wp-on--focus=\"actions.openMenuOnFocus\" class=\"wp-block-navigation__submenu-container wp-block-navigation-submenu\"><li class=\"has-normal-font-size wp-block-navigation-item wp-block-navigation-link\"><a class=\"wp-block-navigation-item__content\"  href=\"https:\/\/cts-chile.cl\/xiencuentro\/mesas-tematicas\/\"><span class=\"wp-block-navigation-item__label\">Ponencias<\/span><\/a><\/li><li class=\"has-normal-font-size wp-block-navigation-item wp-block-navigation-link\"><a class=\"wp-block-navigation-item__content\"  href=\"https:\/\/cts-chile.cl\/xiencuentro\/libro-de-resumenes\/\"><span class=\"wp-block-navigation-item__label\">Libro de Res\u00famenes<\/span><\/a><\/li><li class=\"has-normal-font-size wp-block-navigation-item wp-block-navigation-link\"><a class=\"wp-block-navigation-item__content\"  href=\"https:\/\/cts-chile.cl\/xiencuentro\/speakers-y-conferencias-de-nuestro-xi-encuentro\/\"><span class=\"wp-block-navigation-item__label\">Speakers y Conferencias<\/span><\/a><\/li><li class=\"has-normal-font-size wp-block-navigation-item wp-block-navigation-link\"><a class=\"wp-block-navigation-item__content\"  href=\"https:\/\/cts-chile.cl\/xiencuentro\/paneles-del-encuentro\/\"><span class=\"wp-block-navigation-item__label\">Paneles<\/span><\/a><\/li><li class=\"has-normal-font-size wp-block-navigation-item wp-block-navigation-link\"><a class=\"wp-block-navigation-item__content\"  href=\"https:\/\/cts-chile.cl\/xiencuentro\/taller-de-programacion\/\"><span class=\"wp-block-navigation-item__label\">Taller de Programaci\u00f3n<\/span><\/a><\/li><\/ul><\/li><li class=\"has-normal-font-size wp-block-navigation-item wp-block-navigation-link\"><a class=\"wp-block-navigation-item__content\"  href=\"https:\/\/cts-chile.cl\/xiencuentro\/equipo-organizador\/\"><span class=\"wp-block-navigation-item__label\"><strong>Equipo Organizador<\/strong><\/span><\/a><\/li><li class=\"has-normal-font-size wp-block-navigation-item wp-block-navigation-link\"><a class=\"wp-block-navigation-item__content\"  href=\"https:\/\/cts-chile.cl\/xiencuentro\/comite-cientifico\/\"><span class=\"wp-block-navigation-item__label\"><strong>Comit\u00e9 Cient\u00edfico<\/strong><\/span><\/a><\/li><li data-wp-context=\"{ &quot;submenuOpenedBy&quot;: { &quot;click&quot;: false, &quot;hover&quot;: false, &quot;focus&quot;: false }, &quot;type&quot;: &quot;submenu&quot;, &quot;modal&quot;: null, &quot;previousFocus&quot;: null }\" data-wp-interactive=\"core\/navigation\" data-wp-on--focusout=\"actions.handleMenuFocusout\" data-wp-on--keydown=\"actions.handleMenuKeydown\" data-wp-on--mouseenter=\"actions.openMenuOnHover\" data-wp-on--mouseleave=\"actions.closeMenuOnHover\" data-wp-watch=\"callbacks.initMenu\" tabindex=\"-1\" class=\"wp-block-navigation-item has-normal-font-size has-child open-on-hover-click wp-block-navigation-submenu\"><a class=\"wp-block-navigation-item__content\" href=\"https:\/\/cts-chile.cl\/xiencuentro\/convocatoria\/\"><span class=\"wp-block-navigation-item__label\"><strong>Convocatoria<\/strong><\/span><\/a><button data-wp-bind--aria-expanded=\"state.isMenuOpen\" data-wp-on--click=\"actions.toggleMenuOnClick\" aria-label=\"Submen\u00fa de Convocatoria\" class=\"wp-block-navigation__submenu-icon wp-block-navigation-submenu__toggle\" ><svg xmlns=\"http:\/\/www.w3.org\/2000\/svg\" width=\"12\" height=\"12\" viewBox=\"0 0 12 12\" fill=\"none\" aria-hidden=\"true\" focusable=\"false\"><path d=\"M1.50002 4L6.00002 8L10.5 4\" stroke-width=\"1.5\"><\/path><\/svg><\/button><ul data-wp-on--focus=\"actions.openMenuOnFocus\" class=\"wp-block-navigation__submenu-container wp-block-navigation-submenu\"><li class=\"has-normal-font-size wp-block-navigation-item wp-block-navigation-link\"><a class=\"wp-block-navigation-item__content\"  href=\"https:\/\/cts-chile.cl\/xiencuentro\/inscripcion\/\"><span class=\"wp-block-navigation-item__label\">Tem\u00e1ticas<\/span><\/a><\/li><li class=\"has-normal-font-size wp-block-navigation-item wp-block-navigation-link\"><a class=\"wp-block-navigation-item__content\"  href=\"https:\/\/cts-chile.cl\/xiencuentro\/resultados\/\"><span class=\"wp-block-navigation-item__label\">Aceptados<\/span><\/a><\/li><\/ul><\/li><li class=\"has-normal-font-size wp-block-navigation-item wp-block-navigation-link\"><a class=\"wp-block-navigation-item__content\"  href=\"https:\/\/cts-chile.cl\/xiencuentro\/programa-de-mentorias\/\"><span class=\"wp-block-navigation-item__label\"><strong>Programa de Mentor\u00edas<\/strong><\/span><\/a><\/li><li class=\"has-normal-font-size wp-block-navigation-item wp-block-navigation-link\"><a class=\"wp-block-navigation-item__content\"  href=\"https:\/\/cts-chile.cl\/xiencuentro\/cena-comunidad-cts-chile\/\"><span class=\"wp-block-navigation-item__label\"><strong>Cena CTS-Chile<\/strong><\/span><\/a><\/li><li class=\"has-normal-font-size wp-block-navigation-item wp-block-navigation-link\"><a class=\"wp-block-navigation-item__content\"  href=\"https:\/\/cts-chile.cl\/xiencuentro\/informacion-turistica\/\"><span class=\"wp-block-navigation-item__label\"><strong>Informaci\u00f3n Tur\u00edstica<\/strong><\/span><\/a><\/li><li class=\"has-normal-font-size wp-block-navigation-item far fa-comments wp-block-navigation-link\"><a class=\"wp-block-navigation-item__content\"  href=\"https:\/\/cts-chile.cl\/xiencuentro\/faq\/\"><span class=\"wp-block-navigation-item__label\"><strong>FAQ<\/strong><\/span><\/a><\/li><li class=\"has-normal-font-size wp-block-navigation-item wp-block-navigation-link\"><a class=\"wp-block-navigation-item__content\"  href=\"https:\/\/cts-chile.cl\/xiencuentro\/contacto\/\"><span class=\"wp-block-navigation-item__label\"><strong>Contacto<\/strong><\/span><\/a><\/li><\/ul>\n\t\t\t\t\t\t\t<\/div>\n\t\t\t\t\t\t<\/div>\n\t\t\t\t\t<\/div>\n\t\t\t\t<\/div><\/nav><\/div>\n\n\n\n<figure class=\"wp-block-image size-large is-resized\"><img loading=\"lazy\" decoding=\"async\" src=\"https:\/\/i0.wp.com\/cts-chile.cl\/xiencuentro\/wp-content\/uploads\/2023\/08\/XICTS_Dibujo_Logo-e1691624584133-1024x265.png?resize=95%2C25&#038;ssl=1\" alt=\"\" class=\"wp-image-1032\" style=\"width:95px;height:25px\" width=\"95\" height=\"25\" srcset=\"https:\/\/i0.wp.com\/cts-chile.cl\/xiencuentro\/wp-content\/uploads\/2023\/08\/XICTS_Dibujo_Logo-e1691624584133.png?resize=1024%2C265&amp;ssl=1 1024w, https:\/\/i0.wp.com\/cts-chile.cl\/xiencuentro\/wp-content\/uploads\/2023\/08\/XICTS_Dibujo_Logo-e1691624584133.png?resize=300%2C78&amp;ssl=1 300w, https:\/\/i0.wp.com\/cts-chile.cl\/xiencuentro\/wp-content\/uploads\/2023\/08\/XICTS_Dibujo_Logo-e1691624584133.png?resize=768%2C199&amp;ssl=1 768w, https:\/\/i0.wp.com\/cts-chile.cl\/xiencuentro\/wp-content\/uploads\/2023\/08\/XICTS_Dibujo_Logo-e1691624584133.png?resize=1536%2C398&amp;ssl=1 1536w, https:\/\/i0.wp.com\/cts-chile.cl\/xiencuentro\/wp-content\/uploads\/2023\/08\/XICTS_Dibujo_Logo-e1691624584133.png?w=1870&amp;ssl=1 1870w\" sizes=\"auto, (max-width: 95px) 100vw, 95px\" data-recalc-dims=\"1\" \/><\/figure>\n\n\n<div class=\"wp-block-site-logo\"><a href=\"https:\/\/cts-chile.cl\/xiencuentro\/\" class=\"custom-logo-link\" rel=\"home\"><img loading=\"lazy\" decoding=\"async\" width=\"74\" height=\"23\" src=\"https:\/\/i0.wp.com\/cts-chile.cl\/xiencuentro\/wp-content\/uploads\/2023\/09\/IG_Stories_Tipos_contribucion__3_-removebg-preview-e1695652116648.png?fit=305%2C97&amp;ssl=1\" class=\"custom-logo\" alt=\"XI Encuentro CTS-Chile\" srcset=\"https:\/\/i0.wp.com\/cts-chile.cl\/xiencuentro\/wp-content\/uploads\/2023\/09\/IG_Stories_Tipos_contribucion__3_-removebg-preview-e1695652116648.png?w=305&amp;ssl=1 305w, https:\/\/i0.wp.com\/cts-chile.cl\/xiencuentro\/wp-content\/uploads\/2023\/09\/IG_Stories_Tipos_contribucion__3_-removebg-preview-e1695652116648.png?resize=300%2C95&amp;ssl=1 300w\" sizes=\"auto, (max-width: 74px) 100vw, 74px\" \/><\/a><\/div>\n\n\n<ul class=\"wp-block-social-links is-layout-flex wp-block-social-links-is-layout-flex\"><li class=\"wp-social-link wp-social-link-facebook  wp-block-social-link\"><a href=\"https:\/\/web.facebook.com\/CTSChile\" class=\"wp-block-social-link-anchor\"><svg width=\"24\" height=\"24\" viewBox=\"0 0 24 24\" version=\"1.1\" xmlns=\"http:\/\/www.w3.org\/2000\/svg\" aria-hidden=\"true\" focusable=\"false\"><path d=\"M12 2C6.5 2 2 6.5 2 12c0 5 3.7 9.1 8.4 9.9v-7H7.9V12h2.5V9.8c0-2.5 1.5-3.9 3.8-3.9 1.1 0 2.2.2 2.2.2v2.5h-1.3c-1.2 0-1.6.8-1.6 1.6V12h2.8l-.4 2.9h-2.3v7C18.3 21.1 22 17 22 12c0-5.5-4.5-10-10-10z\"><\/path><\/svg><span class=\"wp-block-social-link-label screen-reader-text\">Facebook<\/span><\/a><\/li>\n\n<li class=\"wp-social-link wp-social-link-twitter  wp-block-social-link\"><a href=\"https:\/\/twitter.com\/CTS_Chile\" class=\"wp-block-social-link-anchor\"><svg width=\"24\" height=\"24\" viewBox=\"0 0 24 24\" version=\"1.1\" xmlns=\"http:\/\/www.w3.org\/2000\/svg\" aria-hidden=\"true\" focusable=\"false\"><path d=\"M22.23,5.924c-0.736,0.326-1.527,0.547-2.357,0.646c0.847-0.508,1.498-1.312,1.804-2.27 c-0.793,0.47-1.671,0.812-2.606,0.996C18.324,4.498,17.257,4,16.077,4c-2.266,0-4.103,1.837-4.103,4.103 c0,0.322,0.036,0.635,0.106,0.935C8.67,8.867,5.647,7.234,3.623,4.751C3.27,5.357,3.067,6.062,3.067,6.814 c0,1.424,0.724,2.679,1.825,3.415c-0.673-0.021-1.305-0.206-1.859-0.513c0,0.017,0,0.034,0,0.052c0,1.988,1.414,3.647,3.292,4.023 c-0.344,0.094-0.707,0.144-1.081,0.144c-0.264,0-0.521-0.026-0.772-0.074c0.522,1.63,2.038,2.816,3.833,2.85 c-1.404,1.1-3.174,1.756-5.096,1.756c-0.331,0-0.658-0.019-0.979-0.057c1.816,1.164,3.973,1.843,6.29,1.843 c7.547,0,11.675-6.252,11.675-11.675c0-0.178-0.004-0.355-0.012-0.531C20.985,7.47,21.68,6.747,22.23,5.924z\"><\/path><\/svg><span class=\"wp-block-social-link-label screen-reader-text\">Twitter<\/span><\/a><\/li>\n\n<li class=\"wp-social-link wp-social-link-instagram  wp-block-social-link\"><a href=\"https:\/\/www.instagram.com\/cts_chile\/?hl=en\" class=\"wp-block-social-link-anchor\"><svg width=\"24\" height=\"24\" viewBox=\"0 0 24 24\" version=\"1.1\" xmlns=\"http:\/\/www.w3.org\/2000\/svg\" aria-hidden=\"true\" focusable=\"false\"><path d=\"M12,4.622c2.403,0,2.688,0.009,3.637,0.052c0.877,0.04,1.354,0.187,1.671,0.31c0.42,0.163,0.72,0.358,1.035,0.673 c0.315,0.315,0.51,0.615,0.673,1.035c0.123,0.317,0.27,0.794,0.31,1.671c0.043,0.949,0.052,1.234,0.052,3.637 s-0.009,2.688-0.052,3.637c-0.04,0.877-0.187,1.354-0.31,1.671c-0.163,0.42-0.358,0.72-0.673,1.035 c-0.315,0.315-0.615,0.51-1.035,0.673c-0.317,0.123-0.794,0.27-1.671,0.31c-0.949,0.043-1.233,0.052-3.637,0.052 s-2.688-0.009-3.637-0.052c-0.877-0.04-1.354-0.187-1.671-0.31c-0.42-0.163-0.72-0.358-1.035-0.673 c-0.315-0.315-0.51-0.615-0.673-1.035c-0.123-0.317-0.27-0.794-0.31-1.671C4.631,14.688,4.622,14.403,4.622,12 s0.009-2.688,0.052-3.637c0.04-0.877,0.187-1.354,0.31-1.671c0.163-0.42,0.358-0.72,0.673-1.035 c0.315-0.315,0.615-0.51,1.035-0.673c0.317-0.123,0.794-0.27,1.671-0.31C9.312,4.631,9.597,4.622,12,4.622 M12,3 C9.556,3,9.249,3.01,8.289,3.054C7.331,3.098,6.677,3.25,6.105,3.472C5.513,3.702,5.011,4.01,4.511,4.511 c-0.5,0.5-0.808,1.002-1.038,1.594C3.25,6.677,3.098,7.331,3.054,8.289C3.01,9.249,3,9.556,3,12c0,2.444,0.01,2.751,0.054,3.711 c0.044,0.958,0.196,1.612,0.418,2.185c0.23,0.592,0.538,1.094,1.038,1.594c0.5,0.5,1.002,0.808,1.594,1.038 c0.572,0.222,1.227,0.375,2.185,0.418C9.249,20.99,9.556,21,12,21s2.751-0.01,3.711-0.054c0.958-0.044,1.612-0.196,2.185-0.418 c0.592-0.23,1.094-0.538,1.594-1.038c0.5-0.5,0.808-1.002,1.038-1.594c0.222-0.572,0.375-1.227,0.418-2.185 C20.99,14.751,21,14.444,21,12s-0.01-2.751-0.054-3.711c-0.044-0.958-0.196-1.612-0.418-2.185c-0.23-0.592-0.538-1.094-1.038-1.594 c-0.5-0.5-1.002-0.808-1.594-1.038c-0.572-0.222-1.227-0.375-2.185-0.418C14.751,3.01,14.444,3,12,3L12,3z M12,7.378 c-2.552,0-4.622,2.069-4.622,4.622S9.448,16.622,12,16.622s4.622-2.069,4.622-4.622S14.552,7.378,12,7.378z M12,15 c-1.657,0-3-1.343-3-3s1.343-3,3-3s3,1.343,3,3S13.657,15,12,15z M16.804,6.116c-0.596,0-1.08,0.484-1.08,1.08 s0.484,1.08,1.08,1.08c0.596,0,1.08-0.484,1.08-1.08S17.401,6.116,16.804,6.116z\"><\/path><\/svg><span class=\"wp-block-social-link-label screen-reader-text\">Instagram<\/span><\/a><\/li><\/ul>\n<\/div>\n<\/div>\n","protected":false},"excerpt":{"rendered":"<p>La actividad tendr\u00e1 acceso a Modalidad H\u00edbrida, la cual debe ser indicada en la postulaci\u00f3n como un \u00abotro\u00bb, para la consideraci\u00f3n del C\u00f3mite Organizador. Priorizaremos presentaciones presenciales por capacidad, pero invitamos a todos\/as a participar. Los detalles t\u00e9cnicos ser\u00e1n enviados con el anuncio del programa final (Diciembre 2023). Convocamos a las comunidades de CTS a [&hellip;]<\/p>\n","protected":false},"author":2,"featured_media":1017,"parent":0,"menu_order":0,"comment_status":"closed","ping_status":"closed","template":"","meta":{"_themeisle_gutenberg_block_has_review":false,"footnotes":""},"class_list":["post-1151","page","type-page","status-publish","has-post-thumbnail","hentry"],"jetpack_sharing_enabled":true,"_links":{"self":[{"href":"https:\/\/cts-chile.cl\/xiencuentro\/wp-json\/wp\/v2\/pages\/1151","targetHints":{"allow":["GET"]}}],"collection":[{"href":"https:\/\/cts-chile.cl\/xiencuentro\/wp-json\/wp\/v2\/pages"}],"about":[{"href":"https:\/\/cts-chile.cl\/xiencuentro\/wp-json\/wp\/v2\/types\/page"}],"author":[{"embeddable":true,"href":"https:\/\/cts-chile.cl\/xiencuentro\/wp-json\/wp\/v2\/users\/2"}],"replies":[{"embeddable":true,"href":"https:\/\/cts-chile.cl\/xiencuentro\/wp-json\/wp\/v2\/comments?post=1151"}],"version-history":[{"count":18,"href":"https:\/\/cts-chile.cl\/xiencuentro\/wp-json\/wp\/v2\/pages\/1151\/revisions"}],"predecessor-version":[{"id":1317,"href":"https:\/\/cts-chile.cl\/xiencuentro\/wp-json\/wp\/v2\/pages\/1151\/revisions\/1317"}],"wp:featuredmedia":[{"embeddable":true,"href":"https:\/\/cts-chile.cl\/xiencuentro\/wp-json\/wp\/v2\/media\/1017"}],"wp:attachment":[{"href":"https:\/\/cts-chile.cl\/xiencuentro\/wp-json\/wp\/v2\/media?parent=1151"}],"curies":[{"name":"wp","href":"https:\/\/api.w.org\/{rel}","templated":true}]}}