{"id":951,"date":"2022-10-31T21:04:00","date_gmt":"2022-10-31T21:04:00","guid":{"rendered":"https:\/\/cts-chile.cl\/xencuentro\/?page_id=951"},"modified":"2023-04-24T14:32:05","modified_gmt":"2023-04-24T14:32:05","slug":"programa","status":"publish","type":"page","link":"https:\/\/cts-chile.cl\/xencuentro\/programa\/","title":{"rendered":"Programa"},"content":{"rendered":"\n<figure class=\"wp-block-embed is-type-video is-provider-youtube wp-block-embed-youtube wp-embed-aspect-16-9 wp-has-aspect-ratio\"><div class=\"wp-block-embed__wrapper\">\n<iframe loading=\"lazy\" title=\"X Encuentro CTS Chile, Punta Arenas, 2023\" width=\"1400\" height=\"788\" src=\"https:\/\/www.youtube.com\/embed\/wYoAw4a4YfM?feature=oembed\" frameborder=\"0\" allow=\"accelerometer; autoplay; clipboard-write; encrypted-media; gyroscope; picture-in-picture; web-share\" allowfullscreen><\/iframe>\n<\/div><figcaption class=\"wp-element-caption\">Lanzamiento X Encuentro CTS Chile en Punta Arenas.<\/figcaption><\/figure>\n\n\n\n<p class=\"has-black-color has-text-color has-regular-font-size\">Se presenta un esquema <a href=\"https:\/\/drive.google.com\/file\/d\/1JFV88h75xf8Gzr9MfSN8ND0zhJvkXABG\/view?usp=sharing\">general<\/a> y <a href=\"https:\/\/docs.google.com\/spreadsheets\/d\/1TUApHUcq9qQP6awLHvH9M8wIZrUJKkBR\/edit?usp=sharing&amp;ouid=107318139151730605035&amp;rtpof=true&amp;sd=true\">detallado<\/a> del <strong>Programa<\/strong> <strong>Final<\/strong> del X Encuentro CTS Chile; documentos que se pueden descargar al t\u00e9rmino de esta p\u00e1gina.<\/p>\n\n\n\n<p>Recuerde que a partir del 1 de abril de 2023, la Regi\u00f3n de Magallanes y de la Ant\u00e1rtica Chilena tendr\u00e1 una hora m\u00e1s que el resto del pa\u00eds. Mayor informaci\u00f3n en https:\/\/www.horaoficial.cl. <\/p>\n\n\n\n<p><\/p>\n\n\n\n<p class=\"has-text-align-center has-vivid-green-cyan-color has-text-color has-large-font-size\"><strong>PROGRAMA GENERAL X ENCUENTRO CTS CHILE 2023<\/strong><\/p>\n\n\n\n<figure class=\"wp-block-image size-large\"><img data-recalc-dims=\"1\" loading=\"lazy\" decoding=\"async\" width=\"768\" height=\"1024\" src=\"https:\/\/i0.wp.com\/cts-chile.cl\/xencuentro\/wp-content\/uploads\/2023\/04\/Mind-Map-6.png?resize=768%2C1024&#038;ssl=1\" alt=\"\" class=\"wp-image-1664\" srcset=\"https:\/\/i0.wp.com\/cts-chile.cl\/xencuentro\/wp-content\/uploads\/2023\/04\/Mind-Map-6.png?resize=768%2C1024&amp;ssl=1 768w, https:\/\/i0.wp.com\/cts-chile.cl\/xencuentro\/wp-content\/uploads\/2023\/04\/Mind-Map-6.png?resize=225%2C300&amp;ssl=1 225w, https:\/\/i0.wp.com\/cts-chile.cl\/xencuentro\/wp-content\/uploads\/2023\/04\/Mind-Map-6.png?resize=1152%2C1536&amp;ssl=1 1152w, https:\/\/i0.wp.com\/cts-chile.cl\/xencuentro\/wp-content\/uploads\/2023\/04\/Mind-Map-6.png?resize=1536%2C2048&amp;ssl=1 1536w, https:\/\/i0.wp.com\/cts-chile.cl\/xencuentro\/wp-content\/uploads\/2023\/04\/Mind-Map-6.png?resize=690%2C920&amp;ssl=1 690w, https:\/\/i0.wp.com\/cts-chile.cl\/xencuentro\/wp-content\/uploads\/2023\/04\/Mind-Map-6.png?resize=1317%2C1756&amp;ssl=1 1317w, https:\/\/i0.wp.com\/cts-chile.cl\/xencuentro\/wp-content\/uploads\/2023\/04\/Mind-Map-6.png?resize=800%2C1067&amp;ssl=1 800w, https:\/\/i0.wp.com\/cts-chile.cl\/xencuentro\/wp-content\/uploads\/2023\/04\/Mind-Map-6.png?resize=1400%2C1867&amp;ssl=1 1400w\" sizes=\"auto, (max-width: 768px) 100vw, 768px\" \/><\/figure>\n\n\n\n<figure class=\"wp-block-image size-large\"><img data-recalc-dims=\"1\" loading=\"lazy\" decoding=\"async\" width=\"768\" height=\"1024\" src=\"https:\/\/i0.wp.com\/cts-chile.cl\/xencuentro\/wp-content\/uploads\/2023\/04\/PROGRAMA-FINAL-V1.png?resize=768%2C1024&#038;ssl=1\" alt=\"\" class=\"wp-image-1683\" srcset=\"https:\/\/i0.wp.com\/cts-chile.cl\/xencuentro\/wp-content\/uploads\/2023\/04\/PROGRAMA-FINAL-V1.png?resize=768%2C1024&amp;ssl=1 768w, https:\/\/i0.wp.com\/cts-chile.cl\/xencuentro\/wp-content\/uploads\/2023\/04\/PROGRAMA-FINAL-V1.png?resize=225%2C300&amp;ssl=1 225w, https:\/\/i0.wp.com\/cts-chile.cl\/xencuentro\/wp-content\/uploads\/2023\/04\/PROGRAMA-FINAL-V1.png?resize=1152%2C1536&amp;ssl=1 1152w, https:\/\/i0.wp.com\/cts-chile.cl\/xencuentro\/wp-content\/uploads\/2023\/04\/PROGRAMA-FINAL-V1.png?resize=1536%2C2048&amp;ssl=1 1536w, https:\/\/i0.wp.com\/cts-chile.cl\/xencuentro\/wp-content\/uploads\/2023\/04\/PROGRAMA-FINAL-V1.png?resize=690%2C920&amp;ssl=1 690w, https:\/\/i0.wp.com\/cts-chile.cl\/xencuentro\/wp-content\/uploads\/2023\/04\/PROGRAMA-FINAL-V1.png?resize=1317%2C1756&amp;ssl=1 1317w, https:\/\/i0.wp.com\/cts-chile.cl\/xencuentro\/wp-content\/uploads\/2023\/04\/PROGRAMA-FINAL-V1.png?resize=800%2C1067&amp;ssl=1 800w, https:\/\/i0.wp.com\/cts-chile.cl\/xencuentro\/wp-content\/uploads\/2023\/04\/PROGRAMA-FINAL-V1.png?resize=1400%2C1867&amp;ssl=1 1400w\" sizes=\"auto, (max-width: 768px) 100vw, 768px\" \/><\/figure>\n\n\n\n<figure class=\"wp-block-image size-large\"><img data-recalc-dims=\"1\" loading=\"lazy\" decoding=\"async\" width=\"768\" height=\"1024\" src=\"https:\/\/i0.wp.com\/cts-chile.cl\/xencuentro\/wp-content\/uploads\/2023\/04\/PROGRAMA-FINAL-V1-1.png?resize=768%2C1024&#038;ssl=1\" alt=\"\" class=\"wp-image-1689\" srcset=\"https:\/\/i0.wp.com\/cts-chile.cl\/xencuentro\/wp-content\/uploads\/2023\/04\/PROGRAMA-FINAL-V1-1.png?resize=768%2C1024&amp;ssl=1 768w, https:\/\/i0.wp.com\/cts-chile.cl\/xencuentro\/wp-content\/uploads\/2023\/04\/PROGRAMA-FINAL-V1-1.png?resize=225%2C300&amp;ssl=1 225w, https:\/\/i0.wp.com\/cts-chile.cl\/xencuentro\/wp-content\/uploads\/2023\/04\/PROGRAMA-FINAL-V1-1.png?resize=1152%2C1536&amp;ssl=1 1152w, https:\/\/i0.wp.com\/cts-chile.cl\/xencuentro\/wp-content\/uploads\/2023\/04\/PROGRAMA-FINAL-V1-1.png?resize=1536%2C2048&amp;ssl=1 1536w, https:\/\/i0.wp.com\/cts-chile.cl\/xencuentro\/wp-content\/uploads\/2023\/04\/PROGRAMA-FINAL-V1-1.png?resize=690%2C920&amp;ssl=1 690w, https:\/\/i0.wp.com\/cts-chile.cl\/xencuentro\/wp-content\/uploads\/2023\/04\/PROGRAMA-FINAL-V1-1.png?resize=1317%2C1756&amp;ssl=1 1317w, https:\/\/i0.wp.com\/cts-chile.cl\/xencuentro\/wp-content\/uploads\/2023\/04\/PROGRAMA-FINAL-V1-1.png?resize=800%2C1067&amp;ssl=1 800w, https:\/\/i0.wp.com\/cts-chile.cl\/xencuentro\/wp-content\/uploads\/2023\/04\/PROGRAMA-FINAL-V1-1.png?resize=1400%2C1867&amp;ssl=1 1400w\" sizes=\"auto, (max-width: 768px) 100vw, 768px\" \/><\/figure>\n\n\n\n<p class=\"has-luminous-vivid-orange-color has-text-color\">Descargue aqu\u00ed el detalle de mesas y ponencias, por d\u00eda y horarios:  <strong><a href=\"https:\/\/docs.google.com\/spreadsheets\/d\/1TUApHUcq9qQP6awLHvH9M8wIZrUJKkBR\/edit?usp=sharing&amp;ouid=107318139151730605035&amp;rtpof=true&amp;sd=true\">PROGRAMA DETALLADO<\/a><\/strong><\/p>\n\n\n\n<p class=\"has-vivid-cyan-blue-color has-text-color\">Descargue aqu\u00ed el <strong><a href=\"https:\/\/drive.google.com\/file\/d\/1JFV88h75xf8Gzr9MfSN8ND0zhJvkXABG\/view?usp=share_link\">PROGRAMA GENERAL<\/a><\/strong><\/p>\n\n\n\n<p><\/p>\n\n\n\n<p class=\"has-text-align-center has-black-color has-text-color has-large-font-size\"><strong>COMIT\u00c9 ORGANIZADOR<\/strong><\/p>\n\n\n\n<ul class=\"wp-block-list\">\n<li>Mag. \u00a9 El\u00edas Barticevic, Instituto Ant\u00e1rtico Chileno, Presidente del Comit\u00e9 Organizador.<\/li>\n\n\n\n<li>Dr. Juan Carlos Aravena, Universidad de Magallanes.<\/li>\n\n\n\n<li>Loreto Medina, Nodo Ciencia Austral &#8211; Universidad de Magallanes.<\/li>\n\n\n\n<li>Mag. Vania Gessel, Universidad de Magallanes. <\/li>\n\n\n\n<li>Dr. Rodolfo Sapiains, Universidad de Chile &#8211; CIGA-UMAG.<\/li>\n\n\n\n<li>Dr. Jorge Castillo, Universidad de Santiago de Chile.<\/li>\n\n\n\n<li>Dra. Jimena Carrasco, Universidad Austral de Chile.<\/li>\n\n\n\n<li>Mag. \u00a9 Felipe Bustos, Nodo Ciencia Austral &#8211; UMAG &#8211; Universidad de La Frontera.<\/li>\n\n\n\n<li>Rafael Cheuquelaf, Universidad de Magallanes.<\/li>\n\n\n\n<li>Pia R\u00edos, Universidad de Magallanes. <\/li>\n\n\n\n<li>Mag. Rodrigo Santib\u00e1\u00f1ez, NODO Ciencia Austral &#8211; UMAG.<\/li>\n<\/ul>\n\n\n\n<p class=\"has-text-align-center has-large-font-size\"><strong>COMIT\u00c9 CIENT\u00cdFICO<\/strong><\/p>\n\n\n\n<ul class=\"wp-block-list\">\n<li>Dr. Ronald Cancino, Universidad de La Frontera, Presidente del Comit\u00e9 Cient\u00edfico.&nbsp;<\/li>\n\n\n\n<li>Dr. Cristian Ortega, Universidad Arturo Prat.<\/li>\n\n\n\n<li>Dr. Andr\u00e9s G\u00f3mez, de la Universidad de Chile.<\/li>\n\n\n\n<li>Dra. Gloria Baigorrotegui, Universidad de Santiago de Chile.<\/li>\n\n\n\n<li>Dra. Cecilia Ibarra, Universidad de Chile.<\/li>\n\n\n\n<li>Dr. Sebasti\u00e1n Ureta, Universidad Alberto Hurtado.<\/li>\n\n\n\n<li>Dr. Pablo Villarroel, Universidad Austral de Chile.<\/li>\n\n\n\n<li>Mag. Andrea Foessel, Universidad de Ays\u00e9n.&nbsp;<\/li>\n\n\n\n<li>Dra. Flavia Morello, Universidad de Magallanes.<\/li>\n\n\n\n<li>Dr. Juan Carlos Aravena, Universidad de Magallanes.<\/li>\n\n\n\n<li>Dr. Marcelo Gonz\u00e1lez, Instituto Ant\u00e1rtico Chileno.<\/li>\n<\/ul>\n\n\n\n<figure class=\"wp-block-image size-full\"><img data-recalc-dims=\"1\" loading=\"lazy\" decoding=\"async\" width=\"674\" height=\"404\" src=\"https:\/\/i0.wp.com\/cts-chile.cl\/xencuentro\/wp-content\/uploads\/2023\/04\/logos-cts.png?resize=674%2C404&#038;ssl=1\" alt=\"\" class=\"wp-image-1687\" srcset=\"https:\/\/i0.wp.com\/cts-chile.cl\/xencuentro\/wp-content\/uploads\/2023\/04\/logos-cts.png?w=674&amp;ssl=1 674w, https:\/\/i0.wp.com\/cts-chile.cl\/xencuentro\/wp-content\/uploads\/2023\/04\/logos-cts.png?resize=300%2C180&amp;ssl=1 300w\" sizes=\"auto, (max-width: 674px) 100vw, 674px\" \/><\/figure>\n","protected":false},"excerpt":{"rendered":"<p>Se presenta un esquema general y detallado del Programa Final del X Encuentro CTS Chile; documentos que se pueden descargar al t\u00e9rmino de esta p\u00e1gina. Recuerde que a partir del 1 de abril de 2023, la Regi\u00f3n de Magallanes y de la Ant\u00e1rtica Chilena tendr\u00e1 una hora m\u00e1s que el resto del pa\u00eds. Mayor informaci\u00f3n&hellip;<\/p>\n<a class=\"read-more-link\" href=\" https:\/\/cts-chile.cl\/xencuentro\/programa\/ \">Read More<\/a>","protected":false},"author":2,"featured_media":0,"parent":0,"menu_order":0,"comment_status":"closed","ping_status":"closed","template":"templates\/full-width-page.php","meta":{"footnotes":""},"class_list":["post-951","page","type-page","status-publish","hentry","col-lg-3 col-md-4 col-sm-6"],"jetpack_sharing_enabled":true,"_links":{"self":[{"href":"https:\/\/cts-chile.cl\/xencuentro\/wp-json\/wp\/v2\/pages\/951","targetHints":{"allow":["GET"]}}],"collection":[{"href":"https:\/\/cts-chile.cl\/xencuentro\/wp-json\/wp\/v2\/pages"}],"about":[{"href":"https:\/\/cts-chile.cl\/xencuentro\/wp-json\/wp\/v2\/types\/page"}],"author":[{"embeddable":true,"href":"https:\/\/cts-chile.cl\/xencuentro\/wp-json\/wp\/v2\/users\/2"}],"replies":[{"embeddable":true,"href":"https:\/\/cts-chile.cl\/xencuentro\/wp-json\/wp\/v2\/comments?post=951"}],"version-history":[{"count":94,"href":"https:\/\/cts-chile.cl\/xencuentro\/wp-json\/wp\/v2\/pages\/951\/revisions"}],"predecessor-version":[{"id":1706,"href":"https:\/\/cts-chile.cl\/xencuentro\/wp-json\/wp\/v2\/pages\/951\/revisions\/1706"}],"wp:attachment":[{"href":"https:\/\/cts-chile.cl\/xencuentro\/wp-json\/wp\/v2\/media?parent=951"}],"curies":[{"name":"wp","href":"https:\/\/api.w.org\/{rel}","templated":true}]}}