{"id":292,"date":"2022-10-31T22:37:00","date_gmt":"2022-10-31T22:37:00","guid":{"rendered":"https:\/\/cts-chile.cl\/xencuentro\/?page_id=292"},"modified":"2023-04-24T14:07:35","modified_gmt":"2023-04-24T14:07:35","slug":"convocatoria","status":"publish","type":"page","link":"https:\/\/cts-chile.cl\/xencuentro\/convocatoria\/","title":{"rendered":"Convocatoria 2023"},"content":{"rendered":"\n<p>Los estudios de Ciencia, Tecnolog\u00eda y Sociedad (CTS) son una referencia en nuestro pa\u00eds. La red CTS-Chile discute y revive anualmente sus contribuciones a los estudios de la Ciencia, la Tecnolog\u00eda y la Sociedad. A nivel internacional, los fen\u00f3menos asociados a la pandemia, el cambio clim\u00e1tico, tensiones pol\u00edticas y geopol\u00edticas internacionales, evidencian c\u00f3mo las cuestiones sociales, pol\u00edticas, culturales y ambientales, son inseparables de otras cient\u00edficas y tecnol\u00f3gicas. Esta imbricaci\u00f3n es propicia para el desarrollo de los estudios CTS, los cuales articulan, de modos heterog\u00e9neos, realidades y fen\u00f3menos socio-t\u00e9cnicos espec\u00edficos.<\/p>\n\n\n\n<p>En 2023, la Red CTS-Chile cumple 10 a\u00f1os de trabajo ininterrumpido en la organizaci\u00f3n de nuestros encuentros-congresos anuales. Como decisi\u00f3n expl\u00edcita, las reuniones se mueven descentralizadamente a lo largo del pa\u00eds. Esta vez, el encuentro se realizar\u00e1 en la ciudad de<strong> Punta Arenas<\/strong>, Regi\u00f3n de <strong>Magallanes y la Ant\u00e1rtica Chilena<\/strong>, entre el <strong>26 y 28 de abril de 2023,<\/strong> teniendo como anfitriones al Instituto Ant\u00e1rtico Chileno (INACH) y a la Universidad de Magallanes (UMAG), siendo la sede del encuentro el Centro Asistencial Docente e Investigaci\u00f3n (CADI) de la UMAG.&nbsp;&nbsp;<\/p>\n\n\n\n<p>Lo perteneciente a las regiones australes es fecundo para pensar y concebir el conocimiento CTS desde lugares y modos propios. Espec\u00edficamente, en la pol\u00edtica nacional, los confines para pensar los futuros posibles, entre otros. Se trata de maritorios y territorios que desde larga data han relacionado lo local y lo global, ya sea como espacio de articulaci\u00f3n a rutas mundiales de viajes, descubrimientos y traves\u00edas, as\u00ed como locus de observaci\u00f3n de transformaciones a escala planetaria vinculadas a fen\u00f3menos extremos, el cambio clim\u00e1tico, la sustentabilidad y la protecci\u00f3n ambiental. Asimismo, estos maritorios y territorios est\u00e1n siendo tensionados fuertemente por proyectos energ\u00e9ticos de escala local, nacional y global, como la instalaci\u00f3n de la industria del hidr\u00f3geno verde y la salmonicultura. Junto a ello, la distancia, la lejan\u00eda y el aislamiento conforman un paisaje natural y cultural de infraestructuras de fronteras y remotas que otorgan especificidad a lo que hoy se ha denominado como la Macrozona Austral, compuesta por las regiones de Ays\u00e9n del General Carlos Ib\u00e1\u00f1ez del Campo y de Magallanes y de la Ant\u00e1rtica Chilena.&nbsp;<\/p>\n\n\n\n<p>En este contexto, las pol\u00edticas de ciencia, tecnolog\u00eda, conocimiento e innovaci\u00f3n regionales vienen orientando la conformaci\u00f3n de redes locales e interregionales de actores en torno al Nodo de Ciencia Austral y la definici\u00f3n de prioridades en relaci\u00f3n al cambio clim\u00e1tico, la sustentabilidad, la acci\u00f3n antr\u00f3pica, el conocimiento vinculado al patrimonio; y la investigaci\u00f3n subant\u00e1rtica y ant\u00e1rtica. La Macrozona Austral, adem\u00e1s, cuenta con una institucionalidad cient\u00edfica marcada por sus alcances geopol\u00edticos locales y globales, en torno al desarrollo del conocimiento de la Patagonia, la Tierra del Fuego y, particularmente, de la Ant\u00e1rtica, dando una impronta a Chile en el concierto internacional. Como en ning\u00fan otro lugar, la tensi\u00f3n centro periferia, se hace palpable en la relaci\u00f3n local nacional pero tambi\u00e9n con lo global.<\/p>\n\n\n\n<p>Las capacidades locales y su devenir, hacen evidentes preguntas claves sobre la relaci\u00f3n entre estas capacidades y los requerimientos, demandas y conflictividades sociot\u00e9cnicas y\/o socioambientales locales. Se trata de giros socioterritoriales de las agendas cient\u00edficas que merecen la pena observar y reflexionar, pues podr\u00edan indicar nuevas formas de la relaci\u00f3n ciencia, tecnolog\u00eda y sociedad en contextos de transformaciones.<\/p>\n\n\n\n<p class=\"has-vivid-green-cyan-color has-text-color has-large-font-size\"><strong>CONVOCATORIA A PRESENTAR MESAS DE TRABAJO Y ACCIONES DE VINCULACI\u00d3N CON EL ENTORNO CTS<\/strong><\/p>\n\n\n\n<p>En la Macrozona Austral de Chile, existen un conjunto de desaf\u00edos CTS que constituyen cuestiones relevantes en nuestro campo de investigaci\u00f3n y acci\u00f3n. Por ejemplo, la construcci\u00f3n regional de pol\u00edticas de CTCI y su impacto en los maritorios; la producci\u00f3n y circulaci\u00f3n de conocimientos; la comprensi\u00f3n, an\u00e1lisis e inscripci\u00f3n social de capacidades de CTCI; los procesos de patrimonializaci\u00f3n, conformaci\u00f3n y reconfiguraci\u00f3n de identidades ind\u00edgenas y locales; la valoraci\u00f3n territorial local, regional y las relaciones de convergencia y\/o disputas entre conocimientos cient\u00edficos y locales; el desarrollo productivo y los procesos de innovaci\u00f3n tecnol\u00f3gica y patentamiento respecto de recursos naturales; la construcci\u00f3n participativa o no de prioridades y definici\u00f3n de oportunidades de desarrollo sobre la base de la CTCI; el aporte de la CTCI al desarrollo social y la relaci\u00f3n entre agendas locales, macro regionales, nacionales e internacionales de CTCI.<\/p>\n\n\n\n<p>Estos temas son un llamado a pensar no solo desde sino tambi\u00e9n sobre el maritorio&nbsp; y territorio austral; e invitan a los y las investigadores a proponer reflexiones sobre estas u otras tem\u00e1ticas de CTS, tanto de estas latitudes (Macrozona Austral) como de otras similares (Hemisferio Sur).<\/p>\n\n\n\n<p>As\u00ed, convocamos a las comunidades de CTS de las regiones de Ays\u00e9n y Magallanes, de Chile y Sudam\u00e9rica a presentar propuestas de mesas abiertas o cerradas; y actividades de vinculaci\u00f3n social, teniendo como marco referencial las siguientes grandes tem\u00e1ticas:<\/p>\n\n\n\n<ul class=\"wp-block-list\">\n<li>Pol\u00edticas de Ciencia, Tecnolog\u00eda, Conocimiento e Innovaci\u00f3n.<\/li>\n\n\n\n<li>Procesos de Innovaci\u00f3n cient\u00edfico- tecnol\u00f3gica.<\/li>\n\n\n\n<li>Comunicaci\u00f3n y apropiaci\u00f3n social de la ciencia.<\/li>\n\n\n\n<li>Educaci\u00f3n, divulgaci\u00f3n y valoraci\u00f3n social de la CTCI.<\/li>\n\n\n\n<li>Imaginarios sociot\u00e9cnicos.<\/li>\n\n\n\n<li>Perspectiva de g\u00e9nero en ciencia, tecnolog\u00eda, conocimiento e innovaci\u00f3n. <\/li>\n\n\n\n<li>Investigaci\u00f3n art\u00edstica y creaci\u00f3n cultural.<\/li>\n\n\n\n<li>Activismos CTS y sociedad civil.<\/li>\n\n\n\n<li>Cooperaci\u00f3n e internacionalizaci\u00f3n de la ciencia.<\/li>\n\n\n\n<li>Procesos de patrimonializaci\u00f3n, conocimiento cient\u00edfico y local.<\/li>\n\n\n\n<li>Relaciones interculturales y disputas de conocimiento.<\/li>\n\n\n\n<li>Controversias sociot\u00e9cnicas.<\/li>\n\n\n\n<li>Estudios sobre medioambiente y l\u00f3gicas CTS.<\/li>\n\n\n\n<li>Pr\u00e1cticas cient\u00edficas.<\/li>\n<\/ul>\n\n\n\n<p><\/p>\n\n\n\n<p class=\"has-vivid-green-cyan-color has-text-color has-large-font-size\"><strong>MAYOR INFORMACI\u00d3N<\/strong><\/p>\n\n\n\n<p>Visite el sitio electr\u00f3nico del X Encuentro CTS Chile:<strong> <\/strong><a href=\"https:\/\/cts-chile.cl\/xencuentro\/\"><strong>https:\/\/cts-chile.cl\/xencuentro\/<\/strong><\/a><strong><\/strong><\/p>\n\n\n\n<p>Asimismo, puede dirigirse al Comit\u00e9 Organizador, a trav\u00e9s del siguiente correo electr\u00f3nico: <strong><a href=\"mailto:ctsaustral@gmail.com\">ctsaustral@gmail.com<\/a>.<\/strong><\/p>\n\n\n\n<p class=\"has-vivid-green-cyan-color has-text-color has-large-font-size\"><strong>COMIT\u00c9 CIENT\u00cdFICO<\/strong><\/p>\n\n\n\n<ul class=\"wp-block-list\">\n<li>Dr. Ronald Cancino, Universidad de La Frontera, Presidente del Comit\u00e9 Cient\u00edfico.&nbsp;<\/li>\n\n\n\n<li>Dr. Cristian Ortega, Universidad Arturo Prat.<\/li>\n\n\n\n<li>Dr. Andr\u00e9s G\u00f3mez, de la Universidad de Chile.<\/li>\n\n\n\n<li>Dra. Gloria Baigorrotegui, Universidad de Santiago de Chile.<\/li>\n\n\n\n<li>Dra. Cecilia Ibarra, Universidad de Chile.<\/li>\n\n\n\n<li>Dr. Sebasti\u00e1n Ureta, Universidad Alberto Hurtado.<\/li>\n\n\n\n<li>Dr. Pablo Villarroel, Universidad Austral de Chile.<\/li>\n\n\n\n<li>Mag. Andrea Foessel, Universidad de Ays\u00e9n.&nbsp;<\/li>\n\n\n\n<li>Dra. Flavia Morello, Universidad de Magallanes.<\/li>\n\n\n\n<li>Dr. Juan Carlos Aravena, Universidad de Magallanes.<\/li>\n\n\n\n<li>Dr. Marcelo Gonz\u00e1lez, Instituto Ant\u00e1rtico Chileno.<\/li>\n<\/ul>\n\n\n\n<p><\/p>\n\n\n\n<p><\/p>\n\n\n\n<figure class=\"wp-block-image size-large\"><img data-recalc-dims=\"1\" loading=\"lazy\" decoding=\"async\" width=\"1024\" height=\"1024\" src=\"https:\/\/i0.wp.com\/cts-chile.cl\/xencuentro\/wp-content\/uploads\/2022\/11\/BDA87073-289B-4CC3-ADB2-010AEF506903.jpeg?resize=1024%2C1024&#038;ssl=1\" alt=\"\" class=\"wp-image-1123\" srcset=\"https:\/\/i0.wp.com\/cts-chile.cl\/xencuentro\/wp-content\/uploads\/2022\/11\/BDA87073-289B-4CC3-ADB2-010AEF506903.jpeg?resize=1024%2C1024&amp;ssl=1 1024w, https:\/\/i0.wp.com\/cts-chile.cl\/xencuentro\/wp-content\/uploads\/2022\/11\/BDA87073-289B-4CC3-ADB2-010AEF506903.jpeg?resize=300%2C300&amp;ssl=1 300w, https:\/\/i0.wp.com\/cts-chile.cl\/xencuentro\/wp-content\/uploads\/2022\/11\/BDA87073-289B-4CC3-ADB2-010AEF506903.jpeg?resize=150%2C150&amp;ssl=1 150w, https:\/\/i0.wp.com\/cts-chile.cl\/xencuentro\/wp-content\/uploads\/2022\/11\/BDA87073-289B-4CC3-ADB2-010AEF506903.jpeg?resize=768%2C768&amp;ssl=1 768w, https:\/\/i0.wp.com\/cts-chile.cl\/xencuentro\/wp-content\/uploads\/2022\/11\/BDA87073-289B-4CC3-ADB2-010AEF506903.jpeg?resize=690%2C690&amp;ssl=1 690w, https:\/\/i0.wp.com\/cts-chile.cl\/xencuentro\/wp-content\/uploads\/2022\/11\/BDA87073-289B-4CC3-ADB2-010AEF506903.jpeg?resize=1317%2C1317&amp;ssl=1 1317w, https:\/\/i0.wp.com\/cts-chile.cl\/xencuentro\/wp-content\/uploads\/2022\/11\/BDA87073-289B-4CC3-ADB2-010AEF506903.jpeg?resize=800%2C800&amp;ssl=1 800w, https:\/\/i0.wp.com\/cts-chile.cl\/xencuentro\/wp-content\/uploads\/2022\/11\/BDA87073-289B-4CC3-ADB2-010AEF506903.jpeg?resize=1400%2C1400&amp;ssl=1 1400w, https:\/\/i0.wp.com\/cts-chile.cl\/xencuentro\/wp-content\/uploads\/2022\/11\/BDA87073-289B-4CC3-ADB2-010AEF506903.jpeg?w=1440&amp;ssl=1 1440w\" sizes=\"auto, (max-width: 1024px) 100vw, 1024px\" \/><\/figure>\n\n\n\n<p><\/p>\n\n\n\n<p><\/p>\n\n\n\n<figure class=\"wp-block-image size-full\"><img data-recalc-dims=\"1\" loading=\"lazy\" decoding=\"async\" width=\"674\" height=\"404\" src=\"https:\/\/i0.wp.com\/cts-chile.cl\/xencuentro\/wp-content\/uploads\/2023\/04\/logos-cts.png?resize=674%2C404&#038;ssl=1\" alt=\"\" class=\"wp-image-1687\" srcset=\"https:\/\/i0.wp.com\/cts-chile.cl\/xencuentro\/wp-content\/uploads\/2023\/04\/logos-cts.png?w=674&amp;ssl=1 674w, https:\/\/i0.wp.com\/cts-chile.cl\/xencuentro\/wp-content\/uploads\/2023\/04\/logos-cts.png?resize=300%2C180&amp;ssl=1 300w\" sizes=\"auto, (max-width: 674px) 100vw, 674px\" \/><\/figure>\n","protected":false},"excerpt":{"rendered":"<p>Los estudios de Ciencia, Tecnolog\u00eda y Sociedad (CTS) son una referencia en nuestro pa\u00eds. La red CTS-Chile discute y revive anualmente sus contribuciones a los estudios de la Ciencia, la Tecnolog\u00eda y la Sociedad. A nivel internacional, los fen\u00f3menos asociados a la pandemia, el cambio clim\u00e1tico, tensiones pol\u00edticas y geopol\u00edticas internacionales, evidencian c\u00f3mo las cuestiones&hellip;<\/p>\n<a class=\"read-more-link\" href=\" https:\/\/cts-chile.cl\/xencuentro\/convocatoria\/ \">Read More<\/a>","protected":false},"author":2,"featured_media":0,"parent":0,"menu_order":0,"comment_status":"closed","ping_status":"closed","template":"","meta":{"footnotes":""},"class_list":["post-292","page","type-page","status-publish","hentry","col-md-4 col-sm-6"],"jetpack_sharing_enabled":true,"_links":{"self":[{"href":"https:\/\/cts-chile.cl\/xencuentro\/wp-json\/wp\/v2\/pages\/292","targetHints":{"allow":["GET"]}}],"collection":[{"href":"https:\/\/cts-chile.cl\/xencuentro\/wp-json\/wp\/v2\/pages"}],"about":[{"href":"https:\/\/cts-chile.cl\/xencuentro\/wp-json\/wp\/v2\/types\/page"}],"author":[{"embeddable":true,"href":"https:\/\/cts-chile.cl\/xencuentro\/wp-json\/wp\/v2\/users\/2"}],"replies":[{"embeddable":true,"href":"https:\/\/cts-chile.cl\/xencuentro\/wp-json\/wp\/v2\/comments?post=292"}],"version-history":[{"count":18,"href":"https:\/\/cts-chile.cl\/xencuentro\/wp-json\/wp\/v2\/pages\/292\/revisions"}],"predecessor-version":[{"id":1694,"href":"https:\/\/cts-chile.cl\/xencuentro\/wp-json\/wp\/v2\/pages\/292\/revisions\/1694"}],"wp:attachment":[{"href":"https:\/\/cts-chile.cl\/xencuentro\/wp-json\/wp\/v2\/media?parent=292"}],"curies":[{"name":"wp","href":"https:\/\/api.w.org\/{rel}","templated":true}]}}