{"id":287,"date":"2021-10-23T22:32:09","date_gmt":"2021-10-23T22:32:09","guid":{"rendered":"https:\/\/cts-chile.cl\/xencuentro\/?page_id=287"},"modified":"2023-04-24T14:08:16","modified_gmt":"2023-04-24T14:08:16","slug":"participa","status":"publish","type":"page","link":"https:\/\/cts-chile.cl\/xencuentro\/participa\/","title":{"rendered":"Registro de propuestas-CERRADO"},"content":{"rendered":"\n<p class=\"has-luminous-vivid-orange-color has-text-color\"><strong>ATENCI\u00d3N: NUEVOS PLAZOS PARA PARTICIPAR EN EL X ENCUENTRO DE CTS CHILE 2023. <\/strong><\/p>\n\n\n\n<p>El <strong>X Encuentro de la Red CTS <\/strong>Chile tendr\u00e1 lugar en la ciudad de <strong>Puntas Arenas, Regi\u00f3n de Magallanes y de la Ant\u00e1rtica Chilena<\/strong>,&nbsp; entre el <strong>26 y 28 de abril de 2023<\/strong>,&nbsp; en donde el <strong>Instituto Ant\u00e1rtico Chileno<\/strong> y <strong>la Universidad de Magallanes<\/strong> ser\u00e1n anfitriones de la reuni\u00f3n de personas, colectivos y grupos que dialogar\u00e1n y reflexionar\u00e1n sobre los v\u00ednculos, influencias y afecciones entre desarrollos tecnol\u00f3gicos, cient\u00edficos y formaciones sociales.<\/p>\n\n\n\n<p>En ese contexto, las Instituciones Organizadoras convocan a presentar propuestas que nos permitan reunirnos <strong><u>presencialmente<\/u><\/strong> en Punta Arenas para debatir, reflexionar y dise\u00f1ar acciones concretas de vinculaci\u00f3n entre Ciencia, Tecnolog\u00eda y Sociedad, con el fin de aportar al mejoramiento de las condiciones sociales, culturales, ambientales y pol\u00edticas de nuestra sociedad.<\/p>\n\n\n\n<!--more-->\n\n\n\n<p class=\"has-vivid-green-cyan-color has-text-color has-large-font-size\"><strong>Modalidades de presentaci\u00f3n:<\/strong><\/p>\n\n\n\n<ul class=\"wp-block-list\">\n<li><strong>Ponencias individuales o asociativas<\/strong>: presentaci\u00f3n de trabajos individuales o colaborativos, cuya evaluaci\u00f3n podr\u00e1 proponer su inclusi\u00f3n en mesas de trabajo existentes o en nuevas.<\/li>\n\n\n\n<li><strong>Plazo de recepci\u00f3n:<\/strong> entre el 7 de enero de 2023  y <strong><span style=\"text-decoration: underline;\"><mark style=\"background-color:rgba(0, 0, 0, 0)\" class=\"has-inline-color has-luminous-vivid-orange-color\">el 3 de marzo de 2023<\/mark>.<\/span><\/strong><\/li>\n\n\n\n<li><strong>Enlace: <\/strong><a href=\"https:\/\/cts-chile.cl\/xencuentro\/ponencias\/\">Registro de Ponencias.&nbsp;<\/a><\/li>\n<\/ul>\n\n\n\n<ul class=\"wp-block-list\" type=\"1\" start=\"1\">\n<li><strong>Acciones de vinculaci\u00f3n con el entorno:<\/strong> presentaci\u00f3n de acciones de intervenci\u00f3n urbana, presentaciones de libros, acciones-proyectos de ciencia y arte, talleres abiertos a la comunidad y toda clase de formas de vinculaci\u00f3n de las reflexiones CTS y la sociedad. En este caso, se solicita se indique: (i) descripci\u00f3n de la actividad; (ii) p\u00fablico objetivo; (iii) capacidades log\u00edsticas disponibles y requerimientos para la organizaci\u00f3n.<\/li>\n\n\n\n<li><strong>Plazo de recepci\u00f3n:<\/strong> entre el 15 de noviembre de 2022 y <strong><span style=\"text-decoration: underline;\"><mark style=\"background-color:rgba(0, 0, 0, 0)\" class=\"has-inline-color has-luminous-vivid-orange-color\">el 27 de enero de 2023.<\/mark><\/span><\/strong><\/li>\n\n\n\n<li><strong>Enlace:  <\/strong><a href=\"https:\/\/cts-chile.cl\/xencuentro\/vinculacionconentorno\/\">Registro de acciones de vinculaci\u00f3n<\/a><\/li>\n<\/ul>\n\n\n\n<p class=\"has-vivid-green-cyan-color has-text-color has-large-font-size\"><strong>Plazos cerrados:<\/strong><\/p>\n\n\n\n<ul class=\"wp-block-list\" type=\"1\" start=\"2\">\n<li><strong>Mesas abiertas o cerradas<\/strong>: propuesta sustentada por un conjunto de colegas acad\u00e9micos y\/o no acad\u00e9micos que proponen una reflexi\u00f3n y un m\u00ednimo de cinco (5) trabajos que reflexionan en com\u00fan sobre el tema que los y las convoca. Los proponentes, podr\u00e1n invitar &#8211; o no &#8211; a la presentaci\u00f3n de ponencias a dichas mesas.<\/li>\n\n\n\n<li><strong>Plazo de recepci\u00f3n:<\/strong> entre el 15 de noviembre y el <span style=\"text-decoration: underline;\"><mark style=\"background-color:rgba(0, 0, 0, 0)\" class=\"has-inline-color has-luminous-vivid-orange-color\"><strong>22 de diciembre de 2022<\/strong>.<\/mark><\/span><\/li>\n\n\n\n<li><strong>Enlace:  <\/strong><a href=\"https:\/\/docs.google.com\/forms\/d\/e\/1FAIpQLSdnTO8Uao2YLdXx7uJOdOtPBHBdj0KwTO55utDJKcBTqQt0Tw\/viewform\">Registro de Mesas Abiertas y Cerradas<\/a><\/li>\n<\/ul>\n\n\n\n<p><\/p>\n\n\n\n<figure class=\"wp-block-image size-full is-resized\"><img data-recalc-dims=\"1\" loading=\"lazy\" decoding=\"async\" src=\"https:\/\/i0.wp.com\/cts-chile.cl\/xencuentro\/wp-content\/uploads\/2022\/11\/WhatsApp-Image-2022-11-01-at-11.23.32-AM.jpeg?resize=839%2C616&#038;ssl=1\" alt=\"\" class=\"wp-image-1187\" width=\"839\" height=\"616\" srcset=\"https:\/\/i0.wp.com\/cts-chile.cl\/xencuentro\/wp-content\/uploads\/2022\/11\/WhatsApp-Image-2022-11-01-at-11.23.32-AM.jpeg?w=550&amp;ssl=1 550w, https:\/\/i0.wp.com\/cts-chile.cl\/xencuentro\/wp-content\/uploads\/2022\/11\/WhatsApp-Image-2022-11-01-at-11.23.32-AM.jpeg?resize=300%2C220&amp;ssl=1 300w\" sizes=\"auto, (max-width: 839px) 100vw, 839px\" \/><figcaption class=\"wp-element-caption\">Fuente: www.chileparaninos.gob.cl<\/figcaption><\/figure>\n\n\n\n<figure class=\"wp-block-image size-full\"><img data-recalc-dims=\"1\" loading=\"lazy\" decoding=\"async\" width=\"674\" height=\"404\" src=\"https:\/\/i0.wp.com\/cts-chile.cl\/xencuentro\/wp-content\/uploads\/2023\/04\/logos-cts.png?resize=674%2C404&#038;ssl=1\" alt=\"\" class=\"wp-image-1687\" srcset=\"https:\/\/i0.wp.com\/cts-chile.cl\/xencuentro\/wp-content\/uploads\/2023\/04\/logos-cts.png?w=674&amp;ssl=1 674w, https:\/\/i0.wp.com\/cts-chile.cl\/xencuentro\/wp-content\/uploads\/2023\/04\/logos-cts.png?resize=300%2C180&amp;ssl=1 300w\" sizes=\"auto, (max-width: 674px) 100vw, 674px\" \/><\/figure>\n","protected":false},"excerpt":{"rendered":"<p>ATENCI\u00d3N: NUEVOS PLAZOS PARA PARTICIPAR EN EL X ENCUENTRO DE CTS CHILE 2023. El X Encuentro de la Red CTS Chile tendr\u00e1 lugar en la ciudad de Puntas Arenas, Regi\u00f3n de Magallanes y de la Ant\u00e1rtica Chilena,&nbsp; entre el 26 y 28 de abril de 2023,&nbsp; en donde el Instituto Ant\u00e1rtico Chileno y la Universidad&hellip;<\/p>\n<a class=\"read-more-link\" href=\" https:\/\/cts-chile.cl\/xencuentro\/participa\/ \">Read More<\/a>","protected":false},"author":2,"featured_media":1075,"parent":0,"menu_order":0,"comment_status":"closed","ping_status":"closed","template":"","meta":{"footnotes":""},"class_list":["post-287","page","type-page","status-publish","has-post-thumbnail","hentry","col-md-4 col-sm-6"],"jetpack_sharing_enabled":true,"_links":{"self":[{"href":"https:\/\/cts-chile.cl\/xencuentro\/wp-json\/wp\/v2\/pages\/287","targetHints":{"allow":["GET"]}}],"collection":[{"href":"https:\/\/cts-chile.cl\/xencuentro\/wp-json\/wp\/v2\/pages"}],"about":[{"href":"https:\/\/cts-chile.cl\/xencuentro\/wp-json\/wp\/v2\/types\/page"}],"author":[{"embeddable":true,"href":"https:\/\/cts-chile.cl\/xencuentro\/wp-json\/wp\/v2\/users\/2"}],"replies":[{"embeddable":true,"href":"https:\/\/cts-chile.cl\/xencuentro\/wp-json\/wp\/v2\/comments?post=287"}],"version-history":[{"count":33,"href":"https:\/\/cts-chile.cl\/xencuentro\/wp-json\/wp\/v2\/pages\/287\/revisions"}],"predecessor-version":[{"id":1695,"href":"https:\/\/cts-chile.cl\/xencuentro\/wp-json\/wp\/v2\/pages\/287\/revisions\/1695"}],"wp:featuredmedia":[{"embeddable":true,"href":"https:\/\/cts-chile.cl\/xencuentro\/wp-json\/wp\/v2\/media\/1075"}],"wp:attachment":[{"href":"https:\/\/cts-chile.cl\/xencuentro\/wp-json\/wp\/v2\/media?parent=287"}],"curies":[{"name":"wp","href":"https:\/\/api.w.org\/{rel}","templated":true}]}}