{"id":1710,"date":"2023-05-02T23:30:03","date_gmt":"2023-05-02T23:30:03","guid":{"rendered":"https:\/\/cts-chile.cl\/xencuentro\/?page_id=1710"},"modified":"2023-05-23T19:47:33","modified_gmt":"2023-05-23T19:47:33","slug":"galeria-fotografica","status":"publish","type":"page","link":"https:\/\/cts-chile.cl\/xencuentro\/galeria-fotografica\/","title":{"rendered":"Material audiovisual"},"content":{"rendered":"\n<p class=\"has-text-align-center has-black-color has-text-color has-large-font-size\"><strong>Video testimonios X Encuentro CTS Chile Punta Arenas-2023<\/strong><\/p>\n\n\n\n<p class=\"has-text-align-center\">La red CTS-Chile discute anualmente sus contribuciones a los estudios de la Ciencia, la Tecnolog\u00eda y la Sociedad. Entre el 26 y 28 de abril de 2023, se desarroll\u00f3 el X Encuentro CTS Chile, reuniendo a cerca de 180 personas en Punta Arenas, para presentar trabajos y experiencias sobre los estudios de la Ciencia, la Tecnolog\u00eda y la Sociedad, desde diversas disciplinas y pr\u00e1cticas sociales.<\/p>\n\n\n\n<figure class=\"wp-block-embed is-type-video is-provider-youtube wp-block-embed-youtube wp-embed-aspect-16-9 wp-has-aspect-ratio\"><div class=\"wp-block-embed__wrapper\">\n<iframe loading=\"lazy\" title=\"Testimonios X Encuentro CTS Chile 2023\" width=\"1400\" height=\"788\" src=\"https:\/\/www.youtube.com\/embed\/EMzYhEovQ0M?feature=oembed\" frameborder=\"0\" allow=\"accelerometer; autoplay; clipboard-write; encrypted-media; gyroscope; picture-in-picture; web-share\" allowfullscreen><\/iframe>\n<\/div><\/figure>\n\n\n\n<p><\/p>\n\n\n\n<p class=\"has-text-align-center\"><strong>Ceremonia de inauguraci\u00f3n y conservatorio\u00bbProspectiva estrat\u00e9gica y estudios de futuro: Plataforma digital y sociodemogr\u00e1fica para planificar y gestionar el territorio. Organizan: Centro de Estudios Regionales-UMAG y MEB Patagonia\u00bb. <\/strong><\/p>\n\n\n\n<figure class=\"wp-block-embed is-type-video is-provider-youtube wp-block-embed-youtube wp-embed-aspect-16-9 wp-has-aspect-ratio\"><div class=\"wp-block-embed__wrapper\">\n<iframe loading=\"lazy\" title=\"Congreso CTS-Chile &quot;Prospectiva estrat\u00e9gica y estudios de futuro&quot;\" width=\"1400\" height=\"788\" src=\"https:\/\/www.youtube.com\/embed\/bWZZnsD7A94?feature=oembed\" frameborder=\"0\" allow=\"accelerometer; autoplay; clipboard-write; encrypted-media; gyroscope; picture-in-picture; web-share\" allowfullscreen><\/iframe>\n<\/div><\/figure>\n\n\n\n<p><\/p>\n\n\n\n<p class=\"has-text-align-center\"><strong>Conferencia \u201cReflexiones desde el Austro: Historias locales de la evoluci\u00f3n global de las interacciones Ciencia, Tecnolog\u00eda y Sociedad\u201d. Dra. Flavia Morello Repetto, directora del Instituto de la Patagonia; Investigadora Principal del Centro Internacional Cabo de Hornos.<\/strong><\/p>\n\n\n\n<figure class=\"wp-block-embed is-type-video is-provider-youtube wp-block-embed-youtube wp-embed-aspect-16-9 wp-has-aspect-ratio\"><div class=\"wp-block-embed__wrapper\">\n<iframe loading=\"lazy\" title=\"X Encuentro de Estudios Sociales en Ciencia, Tecnolog\u00eda y Sociedad\" width=\"1400\" height=\"788\" src=\"https:\/\/www.youtube.com\/embed\/Gl66_bsA-u4?feature=oembed\" frameborder=\"0\" allow=\"accelerometer; autoplay; clipboard-write; encrypted-media; gyroscope; picture-in-picture; web-share\" allowfullscreen><\/iframe>\n<\/div><\/figure>\n\n\n\n<p><\/p>\n\n\n\n<p class=\"has-text-align-center\"><strong>Conferencia \u00abParadojas constructivistas: CTS en Am\u00e9rica Latina, entre Centros y periferias\u201d.<\/strong> El Dr. <strong>Pablo Kreimer\u00a0<\/strong>es soci\u00f3logo y doctor en \u00abCiencia, Tecnolog\u00eda y Sociedad\u00bb (Centre STS, Par\u00eds). Es Investigador Superior del Consejo Nacional de Investigaciones de Argentina (CONICET), director del Centro CTS de la Universidad Maim\u00f3nides y Profesor Titular de la Universidad Nacional de Quilmes. <\/p>\n\n\n\n<figure class=\"wp-block-embed is-type-video is-provider-youtube wp-block-embed-youtube wp-embed-aspect-16-9 wp-has-aspect-ratio\"><div class=\"wp-block-embed__wrapper\">\n<iframe loading=\"lazy\" title=\"Paradojas constructivistas: CTS en Am\u00e9rica Latina, entre centros y periferias\" width=\"1400\" height=\"788\" src=\"https:\/\/www.youtube.com\/embed\/X2NeeAt1Kt4?feature=oembed\" frameborder=\"0\" allow=\"accelerometer; autoplay; clipboard-write; encrypted-media; gyroscope; picture-in-picture; web-share\" allowfullscreen><\/iframe>\n<\/div><\/figure>\n\n\n\n<p><\/p>\n\n\n\n<p class=\"has-text-align-center\"><strong>Discursos de la Subsecretaria de Ciencia, Tecnolog\u00eda, Conocimiento e Innovaci\u00f3n, Carolina Gainza Cort\u00e9s, en la inauguraci\u00f3n del X Encuentro CTS Chile, efectuado entre el 26 y 28 de abril, en Punta Arenas.<\/strong><\/p>\n\n\n\n<figure class=\"wp-block-embed is-type-video is-provider-youtube wp-block-embed-youtube wp-embed-aspect-16-9 wp-has-aspect-ratio\"><div class=\"wp-block-embed__wrapper\">\n<iframe loading=\"lazy\" title=\"Discurso de la Subsecretaria de Ciencias en inauguraci\u00f3n del X Encuentro CTS Chile\" width=\"1400\" height=\"788\" src=\"https:\/\/www.youtube.com\/embed\/lPsRdAXha9I?feature=oembed\" frameborder=\"0\" allow=\"accelerometer; autoplay; clipboard-write; encrypted-media; gyroscope; picture-in-picture; web-share\" allowfullscreen><\/iframe>\n<\/div><\/figure>\n","protected":false},"excerpt":{"rendered":"<p>Video testimonios X Encuentro CTS Chile Punta Arenas-2023 La red CTS-Chile discute anualmente sus contribuciones a los estudios de la Ciencia, la Tecnolog\u00eda y la Sociedad. Entre el 26 y 28 de abril de 2023, se desarroll\u00f3 el X Encuentro CTS Chile, reuniendo a cerca de 180 personas en Punta Arenas, para presentar trabajos y&hellip;<\/p>\n<a class=\"read-more-link\" href=\" https:\/\/cts-chile.cl\/xencuentro\/galeria-fotografica\/ \">Read More<\/a>","protected":false},"author":2,"featured_media":0,"parent":0,"menu_order":0,"comment_status":"closed","ping_status":"closed","template":"","meta":{"footnotes":""},"class_list":["post-1710","page","type-page","status-publish","hentry","col-md-4 col-sm-6"],"jetpack_sharing_enabled":true,"_links":{"self":[{"href":"https:\/\/cts-chile.cl\/xencuentro\/wp-json\/wp\/v2\/pages\/1710","targetHints":{"allow":["GET"]}}],"collection":[{"href":"https:\/\/cts-chile.cl\/xencuentro\/wp-json\/wp\/v2\/pages"}],"about":[{"href":"https:\/\/cts-chile.cl\/xencuentro\/wp-json\/wp\/v2\/types\/page"}],"author":[{"embeddable":true,"href":"https:\/\/cts-chile.cl\/xencuentro\/wp-json\/wp\/v2\/users\/2"}],"replies":[{"embeddable":true,"href":"https:\/\/cts-chile.cl\/xencuentro\/wp-json\/wp\/v2\/comments?post=1710"}],"version-history":[{"count":6,"href":"https:\/\/cts-chile.cl\/xencuentro\/wp-json\/wp\/v2\/pages\/1710\/revisions"}],"predecessor-version":[{"id":1935,"href":"https:\/\/cts-chile.cl\/xencuentro\/wp-json\/wp\/v2\/pages\/1710\/revisions\/1935"}],"wp:attachment":[{"href":"https:\/\/cts-chile.cl\/xencuentro\/wp-json\/wp\/v2\/media?parent=1710"}],"curies":[{"name":"wp","href":"https:\/\/api.w.org\/{rel}","templated":true}]}}