{"id":1552,"date":"2023-03-27T14:42:18","date_gmt":"2023-03-27T14:42:18","guid":{"rendered":"https:\/\/cts-chile.cl\/xencuentro\/?page_id=1552"},"modified":"2023-04-19T14:52:07","modified_gmt":"2023-04-19T14:52:07","slug":"cena-10-anos-cts-chile","status":"publish","type":"page","link":"https:\/\/cts-chile.cl\/xencuentro\/cena-10-anos-cts-chile\/","title":{"rendered":"Cena 10 a\u00f1os CTS Chile"},"content":{"rendered":"<div class=\"wp-block-image\">\n<figure class=\"aligncenter size-full\"><img data-recalc-dims=\"1\" loading=\"lazy\" decoding=\"async\" width=\"612\" height=\"612\" src=\"https:\/\/i0.wp.com\/cts-chile.cl\/xencuentro\/wp-content\/uploads\/2023\/03\/istockphoto-1346543669-612x612-1.jpeg?resize=612%2C612&ssl=1\" alt=\"\" class=\"wp-image-1559\" srcset=\"https:\/\/i0.wp.com\/cts-chile.cl\/xencuentro\/wp-content\/uploads\/2023\/03\/istockphoto-1346543669-612x612-1.jpeg?w=612&ssl=1 612w, https:\/\/i0.wp.com\/cts-chile.cl\/xencuentro\/wp-content\/uploads\/2023\/03\/istockphoto-1346543669-612x612-1.jpeg?resize=300%2C300&ssl=1 300w, https:\/\/i0.wp.com\/cts-chile.cl\/xencuentro\/wp-content\/uploads\/2023\/03\/istockphoto-1346543669-612x612-1.jpeg?resize=150%2C150&ssl=1 150w\" sizes=\"auto, (max-width: 612px) 100vw, 612px\" \/><\/figure>\n<\/div>\n\n\n<p style=\"font-size:20px\">Como parte del programa del X Encuentro CTS Chile, se ha organizado una cena para el d\u00eda 26 de abril, con el fin de conmemorar los 10 a\u00f1os de esta comunidad. <\/p>\n\n\n\n<p style=\"font-size:20px\">La actividad es con adhesi\u00f3n, teniendo un costo por persona de <strong>$30.00<\/strong>0.- (treinta mil pesos chilenos \/ <strong>37,5 USD<\/strong> aproximadamente) <\/p>\n\n\n\n<p style=\"font-size:20px\">Para participar,  se debe suscribir el <strong>formulario de inscripci\u00f3n <\/strong>(ver m\u00e1s abajo) y depositar a la productora a m\u00e1s tardar el <strong>21 de abril de 2023.<\/strong> A\u00fan quedan 30 cupos de 100 disponibles. <\/p>\n\n\n\n<p style=\"font-size:20px\">Los datos de transferencia son los siguientes: <\/p>\n\n\n<div class=\"wp-block-image\">\n<figure class=\"aligncenter size-full\"><img data-recalc-dims=\"1\" loading=\"lazy\" decoding=\"async\" width=\"324\" height=\"192\" src=\"https:\/\/i0.wp.com\/cts-chile.cl\/xencuentro\/wp-content\/uploads\/2023\/03\/WhatsApp-Image-2023-03-13-at-19.01.59.jpeg?resize=324%2C192&ssl=1\" alt=\"\" class=\"wp-image-1553\" srcset=\"https:\/\/i0.wp.com\/cts-chile.cl\/xencuentro\/wp-content\/uploads\/2023\/03\/WhatsApp-Image-2023-03-13-at-19.01.59.jpeg?w=324&ssl=1 324w, https:\/\/i0.wp.com\/cts-chile.cl\/xencuentro\/wp-content\/uploads\/2023\/03\/WhatsApp-Image-2023-03-13-at-19.01.59.jpeg?resize=300%2C178&ssl=1 300w\" sizes=\"auto, (max-width: 324px) 100vw, 324px\" \/><\/figure>\n<\/div>\n\n\n<p class=\"has-text-align-center\"><em><strong>IMPORTANTE:<\/strong> Si usted ya se inscribi\u00f3 para asistir a la cena, no es necesario volver a llenar este formulario. Es para nuevos interesados\/as. <\/em><\/p>\n\n\n\n<p class=\"has-text-align-center\" style=\"font-size:20px\">Formulario de Inscripci\u00f3n cena: <\/p>\n\n\n\n<iframe loading=\"lazy\" src=\"https:\/\/docs.google.com\/forms\/d\/e\/1FAIpQLSfUzf7I46uFgw-ll8K679SuTVhwVUsZVQOHGzTNZj_B5y7V7A\/viewform?embedded=true\" width=\"700\" height=\"520\" frameborder=\"0\" marginheight=\"0\" marginwidth=\"0\">Cargando\u2026<\/iframe>\n","protected":false},"excerpt":{"rendered":"<p>Como parte del programa del X Encuentro CTS Chile, se ha organizado una cena para el d\u00eda 26 de abril, con el fin de conmemorar los 10 a\u00f1os de esta comunidad. La actividad es con adhesi\u00f3n, teniendo un costo por persona de $30.000.- (treinta mil pesos chilenos \/ 37,5 USD aproximadamente) Para participar, se debe&hellip;<\/p>\n<a class=\"read-more-link\" href=\" https:\/\/cts-chile.cl\/xencuentro\/cena-10-anos-cts-chile\/ \">Read More<\/a>","protected":false},"author":2,"featured_media":1559,"parent":0,"menu_order":0,"comment_status":"closed","ping_status":"closed","template":"","meta":{"footnotes":""},"class_list":["post-1552","page","type-page","status-publish","has-post-thumbnail","hentry","col-md-4 col-sm-6"],"jetpack_sharing_enabled":true,"_links":{"self":[{"href":"https:\/\/cts-chile.cl\/xencuentro\/wp-json\/wp\/v2\/pages\/1552","targetHints":{"allow":["GET"]}}],"collection":[{"href":"https:\/\/cts-chile.cl\/xencuentro\/wp-json\/wp\/v2\/pages"}],"about":[{"href":"https:\/\/cts-chile.cl\/xencuentro\/wp-json\/wp\/v2\/types\/page"}],"author":[{"embeddable":true,"href":"https:\/\/cts-chile.cl\/xencuentro\/wp-json\/wp\/v2\/users\/2"}],"replies":[{"embeddable":true,"href":"https:\/\/cts-chile.cl\/xencuentro\/wp-json\/wp\/v2\/comments?post=1552"}],"version-history":[{"count":11,"href":"https:\/\/cts-chile.cl\/xencuentro\/wp-json\/wp\/v2\/pages\/1552\/revisions"}],"predecessor-version":[{"id":1674,"href":"https:\/\/cts-chile.cl\/xencuentro\/wp-json\/wp\/v2\/pages\/1552\/revisions\/1674"}],"wp:featuredmedia":[{"embeddable":true,"href":"https:\/\/cts-chile.cl\/xencuentro\/wp-json\/wp\/v2\/media\/1559"}],"wp:attachment":[{"href":"https:\/\/cts-chile.cl\/xencuentro\/wp-json\/wp\/v2\/media?parent=1552"}],"curies":[{"name":"wp","href":"https:\/\/api.w.org\/{rel}","templated":true}]}}