{"id":1513,"date":"2023-03-26T23:17:33","date_gmt":"2023-03-26T23:17:33","guid":{"rendered":"https:\/\/cts-chile.cl\/xencuentro\/?page_id=1513"},"modified":"2023-04-25T15:47:14","modified_gmt":"2023-04-25T15:47:14","slug":"informacion-turistica","status":"publish","type":"page","link":"https:\/\/cts-chile.cl\/xencuentro\/informacion-turistica\/","title":{"rendered":"Informaci\u00f3n tur\u00edstica"},"content":{"rendered":"\n<p><\/p>\n\n\n\n<figure class=\"wp-block-image size-full\"><img data-recalc-dims=\"1\" loading=\"lazy\" decoding=\"async\" width=\"960\" height=\"640\" src=\"https:\/\/i0.wp.com\/cts-chile.cl\/xencuentro\/wp-content\/uploads\/2023\/03\/IMG_6938-1.jpg?resize=960%2C640&ssl=1\" alt=\"\" class=\"wp-image-1515\" srcset=\"https:\/\/i0.wp.com\/cts-chile.cl\/xencuentro\/wp-content\/uploads\/2023\/03\/IMG_6938-1.jpg?w=960&ssl=1 960w, https:\/\/i0.wp.com\/cts-chile.cl\/xencuentro\/wp-content\/uploads\/2023\/03\/IMG_6938-1.jpg?resize=300%2C200&ssl=1 300w, https:\/\/i0.wp.com\/cts-chile.cl\/xencuentro\/wp-content\/uploads\/2023\/03\/IMG_6938-1.jpg?resize=768%2C512&ssl=1 768w, https:\/\/i0.wp.com\/cts-chile.cl\/xencuentro\/wp-content\/uploads\/2023\/03\/IMG_6938-1.jpg?resize=690%2C460&ssl=1 690w, https:\/\/i0.wp.com\/cts-chile.cl\/xencuentro\/wp-content\/uploads\/2023\/03\/IMG_6938-1.jpg?resize=800%2C533&ssl=1 800w\" sizes=\"auto, (max-width: 960px) 100vw, 960px\" \/><\/figure>\n\n\n\n<p><\/p>\n\n\n\n<h3 class=\"wp-block-heading has-text-align-center has-regular-font-size\"><strong>Oficina de Informaci\u00f3n Tur\u00edstica de Punta Arenas<\/strong><\/h3>\n\n\n\n<p>DIRECCI\u00d3N: Monse\u00f1or Jos\u00e9 Fagnano N\u00ba 643, Punta Arenas.<\/p>\n\n\n\n<p>HORARIOS: Lunes a jueves 09:00 a 12:30 horas y 14:30 a 17:30 horas \u2013 Viernes 09:00 a 14:00 y 12:30 hrs y 14:30 a 16:30 horas<\/p>\n\n\n\n<p>TELEFONO: 600 600 60 66<\/p>\n\n\n\n<p>CORREO ELECTR\u00d3NICO: <a href=\"mailto:turismoatiende@sernatur.cl\">turismoatiende@sernatur.cl<\/a><\/p>\n\n\n\n<p><\/p>\n\n\n\n<p class=\"has-text-align-center has-regular-font-size\"><strong>Sitios electr\u00f3nicos de inter\u00e9s<\/strong><\/p>\n\n\n\n<p>MAPAS DESCARGABLES DE LA REGI\u00d3N: <a href=\"https:\/\/patagonia-chile.com\/descargables\/\">https:\/\/patagonia-chile.com\/descargables\/<\/a><\/p>\n\n\n\n<p>SERNATUR MAGALLANES: <a href=\"https:\/\/www.sernatur.cl\/region\/magallanes\/\">https:\/\/www.sernatur.cl\/region\/magallanes\/<\/a><\/p>\n\n\n\n<p>AUSTROCHILE: <a href=\"https:\/\/www.austrochile.cl\/\">https:\/\/www.austrochile.cl\/<\/a><\/p>\n\n\n\n<p>CHILEESTUYO: <a href=\"https:\/\/chileestuyo.cl\/regiones\/region-de-magallanes-y-antartica-chilena\/\">https:\/\/chileestuyo.cl\/regiones\/region-de-magallanes-y-antartica-chilena\/<\/a><\/p>\n\n\n\n<p><\/p>\n\n\n\n<figure class=\"wp-block-image size-full\"><img data-recalc-dims=\"1\" loading=\"lazy\" decoding=\"async\" width=\"674\" height=\"404\" src=\"https:\/\/i0.wp.com\/cts-chile.cl\/xencuentro\/wp-content\/uploads\/2023\/04\/logos-cts.png?resize=674%2C404&ssl=1\" alt=\"\" class=\"wp-image-1687\" srcset=\"https:\/\/i0.wp.com\/cts-chile.cl\/xencuentro\/wp-content\/uploads\/2023\/04\/logos-cts.png?w=674&ssl=1 674w, https:\/\/i0.wp.com\/cts-chile.cl\/xencuentro\/wp-content\/uploads\/2023\/04\/logos-cts.png?resize=300%2C180&ssl=1 300w\" sizes=\"auto, (max-width: 674px) 100vw, 674px\" \/><\/figure>\n","protected":false},"excerpt":{"rendered":"<p>Oficina de Informaci\u00f3n Tur\u00edstica de Punta Arenas DIRECCI\u00d3N: Monse\u00f1or Jos\u00e9 Fagnano N\u00ba 643, Punta Arenas. HORARIOS: Lunes a jueves 09:00 a 12:30 horas y 14:30 a 17:30 horas \u2013 Viernes 09:00 a 14:00 y 12:30 hrs y 14:30 a 16:30 horas TELEFONO: 600 600 60 66 CORREO ELECTR\u00d3NICO: turismoatiende@sernatur.cl Sitios electr\u00f3nicos de inter\u00e9s MAPAS DESCARGABLES&hellip;<\/p>\n<a class=\"read-more-link\" href=\" https:\/\/cts-chile.cl\/xencuentro\/informacion-turistica\/ \">Read More<\/a>","protected":false},"author":2,"featured_media":0,"parent":0,"menu_order":0,"comment_status":"closed","ping_status":"closed","template":"","meta":{"footnotes":""},"class_list":["post-1513","page","type-page","status-publish","hentry","col-md-4 col-sm-6"],"jetpack_sharing_enabled":true,"_links":{"self":[{"href":"https:\/\/cts-chile.cl\/xencuentro\/wp-json\/wp\/v2\/pages\/1513","targetHints":{"allow":["GET"]}}],"collection":[{"href":"https:\/\/cts-chile.cl\/xencuentro\/wp-json\/wp\/v2\/pages"}],"about":[{"href":"https:\/\/cts-chile.cl\/xencuentro\/wp-json\/wp\/v2\/types\/page"}],"author":[{"embeddable":true,"href":"https:\/\/cts-chile.cl\/xencuentro\/wp-json\/wp\/v2\/users\/2"}],"replies":[{"embeddable":true,"href":"https:\/\/cts-chile.cl\/xencuentro\/wp-json\/wp\/v2\/comments?post=1513"}],"version-history":[{"count":7,"href":"https:\/\/cts-chile.cl\/xencuentro\/wp-json\/wp\/v2\/pages\/1513\/revisions"}],"predecessor-version":[{"id":1708,"href":"https:\/\/cts-chile.cl\/xencuentro\/wp-json\/wp\/v2\/pages\/1513\/revisions\/1708"}],"wp:attachment":[{"href":"https:\/\/cts-chile.cl\/xencuentro\/wp-json\/wp\/v2\/media?parent=1513"}],"curies":[{"name":"wp","href":"https:\/\/api.w.org\/{rel}","templated":true}]}}