{"id":1445,"date":"2023-03-23T01:06:57","date_gmt":"2023-03-23T01:06:57","guid":{"rendered":"https:\/\/cts-chile.cl\/xencuentro\/?page_id=1445"},"modified":"2023-04-24T14:13:03","modified_gmt":"2023-04-24T14:13:03","slug":"instrucciones-para-presentacion-de-ponencias","status":"publish","type":"page","link":"https:\/\/cts-chile.cl\/xencuentro\/instrucciones-para-presentacion-de-ponencias\/","title":{"rendered":"INSTRUCCIONES  PONENCIAS"},"content":{"rendered":"\n<figure class=\"wp-block-table\"><table><tbody><tr><td><strong>Tiempo de Presentaci\u00f3n<\/strong><\/td><td>Cada ponencia tiene un tiempo m\u00e1ximo programado de<br>10 minutos. Se resguardar\u00e1 el tiempo dedicado a<br>preguntas y discusi\u00f3n final, (5 minutos) as\u00ed como la<br>puntualidad en el comienzo y final de cada sesi\u00f3n.<\/td><\/tr><tr><td><strong>Encargados<\/strong><\/td><td>Cada mesa contar\u00e1 con un coordinador y un encargado<br>de sala. Ellos se encargar\u00e1n de proveer las condiciones<br>\u00f3ptimas para la exposici\u00f3n.<\/td><\/tr><tr><td><strong>Presentaciones<\/strong><\/td><td>La organizaci\u00f3n del encuentro sugiere trabajar con la<br>plantillas que se ha dejado a disposici\u00f3n de los<br>expositores en esta misma p\u00e1gina. Las presentaciones<br>deben estar en formato .pdf, .ppt o .pptx.<br>No se aceptar\u00e1n otro tipo de archivos.<\/td><\/tr><tr><td><strong>Uso de computadores<br>personales<\/strong><\/td><td>Todas las ponencias se cargar\u00e1n en un mismo<br>computador, por lo que deben ser subidas con<br>antelaci\u00f3n en la carpeta de la sesi\u00f3n correspondiente.<br>Esto ser\u00e1 organizado por el coordinador de mesa de cada<br>sesi\u00f3n.<br>No est\u00e1 contemplado que los ponentes conecten sus<br>computadores personales a los sistemas de proyecci\u00f3n<br>de cada sala.<\/td><\/tr><tr><td><strong>Materiales<\/strong><\/td><td>Cada sala contar\u00e1 con un pasador de diapositivas y sistemas de amplificaci\u00f3n.<br>Si la presentaci\u00f3n requiere reproducir alg\u00fan audio \u2013<br>desde archivo de audio o de video -, por favor avisar con<br>antelaci\u00f3n al coordinador de mesa y hacerlo llegar al<br>mismo a m\u00e1s tardar el viernes 21 de abril.<\/td><\/tr><tr><td><strong>Videos y sonido<\/strong><\/td><td>Si la presentaci\u00f3n contiene audios o videos, estos deben<br>estar descargados e incorporados a la presentaci\u00f3n,<br>dado que las conexiones de red podr\u00edan no estar<br>disponibles para reproducirlos desde internet. Se<br>recomienda que los archivos de video sean .mp4 con<br>c\u00f3dec h.264<\/td><\/tr><\/tbody><\/table><\/figure>\n\n\n\n<p>Si desea descargar las instrucciones para presentaci\u00f3n de ponencias, puede hacerlo <a href=\"https:\/\/drive.google.com\/file\/d\/1JChXrqsBKnzdGJfQ_d8VJGzbhf76PfBd\/view?usp=share_link\">AQU\u00cd<\/a><\/p>\n\n\n\n<p class=\"has-vivid-green-cyan-color has-text-color has-large-font-size\">PLANTILLA DE PRESENTACI\u00d3N DE PONENCIAS:<\/p>\n\n\n\n<p>Si desea utilizar la plantilla propuesta por la organizaci\u00f3n, puede descargarla<a href=\"https:\/\/docs.google.com\/presentation\/d\/1gjxsEqoxrNbKZN50N4Wj7nXvqP2-RxfO\/edit?usp=share_link&ouid=107318139151730605035&rtpof=true&sd=true\"> AQU\u00cd<\/a><\/p>\n\n\n\n<figure class=\"wp-block-image size-full\"><img data-recalc-dims=\"1\" loading=\"lazy\" decoding=\"async\" width=\"674\" height=\"404\" src=\"https:\/\/i0.wp.com\/cts-chile.cl\/xencuentro\/wp-content\/uploads\/2023\/04\/logos-cts.png?resize=674%2C404&ssl=1\" alt=\"\" class=\"wp-image-1687\" srcset=\"https:\/\/i0.wp.com\/cts-chile.cl\/xencuentro\/wp-content\/uploads\/2023\/04\/logos-cts.png?w=674&ssl=1 674w, https:\/\/i0.wp.com\/cts-chile.cl\/xencuentro\/wp-content\/uploads\/2023\/04\/logos-cts.png?resize=300%2C180&ssl=1 300w\" sizes=\"auto, (max-width: 674px) 100vw, 674px\" \/><\/figure>\n","protected":false},"excerpt":{"rendered":"<p>Tiempo de Presentaci\u00f3n Cada ponencia tiene un tiempo m\u00e1ximo programado de10 minutos. Se resguardar\u00e1 el tiempo dedicado apreguntas y discusi\u00f3n final, (5 minutos) as\u00ed como lapuntualidad en el comienzo y final de cada sesi\u00f3n. Encargados Cada mesa contar\u00e1 con un coordinador y un encargadode sala. Ellos se encargar\u00e1n de proveer las condiciones\u00f3ptimas para la exposici\u00f3n.&hellip;<\/p>\n<a class=\"read-more-link\" href=\" https:\/\/cts-chile.cl\/xencuentro\/instrucciones-para-presentacion-de-ponencias\/ \">Read More<\/a>","protected":false},"author":2,"featured_media":0,"parent":0,"menu_order":0,"comment_status":"closed","ping_status":"closed","template":"","meta":{"footnotes":""},"class_list":["post-1445","page","type-page","status-publish","hentry","col-md-4 col-sm-6"],"jetpack_sharing_enabled":true,"_links":{"self":[{"href":"https:\/\/cts-chile.cl\/xencuentro\/wp-json\/wp\/v2\/pages\/1445","targetHints":{"allow":["GET"]}}],"collection":[{"href":"https:\/\/cts-chile.cl\/xencuentro\/wp-json\/wp\/v2\/pages"}],"about":[{"href":"https:\/\/cts-chile.cl\/xencuentro\/wp-json\/wp\/v2\/types\/page"}],"author":[{"embeddable":true,"href":"https:\/\/cts-chile.cl\/xencuentro\/wp-json\/wp\/v2\/users\/2"}],"replies":[{"embeddable":true,"href":"https:\/\/cts-chile.cl\/xencuentro\/wp-json\/wp\/v2\/comments?post=1445"}],"version-history":[{"count":5,"href":"https:\/\/cts-chile.cl\/xencuentro\/wp-json\/wp\/v2\/pages\/1445\/revisions"}],"predecessor-version":[{"id":1703,"href":"https:\/\/cts-chile.cl\/xencuentro\/wp-json\/wp\/v2\/pages\/1445\/revisions\/1703"}],"wp:attachment":[{"href":"https:\/\/cts-chile.cl\/xencuentro\/wp-json\/wp\/v2\/media?parent=1445"}],"curies":[{"name":"wp","href":"https:\/\/api.w.org\/{rel}","templated":true}]}}