{"id":1411,"date":"2023-03-22T00:16:00","date_gmt":"2023-03-22T00:16:00","guid":{"rendered":"https:\/\/cts-chile.cl\/xencuentro\/?page_id=1411"},"modified":"2023-04-24T14:11:59","modified_gmt":"2023-04-24T14:11:59","slug":"recomendaciones-de-alojamiento","status":"publish","type":"page","link":"https:\/\/cts-chile.cl\/xencuentro\/recomendaciones-de-alojamiento\/","title":{"rendered":"Recomendaciones de alojamiento"},"content":{"rendered":"\n<p class=\"has-small-font-size\"><\/p>\n\n\n\n<p>La ciudad de Punta Arenas es una urbe caminable, con muy buen transporte p\u00fablico. El encuentro se desarrollar\u00e1 en el sector norponiente de la ciudad (ver <a rel=\"noreferrer noopener\" href=\"https:\/\/cts-chile.cl\/xencuentro\/lugar-del-encuentro\/\" target=\"_blank\">Lugar del encuentro  <\/a>) cerca del Hospital Regional,  el Mall Espacio Pionero, la Universidad de Magallanes y la Zona Austral. Desde cualquier punto de la Perla del Estrecho es posible llegar r\u00e1pidamente al CADI-UMAG.<\/p>\n\n\n\n<p>El Comit\u00e9 Organizador recomienda los siguientes alojamientos:<\/p>\n\n\n\n<p class=\"has-large-font-size\"><strong>Hostal INNATA PATAGONIA<\/strong><\/p>\n\n\n\n<p>Mayor informaci\u00f3n en: <a href=\"https:\/\/www.innatapatagonia.com\/\">https:\/\/www.innatapatagonia.com\/<\/a><\/p>\n\n\n\n<figure class=\"wp-block-image size-large\"><img data-recalc-dims=\"1\" loading=\"lazy\" decoding=\"async\" width=\"1024\" height=\"683\" src=\"https:\/\/i0.wp.com\/cts-chile.cl\/xencuentro\/wp-content\/uploads\/2023\/03\/Casa-Hostal-Innata-Patagonia.jpeg?resize=1024%2C683&#038;ssl=1\" alt=\"\" class=\"wp-image-1412\" srcset=\"https:\/\/i0.wp.com\/cts-chile.cl\/xencuentro\/wp-content\/uploads\/2023\/03\/Casa-Hostal-Innata-Patagonia.jpeg?resize=1024%2C683&amp;ssl=1 1024w, https:\/\/i0.wp.com\/cts-chile.cl\/xencuentro\/wp-content\/uploads\/2023\/03\/Casa-Hostal-Innata-Patagonia.jpeg?resize=300%2C200&amp;ssl=1 300w, https:\/\/i0.wp.com\/cts-chile.cl\/xencuentro\/wp-content\/uploads\/2023\/03\/Casa-Hostal-Innata-Patagonia.jpeg?resize=768%2C512&amp;ssl=1 768w, https:\/\/i0.wp.com\/cts-chile.cl\/xencuentro\/wp-content\/uploads\/2023\/03\/Casa-Hostal-Innata-Patagonia.jpeg?resize=690%2C460&amp;ssl=1 690w, https:\/\/i0.wp.com\/cts-chile.cl\/xencuentro\/wp-content\/uploads\/2023\/03\/Casa-Hostal-Innata-Patagonia.jpeg?resize=1317%2C879&amp;ssl=1 1317w, https:\/\/i0.wp.com\/cts-chile.cl\/xencuentro\/wp-content\/uploads\/2023\/03\/Casa-Hostal-Innata-Patagonia.jpeg?resize=800%2C534&amp;ssl=1 800w, https:\/\/i0.wp.com\/cts-chile.cl\/xencuentro\/wp-content\/uploads\/2023\/03\/Casa-Hostal-Innata-Patagonia.jpeg?w=1400&amp;ssl=1 1400w\" sizes=\"auto, (max-width: 1024px) 100vw, 1024px\" \/><\/figure>\n\n\n\n<p><\/p>\n\n\n\n<p>PAQUETE DE 3 NOCHES (SINGLE) 135.000&nbsp;+ IVA<\/p>\n\n\n\n<p>PAQUETE DE 3 NOCHES (DOBLE) 160.000&nbsp;+ IVA<\/p>\n\n\n\n<p>PAQUETE DE 4 NOCHES (Habitaci\u00f3n SINGLE) 180.000&nbsp;+ IVA<\/p>\n\n\n\n<p>PAQUETE DE 4 NOCHES (habitaci\u00f3n 2 camas) 210.000&nbsp;+ IVA<\/p>\n\n\n\n<p>-Habitaci\u00f3n con ba\u00f1o&nbsp;privado, calefacci\u00f3n central, wifi y desayuno incluido.<\/p>\n\n\n\n<p>La noche extra tiene un valor de 45.000&nbsp;+ IVA<\/p>\n\n\n\n<p><\/p>\n\n\n\n<p class=\"has-large-font-size\"><strong>CANQU\u00c9N&nbsp;PATAGONIA CABA\u00d1AS<\/strong>  <\/p>\n\n\n\n<p class=\"has-regular-font-size\">(Reservas a trav\u00e9s de info@innatapatagonia.com)<\/p>\n\n\n\n<figure class=\"wp-block-image size-full\"><img data-recalc-dims=\"1\" loading=\"lazy\" decoding=\"async\" width=\"951\" height=\"713\" src=\"https:\/\/i0.wp.com\/cts-chile.cl\/xencuentro\/wp-content\/uploads\/2023\/03\/canquen-patagonia-2.jpeg?resize=951%2C713&#038;ssl=1\" alt=\"\" class=\"wp-image-1415\" srcset=\"https:\/\/i0.wp.com\/cts-chile.cl\/xencuentro\/wp-content\/uploads\/2023\/03\/canquen-patagonia-2.jpeg?w=951&amp;ssl=1 951w, https:\/\/i0.wp.com\/cts-chile.cl\/xencuentro\/wp-content\/uploads\/2023\/03\/canquen-patagonia-2.jpeg?resize=300%2C225&amp;ssl=1 300w, https:\/\/i0.wp.com\/cts-chile.cl\/xencuentro\/wp-content\/uploads\/2023\/03\/canquen-patagonia-2.jpeg?resize=768%2C576&amp;ssl=1 768w, https:\/\/i0.wp.com\/cts-chile.cl\/xencuentro\/wp-content\/uploads\/2023\/03\/canquen-patagonia-2.jpeg?resize=690%2C517&amp;ssl=1 690w, https:\/\/i0.wp.com\/cts-chile.cl\/xencuentro\/wp-content\/uploads\/2023\/03\/canquen-patagonia-2.jpeg?resize=800%2C600&amp;ssl=1 800w\" sizes=\"auto, (max-width: 951px) 100vw, 951px\" \/><\/figure>\n\n\n\n<p><\/p>\n\n\n\n<p>PAQUETE DE 3 NOCHES (SINGLE) 150.000&nbsp;+ IVA<\/p>\n\n\n\n<p>PAQUETE DE 3 NOCHES (DOBLE) 170.000&nbsp;+ IVA<\/p>\n\n\n\n<p>-Habitaci\u00f3n con ba\u00f1o privado, calefacci\u00f3n central, wifi, mini refrigerador, microondas, hervidor y desayuno incluido.<\/p>\n\n\n\n<p><\/p>\n\n\n\n<p><\/p>\n\n\n\n<p class=\"has-large-font-size\"><strong>HOSTAL CORDILLERA<\/strong><\/p>\n\n\n\n<p>Mayor informaci\u00f3n en: <a href=\"https:\/\/www.hostalcordillera.com\/\">https:\/\/www.hostalcordillera.com\/<\/a><\/p>\n\n\n\n<p>Reservas a trav\u00e9s de administrativo@hostalcordillera.com<\/p>\n\n\n\n<figure class=\"wp-block-image size-large\"><img data-recalc-dims=\"1\" loading=\"lazy\" decoding=\"async\" width=\"1024\" height=\"683\" src=\"https:\/\/i0.wp.com\/cts-chile.cl\/xencuentro\/wp-content\/uploads\/2023\/03\/hostal-cordillera.jpeg?resize=1024%2C683&#038;ssl=1\" alt=\"\" class=\"wp-image-1416\" srcset=\"https:\/\/i0.wp.com\/cts-chile.cl\/xencuentro\/wp-content\/uploads\/2023\/03\/hostal-cordillera.jpeg?resize=1024%2C683&amp;ssl=1 1024w, https:\/\/i0.wp.com\/cts-chile.cl\/xencuentro\/wp-content\/uploads\/2023\/03\/hostal-cordillera.jpeg?resize=300%2C200&amp;ssl=1 300w, https:\/\/i0.wp.com\/cts-chile.cl\/xencuentro\/wp-content\/uploads\/2023\/03\/hostal-cordillera.jpeg?resize=768%2C512&amp;ssl=1 768w, https:\/\/i0.wp.com\/cts-chile.cl\/xencuentro\/wp-content\/uploads\/2023\/03\/hostal-cordillera.jpeg?resize=690%2C460&amp;ssl=1 690w, https:\/\/i0.wp.com\/cts-chile.cl\/xencuentro\/wp-content\/uploads\/2023\/03\/hostal-cordillera.jpeg?resize=800%2C533&amp;ssl=1 800w, https:\/\/i0.wp.com\/cts-chile.cl\/xencuentro\/wp-content\/uploads\/2023\/03\/hostal-cordillera.jpeg?w=1200&amp;ssl=1 1200w\" sizes=\"auto, (max-width: 1024px) 100vw, 1024px\" \/><\/figure>\n\n\n\n<p>Todas nuestras habitaciones y caba\u00f1as cuentan con calefacci\u00f3n central, televisi\u00f3n por cable e internet.<\/p>\n\n\n\n<figure class=\"wp-block-image size-full\"><img data-recalc-dims=\"1\" loading=\"lazy\" decoding=\"async\" width=\"360\" height=\"281\" src=\"https:\/\/i0.wp.com\/cts-chile.cl\/xencuentro\/wp-content\/uploads\/2023\/03\/image002-1.png?resize=360%2C281&#038;ssl=1\" alt=\"\" class=\"wp-image-1418\" srcset=\"https:\/\/i0.wp.com\/cts-chile.cl\/xencuentro\/wp-content\/uploads\/2023\/03\/image002-1.png?w=360&amp;ssl=1 360w, https:\/\/i0.wp.com\/cts-chile.cl\/xencuentro\/wp-content\/uploads\/2023\/03\/image002-1.png?resize=300%2C234&amp;ssl=1 300w\" sizes=\"auto, (max-width: 360px) 100vw, 360px\" \/><\/figure>\n\n\n\n<p>Los valores antes mencionados, se les aplico un 10% de descuento sobre el servicio de alojamiento.<\/p>\n\n\n\n<p><\/p>\n\n\n\n<p><\/p>\n\n\n\n<p class=\"has-large-font-size\"><strong>HOSTAL BOUTIQUE TERRA ANTARCTICA <\/strong><\/p>\n\n\n\n<p>Mayor informaci\u00f3n en:  <a href=\"https:\/\/hostalterrantarctica.cl\/\">https:\/\/hostalterrantarctica.cl\/<\/a><\/p>\n\n\n\n<figure class=\"wp-block-image size-large\"><img data-recalc-dims=\"1\" loading=\"lazy\" decoding=\"async\" width=\"1024\" height=\"768\" src=\"https:\/\/i0.wp.com\/cts-chile.cl\/xencuentro\/wp-content\/uploads\/2023\/03\/305032355_790201488948533_2817971873898108991_n.jpeg?resize=1024%2C768&#038;ssl=1\" alt=\"\" class=\"wp-image-1420\" srcset=\"https:\/\/i0.wp.com\/cts-chile.cl\/xencuentro\/wp-content\/uploads\/2023\/03\/305032355_790201488948533_2817971873898108991_n.jpeg?resize=1024%2C768&amp;ssl=1 1024w, https:\/\/i0.wp.com\/cts-chile.cl\/xencuentro\/wp-content\/uploads\/2023\/03\/305032355_790201488948533_2817971873898108991_n.jpeg?resize=300%2C225&amp;ssl=1 300w, https:\/\/i0.wp.com\/cts-chile.cl\/xencuentro\/wp-content\/uploads\/2023\/03\/305032355_790201488948533_2817971873898108991_n.jpeg?resize=768%2C576&amp;ssl=1 768w, https:\/\/i0.wp.com\/cts-chile.cl\/xencuentro\/wp-content\/uploads\/2023\/03\/305032355_790201488948533_2817971873898108991_n.jpeg?resize=1536%2C1152&amp;ssl=1 1536w, https:\/\/i0.wp.com\/cts-chile.cl\/xencuentro\/wp-content\/uploads\/2023\/03\/305032355_790201488948533_2817971873898108991_n.jpeg?resize=690%2C518&amp;ssl=1 690w, https:\/\/i0.wp.com\/cts-chile.cl\/xencuentro\/wp-content\/uploads\/2023\/03\/305032355_790201488948533_2817971873898108991_n.jpeg?resize=1317%2C988&amp;ssl=1 1317w, https:\/\/i0.wp.com\/cts-chile.cl\/xencuentro\/wp-content\/uploads\/2023\/03\/305032355_790201488948533_2817971873898108991_n.jpeg?resize=800%2C600&amp;ssl=1 800w, https:\/\/i0.wp.com\/cts-chile.cl\/xencuentro\/wp-content\/uploads\/2023\/03\/305032355_790201488948533_2817971873898108991_n.jpeg?resize=1400%2C1050&amp;ssl=1 1400w, https:\/\/i0.wp.com\/cts-chile.cl\/xencuentro\/wp-content\/uploads\/2023\/03\/305032355_790201488948533_2817971873898108991_n.jpeg?w=2048&amp;ssl=1 2048w\" sizes=\"auto, (max-width: 1024px) 100vw, 1024px\" \/><\/figure>\n\n\n\n<p><\/p>\n\n\n\n<p><\/p>\n\n\n\n<p class=\"has-large-font-size\"><strong>HOTEL CARPA MANZANO<\/strong><\/p>\n\n\n\n<p>Mayor informaci\u00f3n en: <a href=\"https:\/\/www.hotelcarpamanzano.com\/es\/index.html\">https:\/\/www.hotelcarpamanzano.com\/es\/index.html<\/a><\/p>\n\n\n\n<figure class=\"wp-block-image size-large\"><img data-recalc-dims=\"1\" loading=\"lazy\" decoding=\"async\" width=\"1024\" height=\"678\" src=\"https:\/\/i0.wp.com\/cts-chile.cl\/xencuentro\/wp-content\/uploads\/2023\/03\/Captura-de-Pantalla-2023-03-21-a-las-20.45.15.jpg?resize=1024%2C678&#038;ssl=1\" alt=\"\" class=\"wp-image-1421\" srcset=\"https:\/\/i0.wp.com\/cts-chile.cl\/xencuentro\/wp-content\/uploads\/2023\/03\/Captura-de-Pantalla-2023-03-21-a-las-20.45.15.jpg?resize=1024%2C678&amp;ssl=1 1024w, https:\/\/i0.wp.com\/cts-chile.cl\/xencuentro\/wp-content\/uploads\/2023\/03\/Captura-de-Pantalla-2023-03-21-a-las-20.45.15.jpg?resize=300%2C198&amp;ssl=1 300w, https:\/\/i0.wp.com\/cts-chile.cl\/xencuentro\/wp-content\/uploads\/2023\/03\/Captura-de-Pantalla-2023-03-21-a-las-20.45.15.jpg?resize=768%2C508&amp;ssl=1 768w, https:\/\/i0.wp.com\/cts-chile.cl\/xencuentro\/wp-content\/uploads\/2023\/03\/Captura-de-Pantalla-2023-03-21-a-las-20.45.15.jpg?resize=690%2C457&amp;ssl=1 690w, https:\/\/i0.wp.com\/cts-chile.cl\/xencuentro\/wp-content\/uploads\/2023\/03\/Captura-de-Pantalla-2023-03-21-a-las-20.45.15.jpg?resize=800%2C529&amp;ssl=1 800w, https:\/\/i0.wp.com\/cts-chile.cl\/xencuentro\/wp-content\/uploads\/2023\/03\/Captura-de-Pantalla-2023-03-21-a-las-20.45.15.jpg?w=1256&amp;ssl=1 1256w\" sizes=\"auto, (max-width: 1024px) 100vw, 1024px\" \/><\/figure>\n\n\n\n<p><\/p>\n\n\n\n<p><\/p>\n\n\n\n<p class=\"has-large-font-size\"><strong>HOSTAL BUENAVISTA PATAGONIA<\/strong><\/p>\n\n\n\n<p>Mayor informaci\u00f3n en: <a href=\"https:\/\/hostalbuenavistapatagonia.paxer.com\/reservacion\">https:\/\/hostalbuenavistapatagonia.paxer.com\/reservacion<\/a><\/p>\n\n\n\n<figure class=\"wp-block-image size-full\"><img data-recalc-dims=\"1\" loading=\"lazy\" decoding=\"async\" width=\"840\" height=\"460\" src=\"https:\/\/i0.wp.com\/cts-chile.cl\/xencuentro\/wp-content\/uploads\/2023\/03\/224003384.jpeg?resize=840%2C460&#038;ssl=1\" alt=\"\" class=\"wp-image-1423\" srcset=\"https:\/\/i0.wp.com\/cts-chile.cl\/xencuentro\/wp-content\/uploads\/2023\/03\/224003384.jpeg?w=840&amp;ssl=1 840w, https:\/\/i0.wp.com\/cts-chile.cl\/xencuentro\/wp-content\/uploads\/2023\/03\/224003384.jpeg?resize=300%2C164&amp;ssl=1 300w, https:\/\/i0.wp.com\/cts-chile.cl\/xencuentro\/wp-content\/uploads\/2023\/03\/224003384.jpeg?resize=768%2C421&amp;ssl=1 768w, https:\/\/i0.wp.com\/cts-chile.cl\/xencuentro\/wp-content\/uploads\/2023\/03\/224003384.jpeg?resize=690%2C378&amp;ssl=1 690w, https:\/\/i0.wp.com\/cts-chile.cl\/xencuentro\/wp-content\/uploads\/2023\/03\/224003384.jpeg?resize=800%2C438&amp;ssl=1 800w\" sizes=\"auto, (max-width: 840px) 100vw, 840px\" \/><\/figure>\n\n\n\n<p><\/p>\n\n\n\n<p><\/p>\n\n\n\n<p class=\"has-large-font-size\"><strong>HOSTAL PUERTA ROJA<\/strong><\/p>\n\n\n\n<p> Mayor informaci\u00f3n en: <a href=\"https:\/\/hostalpuertaroja.cl\/hostal-puerta-roja\/\">https:\/\/hostalpuertaroja.cl\/hostal-puerta-roja\/<\/a><\/p>\n\n\n\n<figure class=\"wp-block-image size-large\"><img data-recalc-dims=\"1\" loading=\"lazy\" decoding=\"async\" width=\"1024\" height=\"721\" src=\"https:\/\/i0.wp.com\/cts-chile.cl\/xencuentro\/wp-content\/uploads\/2023\/03\/IMG_2494-2.jpeg?resize=1024%2C721&#038;ssl=1\" alt=\"\" class=\"wp-image-1424\" srcset=\"https:\/\/i0.wp.com\/cts-chile.cl\/xencuentro\/wp-content\/uploads\/2023\/03\/IMG_2494-2.jpeg?resize=1024%2C721&amp;ssl=1 1024w, https:\/\/i0.wp.com\/cts-chile.cl\/xencuentro\/wp-content\/uploads\/2023\/03\/IMG_2494-2.jpeg?resize=300%2C211&amp;ssl=1 300w, https:\/\/i0.wp.com\/cts-chile.cl\/xencuentro\/wp-content\/uploads\/2023\/03\/IMG_2494-2.jpeg?resize=768%2C541&amp;ssl=1 768w, https:\/\/i0.wp.com\/cts-chile.cl\/xencuentro\/wp-content\/uploads\/2023\/03\/IMG_2494-2.jpeg?resize=690%2C486&amp;ssl=1 690w, https:\/\/i0.wp.com\/cts-chile.cl\/xencuentro\/wp-content\/uploads\/2023\/03\/IMG_2494-2.jpeg?resize=800%2C563&amp;ssl=1 800w, https:\/\/i0.wp.com\/cts-chile.cl\/xencuentro\/wp-content\/uploads\/2023\/03\/IMG_2494-2.jpeg?w=1136&amp;ssl=1 1136w\" sizes=\"auto, (max-width: 1024px) 100vw, 1024px\" \/><\/figure>\n\n\n\n<p><\/p>\n\n\n\n<p><\/p>\n\n\n\n<p class=\"has-large-font-size\"><strong>HOTEL ILAIA<\/strong><\/p>\n\n\n\n<p> Mayor informaci\u00f3n en: <a href=\"http:\/\/www.ilaiapatagonia.com\/index.php\">http:\/\/www.ilaiapatagonia.com\/index.php<\/a><\/p>\n\n\n\n<figure class=\"wp-block-image size-large\"><img data-recalc-dims=\"1\" loading=\"lazy\" decoding=\"async\" width=\"1024\" height=\"473\" src=\"https:\/\/i0.wp.com\/cts-chile.cl\/xencuentro\/wp-content\/uploads\/2023\/03\/slide1-1.jpeg?resize=1024%2C473&#038;ssl=1\" alt=\"\" class=\"wp-image-1426\" srcset=\"https:\/\/i0.wp.com\/cts-chile.cl\/xencuentro\/wp-content\/uploads\/2023\/03\/slide1-1.jpeg?resize=1024%2C473&amp;ssl=1 1024w, https:\/\/i0.wp.com\/cts-chile.cl\/xencuentro\/wp-content\/uploads\/2023\/03\/slide1-1.jpeg?resize=300%2C138&amp;ssl=1 300w, https:\/\/i0.wp.com\/cts-chile.cl\/xencuentro\/wp-content\/uploads\/2023\/03\/slide1-1.jpeg?resize=768%2C354&amp;ssl=1 768w, https:\/\/i0.wp.com\/cts-chile.cl\/xencuentro\/wp-content\/uploads\/2023\/03\/slide1-1.jpeg?resize=690%2C318&amp;ssl=1 690w, https:\/\/i0.wp.com\/cts-chile.cl\/xencuentro\/wp-content\/uploads\/2023\/03\/slide1-1.jpeg?resize=800%2C369&amp;ssl=1 800w, https:\/\/i0.wp.com\/cts-chile.cl\/xencuentro\/wp-content\/uploads\/2023\/03\/slide1-1.jpeg?w=1300&amp;ssl=1 1300w\" sizes=\"auto, (max-width: 1024px) 100vw, 1024px\" \/><\/figure>\n\n\n\n<figure class=\"wp-block-image size-full\"><img data-recalc-dims=\"1\" loading=\"lazy\" decoding=\"async\" width=\"674\" height=\"404\" src=\"https:\/\/i0.wp.com\/cts-chile.cl\/xencuentro\/wp-content\/uploads\/2023\/04\/logos-cts.png?resize=674%2C404&#038;ssl=1\" alt=\"\" class=\"wp-image-1687\" srcset=\"https:\/\/i0.wp.com\/cts-chile.cl\/xencuentro\/wp-content\/uploads\/2023\/04\/logos-cts.png?w=674&amp;ssl=1 674w, https:\/\/i0.wp.com\/cts-chile.cl\/xencuentro\/wp-content\/uploads\/2023\/04\/logos-cts.png?resize=300%2C180&amp;ssl=1 300w\" sizes=\"auto, (max-width: 674px) 100vw, 674px\" \/><\/figure>\n","protected":false},"excerpt":{"rendered":"<p>La ciudad de Punta Arenas es una urbe caminable, con muy buen transporte p\u00fablico. El encuentro se desarrollar\u00e1 en el sector norponiente de la ciudad (ver Lugar del encuentro ) cerca del Hospital Regional, el Mall Espacio Pionero, la Universidad de Magallanes y la Zona Austral. Desde cualquier punto de la Perla del Estrecho es&hellip;<\/p>\n<a class=\"read-more-link\" href=\" https:\/\/cts-chile.cl\/xencuentro\/recomendaciones-de-alojamiento\/ \">Read More<\/a>","protected":false},"author":2,"featured_media":0,"parent":0,"menu_order":0,"comment_status":"closed","ping_status":"closed","template":"","meta":{"footnotes":""},"class_list":["post-1411","page","type-page","status-publish","hentry","col-md-4 col-sm-6"],"jetpack_sharing_enabled":true,"_links":{"self":[{"href":"https:\/\/cts-chile.cl\/xencuentro\/wp-json\/wp\/v2\/pages\/1411","targetHints":{"allow":["GET"]}}],"collection":[{"href":"https:\/\/cts-chile.cl\/xencuentro\/wp-json\/wp\/v2\/pages"}],"about":[{"href":"https:\/\/cts-chile.cl\/xencuentro\/wp-json\/wp\/v2\/types\/page"}],"author":[{"embeddable":true,"href":"https:\/\/cts-chile.cl\/xencuentro\/wp-json\/wp\/v2\/users\/2"}],"replies":[{"embeddable":true,"href":"https:\/\/cts-chile.cl\/xencuentro\/wp-json\/wp\/v2\/comments?post=1411"}],"version-history":[{"count":7,"href":"https:\/\/cts-chile.cl\/xencuentro\/wp-json\/wp\/v2\/pages\/1411\/revisions"}],"predecessor-version":[{"id":1701,"href":"https:\/\/cts-chile.cl\/xencuentro\/wp-json\/wp\/v2\/pages\/1411\/revisions\/1701"}],"wp:attachment":[{"href":"https:\/\/cts-chile.cl\/xencuentro\/wp-json\/wp\/v2\/media?parent=1411"}],"curies":[{"name":"wp","href":"https:\/\/api.w.org\/{rel}","templated":true}]}}