{"id":1157,"date":"2022-10-31T08:48:00","date_gmt":"2022-10-31T08:48:00","guid":{"rendered":"https:\/\/cts-chile.cl\/xencuentro\/?page_id=1157"},"modified":"2023-04-24T14:11:01","modified_gmt":"2023-04-24T14:11:01","slug":"lugar-del-encuentro","status":"publish","type":"page","link":"https:\/\/cts-chile.cl\/xencuentro\/lugar-del-encuentro\/","title":{"rendered":"C\u00f3mo llegar al X Encuentro"},"content":{"rendered":"\n<figure class=\"wp-block-image size-full\"><img data-recalc-dims=\"1\" loading=\"lazy\" decoding=\"async\" width=\"1024\" height=\"1024\" src=\"https:\/\/i0.wp.com\/cts-chile.cl\/xencuentro\/wp-content\/uploads\/2023\/04\/7c2332c2-5615-4df5-bbf2-1f8c5a0369cc.jpeg?resize=1024%2C1024&#038;ssl=1\" alt=\"\" class=\"wp-image-1672\" srcset=\"https:\/\/i0.wp.com\/cts-chile.cl\/xencuentro\/wp-content\/uploads\/2023\/04\/7c2332c2-5615-4df5-bbf2-1f8c5a0369cc.jpeg?w=1024&amp;ssl=1 1024w, https:\/\/i0.wp.com\/cts-chile.cl\/xencuentro\/wp-content\/uploads\/2023\/04\/7c2332c2-5615-4df5-bbf2-1f8c5a0369cc.jpeg?resize=300%2C300&amp;ssl=1 300w, https:\/\/i0.wp.com\/cts-chile.cl\/xencuentro\/wp-content\/uploads\/2023\/04\/7c2332c2-5615-4df5-bbf2-1f8c5a0369cc.jpeg?resize=150%2C150&amp;ssl=1 150w, https:\/\/i0.wp.com\/cts-chile.cl\/xencuentro\/wp-content\/uploads\/2023\/04\/7c2332c2-5615-4df5-bbf2-1f8c5a0369cc.jpeg?resize=768%2C768&amp;ssl=1 768w, https:\/\/i0.wp.com\/cts-chile.cl\/xencuentro\/wp-content\/uploads\/2023\/04\/7c2332c2-5615-4df5-bbf2-1f8c5a0369cc.jpeg?resize=690%2C690&amp;ssl=1 690w, https:\/\/i0.wp.com\/cts-chile.cl\/xencuentro\/wp-content\/uploads\/2023\/04\/7c2332c2-5615-4df5-bbf2-1f8c5a0369cc.jpeg?resize=800%2C800&amp;ssl=1 800w\" sizes=\"auto, (max-width: 1024px) 100vw, 1024px\" \/><\/figure>\n\n\n\n<p>El X Encuentro de la comunidad CTS- Chile, se desarrollar\u00e1 entre el 26 y 28 de abril de 2023, en el Centro Asistencial Docente e Investigaci\u00f3n de la Universidad de Magallanes (CADI-UMAG), ubicado en <strong>Avenida Los Flamencos #01364<\/strong>, Punta Arenas (ver mapa m\u00e1s abajo).<\/p>\n\n\n\n<figure class=\"wp-block-image size-large\"><img data-recalc-dims=\"1\" loading=\"lazy\" decoding=\"async\" width=\"1024\" height=\"768\" src=\"https:\/\/i0.wp.com\/cts-chile.cl\/xencuentro\/wp-content\/uploads\/2022\/11\/img-20200612-wa0016.jpeg?resize=1024%2C768&#038;ssl=1\" alt=\"\" class=\"wp-image-1148\" srcset=\"https:\/\/i0.wp.com\/cts-chile.cl\/xencuentro\/wp-content\/uploads\/2022\/11\/img-20200612-wa0016.jpeg?resize=1024%2C768&amp;ssl=1 1024w, https:\/\/i0.wp.com\/cts-chile.cl\/xencuentro\/wp-content\/uploads\/2022\/11\/img-20200612-wa0016.jpeg?resize=300%2C225&amp;ssl=1 300w, https:\/\/i0.wp.com\/cts-chile.cl\/xencuentro\/wp-content\/uploads\/2022\/11\/img-20200612-wa0016.jpeg?resize=768%2C576&amp;ssl=1 768w, https:\/\/i0.wp.com\/cts-chile.cl\/xencuentro\/wp-content\/uploads\/2022\/11\/img-20200612-wa0016.jpeg?resize=690%2C518&amp;ssl=1 690w, https:\/\/i0.wp.com\/cts-chile.cl\/xencuentro\/wp-content\/uploads\/2022\/11\/img-20200612-wa0016.jpeg?resize=800%2C600&amp;ssl=1 800w, https:\/\/i0.wp.com\/cts-chile.cl\/xencuentro\/wp-content\/uploads\/2022\/11\/img-20200612-wa0016.jpeg?w=1280&amp;ssl=1 1280w\" sizes=\"auto, (max-width: 1024px) 100vw, 1024px\" \/><\/figure>\n\n\n\n<p>El Centro Asistencial Docente e Investigaci\u00f3n de la Universidad de Magallanes (CADI-UMAG), cuyo proyecto nace de una propuesta universitaria que tiene como objetivo mejorar la salud de la poblaci\u00f3n regional, alberga espacios formativos, asistenciales y cient\u00edficos para el estudio, diagn\u00f3stico y tratamiento de enfermedades cr\u00f3nicas y degenerativas, siendo financiado por el aporte de $19.500 millones desde Fondos Regionales al Plan Especial de Desarrollo de Zonas Extremas.<br>Su administraci\u00f3n est\u00e1 a cargo de la Universidad de Magallanes, funcionando acorde a las necesidades de docencia, asistencia e investigaci\u00f3n del entorno.<\/p>\n\n\n\n<figure class=\"wp-block-image size-full\"><img data-recalc-dims=\"1\" loading=\"lazy\" decoding=\"async\" width=\"1024\" height=\"682\" src=\"https:\/\/i0.wp.com\/cts-chile.cl\/xencuentro\/wp-content\/uploads\/2022\/11\/MG_4180-1024x682-1.jpeg?resize=1024%2C682&#038;ssl=1\" alt=\"\" class=\"wp-image-1149\" srcset=\"https:\/\/i0.wp.com\/cts-chile.cl\/xencuentro\/wp-content\/uploads\/2022\/11\/MG_4180-1024x682-1.jpeg?w=1024&amp;ssl=1 1024w, https:\/\/i0.wp.com\/cts-chile.cl\/xencuentro\/wp-content\/uploads\/2022\/11\/MG_4180-1024x682-1.jpeg?resize=300%2C200&amp;ssl=1 300w, https:\/\/i0.wp.com\/cts-chile.cl\/xencuentro\/wp-content\/uploads\/2022\/11\/MG_4180-1024x682-1.jpeg?resize=768%2C512&amp;ssl=1 768w, https:\/\/i0.wp.com\/cts-chile.cl\/xencuentro\/wp-content\/uploads\/2022\/11\/MG_4180-1024x682-1.jpeg?resize=690%2C460&amp;ssl=1 690w, https:\/\/i0.wp.com\/cts-chile.cl\/xencuentro\/wp-content\/uploads\/2022\/11\/MG_4180-1024x682-1.jpeg?resize=800%2C533&amp;ssl=1 800w\" sizes=\"auto, (max-width: 1024px) 100vw, 1024px\" \/><\/figure>\n\n\n\n<p>Para m\u00e1s informaci\u00f3n: <a href=\"http:\/\/umag.cl\/medicina\/?page_id=451\">http:\/\/umag.cl\/medicina\/?page_id=451<\/a><\/p>\n\n\n\n<p><\/p>\n\n\n\n<p><\/p>\n\n\n\n<p class=\"has-text-align-center has-larger-font-size\"><strong>\u00bfC\u00f3mo llegar al complejo del CADI-UMAG?<\/strong><\/p>\n\n\n\n<p>Para llegar al CADI- UMAG, usted usar como punto de referencia el Hospital Cl\u00ednico de Magallanes. Cabe se\u00f1alar que el complejo se encuentra detr\u00e1s del principal centro asistencial de Punta Arenas, es decir, est\u00e1 ubicado en el sector norponiente de la ciudad. <\/p>\n\n\n\n<p><\/p>\n\n\n\n<iframe src=\"https:\/\/www.google.com\/maps\/embed?pb=!1m18!1m12!1m3!1d6867.010209060367!2d-70.91154694395412!3d-53.120423938167164!2m3!1f0!2f0!3f0!3m2!1i1024!2i768!4f13.1!3m3!1m2!1s0xbdb2644925a2fa3f%3A0xfd1a18bf2b2881e2!2sCADI%20UMAG!5e0!3m2!1ses!2scl!4v1679857780974!5m2!1ses!2scl\" width=\"800\" height=\"600\" style=\"border:0;\" allowfullscreen=\"\" loading=\"lazy\" referrerpolicy=\"no-referrer-when-downgrade\"><\/iframe>\n\n\n\n<p><\/p>\n\n\n\n<p class=\"has-large-font-size\"><strong>Transporte P\u00fablico<\/strong><\/p>\n\n\n<div class=\"wp-block-image\">\n<figure class=\"aligncenter size-full is-resized\"><img data-recalc-dims=\"1\" loading=\"lazy\" decoding=\"async\" src=\"https:\/\/i0.wp.com\/cts-chile.cl\/xencuentro\/wp-content\/uploads\/2023\/03\/descarga.jpeg?resize=566%2C424&#038;ssl=1\" alt=\"\" class=\"wp-image-1491\" width=\"566\" height=\"424\"\/><\/figure>\n<\/div>\n\n\n<p>Punta Arenas tiene un servicio de transporte p\u00fablico moderno que conecta toda la ciudad de sur a norte y de cerro a playa. <\/p>\n\n\n\n<p><strong>Red Punta Arenas de movilidad, horarios rutas y paradas<\/strong>: <a href=\"https:\/\/moovitapp.com\/punta_arenas-4180\/poi\/es-419?ref=2&amp;customerId=4908\">https:\/\/moovitapp.com\/punta_arenas-4180\/poi\/es-419?ref=2&amp;customerId=4908<\/a><\/p>\n\n\n\n<p>Tambi\u00e9n es posible utilizar la aplicaci\u00f3n Moovit desde el celular:<\/p>\n\n\n<div class=\"wp-block-image\">\n<figure class=\"aligncenter size-full\"><img data-recalc-dims=\"1\" loading=\"lazy\" decoding=\"async\" width=\"254\" height=\"317\" src=\"https:\/\/i0.wp.com\/cts-chile.cl\/xencuentro\/wp-content\/uploads\/2023\/03\/Captura-de-Pantalla-2023-03-26-a-las-16.22.51.png?resize=254%2C317&#038;ssl=1\" alt=\"\" class=\"wp-image-1488\" srcset=\"https:\/\/i0.wp.com\/cts-chile.cl\/xencuentro\/wp-content\/uploads\/2023\/03\/Captura-de-Pantalla-2023-03-26-a-las-16.22.51.png?w=254&amp;ssl=1 254w, https:\/\/i0.wp.com\/cts-chile.cl\/xencuentro\/wp-content\/uploads\/2023\/03\/Captura-de-Pantalla-2023-03-26-a-las-16.22.51.png?resize=240%2C300&amp;ssl=1 240w\" sizes=\"auto, (max-width: 254px) 100vw, 254px\" \/><\/figure>\n<\/div>\n\n\n<p><\/p>\n\n\n\n<p><strong>Algunos transportes privados, dentro y fuera de la ciudad<\/strong> <strong>(Aeropuerto)<\/strong><\/p>\n\n\n\n<ul class=\"wp-block-list\">\n<li>Radiotaxi Alondra. +56 61 2268292. &#8211;  61 2268293. WhatsApp +56942808747<\/li>\n\n\n\n<li>Radiotaxi Los Pioneros. +56 61 2643765 &#8211; 61 2646526.  WhatsApp +56982449894<\/li>\n\n\n\n<li>Radiotaxi Cofrima  +56612214063<\/li>\n\n\n\n<li>Radiotaxi El Mirador +56612246501<\/li>\n<\/ul>\n\n\n\n<p><strong>APP de proveedores de servicios de movilidad<\/strong><\/p>\n\n\n\n<p>Es posible utilizar empresas proveedoras de movilidad como servicio, a trav\u00e9s de la App de celular.<\/p>\n\n\n\n<p><\/p>\n\n\n\n<p><\/p>\n\n\n\n<p><\/p>\n\n\n\n<p><\/p>\n\n\n\n<figure class=\"wp-block-image size-full\"><img data-recalc-dims=\"1\" loading=\"lazy\" decoding=\"async\" width=\"674\" height=\"404\" src=\"https:\/\/i0.wp.com\/cts-chile.cl\/xencuentro\/wp-content\/uploads\/2023\/04\/logos-cts.png?resize=674%2C404&#038;ssl=1\" alt=\"\" class=\"wp-image-1687\" srcset=\"https:\/\/i0.wp.com\/cts-chile.cl\/xencuentro\/wp-content\/uploads\/2023\/04\/logos-cts.png?w=674&amp;ssl=1 674w, https:\/\/i0.wp.com\/cts-chile.cl\/xencuentro\/wp-content\/uploads\/2023\/04\/logos-cts.png?resize=300%2C180&amp;ssl=1 300w\" sizes=\"auto, (max-width: 674px) 100vw, 674px\" \/><\/figure>\n","protected":false},"excerpt":{"rendered":"<p>El X Encuentro de la comunidad CTS- Chile, se desarrollar\u00e1 entre el 26 y 28 de abril de 2023, en el Centro Asistencial Docente e Investigaci\u00f3n de la Universidad de Magallanes (CADI-UMAG), ubicado en Avenida Los Flamencos #01364, Punta Arenas (ver mapa m\u00e1s abajo). El Centro Asistencial Docente e Investigaci\u00f3n de la Universidad de Magallanes&hellip;<\/p>\n<a class=\"read-more-link\" href=\" https:\/\/cts-chile.cl\/xencuentro\/lugar-del-encuentro\/ \">Read More<\/a>","protected":false},"author":2,"featured_media":0,"parent":0,"menu_order":0,"comment_status":"closed","ping_status":"closed","template":"","meta":{"footnotes":""},"class_list":["post-1157","page","type-page","status-publish","hentry","col-md-4 col-sm-6"],"jetpack_sharing_enabled":true,"_links":{"self":[{"href":"https:\/\/cts-chile.cl\/xencuentro\/wp-json\/wp\/v2\/pages\/1157","targetHints":{"allow":["GET"]}}],"collection":[{"href":"https:\/\/cts-chile.cl\/xencuentro\/wp-json\/wp\/v2\/pages"}],"about":[{"href":"https:\/\/cts-chile.cl\/xencuentro\/wp-json\/wp\/v2\/types\/page"}],"author":[{"embeddable":true,"href":"https:\/\/cts-chile.cl\/xencuentro\/wp-json\/wp\/v2\/users\/2"}],"replies":[{"embeddable":true,"href":"https:\/\/cts-chile.cl\/xencuentro\/wp-json\/wp\/v2\/comments?post=1157"}],"version-history":[{"count":16,"href":"https:\/\/cts-chile.cl\/xencuentro\/wp-json\/wp\/v2\/pages\/1157\/revisions"}],"predecessor-version":[{"id":1699,"href":"https:\/\/cts-chile.cl\/xencuentro\/wp-json\/wp\/v2\/pages\/1157\/revisions\/1699"}],"wp:attachment":[{"href":"https:\/\/cts-chile.cl\/xencuentro\/wp-json\/wp\/v2\/media?parent=1157"}],"curies":[{"name":"wp","href":"https:\/\/api.w.org\/{rel}","templated":true}]}}