{"id":9,"date":"2017-04-03T11:01:45","date_gmt":"2017-04-03T11:01:45","guid":{"rendered":"http:\/\/coup.tkdvl.com\/?page_id=9"},"modified":"2025-04-16T21:19:34","modified_gmt":"2025-04-17T01:19:34","slug":"about","status":"publish","type":"page","link":"https:\/\/cts-chile.cl\/weblog\/about\/","title":{"rendered":"Acerca de"},"content":{"rendered":"\n<p class=\"emphasis\"><\/p>\n\n\n<div class=\"wp-block-image\">\n<figure class=\"aligncenter size-large is-resized\"><img data-recalc-dims=\"1\" loading=\"lazy\" decoding=\"async\" width=\"640\" height=\"337\" src=\"https:\/\/i0.wp.com\/cts-chile.cl\/weblog\/wp-content\/uploads\/2024\/10\/cropped-we-high-res-transparent.jpg?resize=640%2C337&#038;quality=99&#038;ssl=1\" alt=\"\" class=\"wp-image-1060\" style=\"width:500px;height:auto\"\/><\/figure>\n<\/div>\n\n\n<h4 class=\"wp-block-heading\">A principios de 2012 surge la Red Chilena de Ciencia, Tecnolog\u00eda y Sociedad (CTS-Chile) con el objetivo de analizar, discutir y entender estos procesos y sus relaciones.<\/h4>\n\n\n\n<h4 class=\"wp-block-heading\">CTS-Chile busca aunar los esfuerzos de una diversidad de actores \u2013acad\u00e9micos y no acad\u00e9micos, con formaci\u00f3n en ciencias b\u00e1sicas y sociales, de instituciones chilenas y extranjeras\u2013 que desde hace varios a\u00f1os han estado tratando de desafiar la divisi\u00f3n estricta entre an\u00e1lisis de tipo tecnol\u00f3gico-cient\u00edfico versus social.<\/h4>\n\n\n\n<h4 class=\"wp-block-heading\">En l\u00ednea con desarrollos internacionales, lo que nos unifica es la convicci\u00f3n de que las tem\u00e1ticas cient\u00edfico-tecnol\u00f3gicas no pueden entenderse en profundidad sin considerar los aspectos de \u00edndole social, desde culturas nacionales hasta pr\u00e1cticas de trabajo locales.<\/h4>\n\n\n\n<h4 class=\"wp-block-heading\">As\u00ed, nuestro objetivo principal es ser una plataforma para difundir y colaborar en iniciativas concretas de investigaci\u00f3n e intervenci\u00f3n que utilicen un acercamiento interdisciplinar para lidiar con tem\u00e1ticas socio-t\u00e9cnicas de inter\u00e9s p\u00fablico.<\/h4>\n\n\n\n<h4 class=\"wp-block-heading\">Nos encontramos distribuidos en diversas locaciones, pero contamos con un espacio de encuentro anual situado en diversas regiones, organizado por personas y colectivos implicados.<\/h4>\n\n\n\n<h4 class=\"wp-block-heading has-large-font-size\">Encuentros CTS-Chile (a enero de 2024):<\/h4>\n\n\n\n<p style=\"font-size:30px\"><strong>2014<\/strong> &#8211; Santiago, Universidad Alberto Hurtado y Universidad Santo Tom\u00e1s. <strong>2015<\/strong> &#8211; Valpara\u00edso, Pontificia Universidad Cat\u00f3lica de Valpara\u00edso, en coordinaci\u00f3n a la Universidad de Valpara\u00edso, Universidad de Santiago de Chile y Universidad de Chile. <strong>2016<\/strong> &#8211; Temuco, Universidad Cat\u00f3lica de Temuco. <strong>2017<\/strong> &#8211; Valdivia, Universidad Austral de Chile. <strong>2018<\/strong> &#8211; Curic\u00f3, Universidad Cat\u00f3lica del Maule <strong>2019<\/strong> &#8211; Osorno, Universidad Tecnol\u00f3gica de Chile INACAP y la Universidad de Los Lagos. <strong>2020<\/strong> &#8211; Santiago, Pontificia Universidad Cat\u00f3lica de Chile. <strong>2021<\/strong> &#8211; Iquique Online, Universidad Arturo Prat. <strong>2022<\/strong> &#8211; Santiago Online, Universidad de Santiago de Chile. <strong>2023<\/strong> &#8211; Punta Arenas, Instituto Ant\u00e1rtico Chileno y Universidad de Magallanes. <strong>2024<\/strong> &#8211; La Serena, Universidad Central. <strong>2025<\/strong> &#8211; Valpara\u00edso, Universidad T\u00e9cnica Federico Santa Mar\u00eda.<\/p>\n","protected":false},"excerpt":{"rendered":"<p>A principios de 2012 surge la Red Chilena de Ciencia, Tecnolog\u00eda y Sociedad (CTS-Chile) con el objetivo de analizar, discutir y entender estos procesos y sus relaciones. CTS-Chile busca aunar los esfuerzos de una diversidad de actores \u2013acad\u00e9micos y no acad\u00e9micos, con formaci\u00f3n en ciencias b\u00e1sicas y sociales, de instituciones chilenas y extranjeras\u2013 que desde<\/p>\n","protected":false},"author":1,"featured_media":0,"parent":0,"menu_order":0,"comment_status":"closed","ping_status":"closed","template":"","meta":{"jetpack_post_was_ever_published":false,"footnotes":""},"class_list":["post-9","page","type-page","status-publish","hentry"],"jetpack_sharing_enabled":true,"jetpack-related-posts":[{"id":3388,"url":"https:\/\/cts-chile.cl\/weblog\/programa-de-mentorias\/","url_meta":{"origin":9,"position":0},"title":"Programa de Mentor\u00edas","author":"admin","date":"Octubre 2, 2025","format":false,"excerpt":"Iniciativa que tiene por objetivo abrir las puertas de la comunidad hacia j\u00f3venes profesionales interesados en los estudios de Ciencia, Tecnolog\u00eda y Sociedad (CTS). Ofrecemos espacios de encuentro y aprendizaje, incluyendo mentor\u00edas individuales, talleres y actividades de di\u00e1logo. Creemos que teniendo la interdisciplina, el cuidado mutuo y la colaboraci\u00f3n como\u2026","rel":"","context":"Entrada similar ","block_context":{"text":"Entrada similar ","link":""},"img":{"alt_text":"","src":"https:\/\/cts-chile.cl\/weblog\/wp-content\/uploads\/nataly.jpg","width":320,"height":0,"srcset":"https:\/\/cts-chile.cl\/weblog\/wp-content\/uploads\/nataly.jpg 1x, https:\/\/cts-chile.cl\/weblog\/wp-content\/uploads\/nataly.jpg 1.5x, https:\/\/cts-chile.cl\/weblog\/wp-content\/uploads\/nataly.jpg 2x, https:\/\/cts-chile.cl\/weblog\/wp-content\/uploads\/nataly.jpg 3x"},"classes":[]},{"id":2890,"url":"https:\/\/cts-chile.cl\/weblog\/registros\/","url_meta":{"origin":9,"position":1},"title":"Registros Visuales","author":"admin","date":"Octubre 18, 2024","format":false,"excerpt":"I Encuentro CTS-Chile, enero 2014. https:\/\/www.youtube.com\/watch?v=ALoVgm9d0XE https:\/\/www.youtube.com\/watch?v=yH1_-AKPLJ8 https:\/\/www.youtube.com\/watch?v=A4V_AppcQGI","rel":"","context":"Entrada similar ","block_context":{"text":"Entrada similar ","link":""},"img":{"alt_text":"","src":"https:\/\/i0.wp.com\/cts-chile.cl\/weblog\/wp-content\/uploads\/Photo-09-01-14-9-03-13-scaled.jpg?fit=1200%2C900&quality=99&ssl=1","width":320,"height":0,"srcset":"https:\/\/i0.wp.com\/cts-chile.cl\/weblog\/wp-content\/uploads\/Photo-09-01-14-9-03-13-scaled.jpg?fit=1200%2C900&quality=99&ssl=1 1x, https:\/\/i0.wp.com\/cts-chile.cl\/weblog\/wp-content\/uploads\/Photo-09-01-14-9-03-13-scaled.jpg?fit=1200%2C900&quality=99&ssl=1 1.5x, https:\/\/i0.wp.com\/cts-chile.cl\/weblog\/wp-content\/uploads\/Photo-09-01-14-9-03-13-scaled.jpg?fit=1200%2C900&quality=99&ssl=1 2x, https:\/\/i0.wp.com\/cts-chile.cl\/weblog\/wp-content\/uploads\/Photo-09-01-14-9-03-13-scaled.jpg?fit=1200%2C900&quality=99&ssl=1 3x"},"classes":[]},{"id":605,"url":"https:\/\/cts-chile.cl\/weblog\/","url_meta":{"origin":9,"position":2},"title":"Inicio","author":"admin","date":"Septiembre 22, 2017","format":false,"excerpt":"","rel":"","context":"Entrada similar ","block_context":{"text":"Entrada similar ","link":""},"img":{"alt_text":"","src":"","width":0,"height":0},"classes":[]},{"id":681,"url":"https:\/\/cts-chile.cl\/weblog\/blog\/","url_meta":{"origin":9,"position":3},"title":"Blog","author":"admin","date":"Octubre 5, 2017","format":false,"excerpt":"","rel":"","context":"Entrada similar ","block_context":{"text":"Entrada similar ","link":""},"img":{"alt_text":"","src":"","width":0,"height":0},"classes":[]},{"id":3703,"url":"https:\/\/cts-chile.cl\/weblog\/publicaciones\/","url_meta":{"origin":9,"position":4},"title":"Publicaciones","author":"admin","date":"Diciembre 28, 2025","format":false,"excerpt":"","rel":"","context":"Entrada similar ","block_context":{"text":"Entrada similar ","link":""},"img":{"alt_text":"","src":"","width":0,"height":0},"classes":[]},{"id":2728,"url":"https:\/\/cts-chile.cl\/weblog\/integrantes\/","url_meta":{"origin":9,"position":5},"title":"Integrantes","author":"admin","date":"Octubre 10, 2024","format":false,"excerpt":"","rel":"","context":"Entrada similar ","block_context":{"text":"Entrada similar ","link":""},"img":{"alt_text":"","src":"","width":0,"height":0},"classes":[]}],"_links":{"self":[{"href":"https:\/\/cts-chile.cl\/weblog\/wp-json\/wp\/v2\/pages\/9","targetHints":{"allow":["GET"]}}],"collection":[{"href":"https:\/\/cts-chile.cl\/weblog\/wp-json\/wp\/v2\/pages"}],"about":[{"href":"https:\/\/cts-chile.cl\/weblog\/wp-json\/wp\/v2\/types\/page"}],"author":[{"embeddable":true,"href":"https:\/\/cts-chile.cl\/weblog\/wp-json\/wp\/v2\/users\/1"}],"replies":[{"embeddable":true,"href":"https:\/\/cts-chile.cl\/weblog\/wp-json\/wp\/v2\/comments?post=9"}],"version-history":[{"count":23,"href":"https:\/\/cts-chile.cl\/weblog\/wp-json\/wp\/v2\/pages\/9\/revisions"}],"predecessor-version":[{"id":3268,"href":"https:\/\/cts-chile.cl\/weblog\/wp-json\/wp\/v2\/pages\/9\/revisions\/3268"}],"wp:attachment":[{"href":"https:\/\/cts-chile.cl\/weblog\/wp-json\/wp\/v2\/media?parent=9"}],"curies":[{"name":"wp","href":"https:\/\/api.w.org\/{rel}","templated":true}]}}