{"id":605,"date":"2017-09-22T06:44:15","date_gmt":"2017-09-22T06:44:15","guid":{"rendered":"http:\/\/frequency.tkdvl.com\/?page_id=605"},"modified":"2024-10-10T15:12:06","modified_gmt":"2024-10-10T15:12:06","slug":"slider","status":"publish","type":"page","link":"https:\/\/cts-chile.cl\/weblog\/","title":{"rendered":"Inicio"},"content":{"rendered":"","protected":false},"excerpt":{"rendered":"","protected":false},"author":1,"featured_media":0,"parent":0,"menu_order":0,"comment_status":"closed","ping_status":"closed","template":"templates\/home-slider.php","meta":{"jetpack_post_was_ever_published":false,"footnotes":""},"class_list":["post-605","page","type-page","status-publish","hentry"],"jetpack_sharing_enabled":true,"jetpack-related-posts":[{"id":9,"url":"https:\/\/cts-chile.cl\/weblog\/about\/","url_meta":{"origin":605,"position":0},"title":"Acerca de","author":"admin","date":"Abril 3, 2017","format":false,"excerpt":"A principios de 2012 surge la Red Chilena de Ciencia, Tecnolog\u00eda y Sociedad (CTS-Chile) con el objetivo de analizar, discutir y entender estos procesos y sus relaciones. CTS-Chile busca aunar los esfuerzos de una diversidad de actores \u2013acad\u00e9micos y no acad\u00e9micos, con formaci\u00f3n en ciencias b\u00e1sicas y sociales, de instituciones\u2026","rel":"","context":"Entrada similar ","block_context":{"text":"Entrada similar ","link":""},"img":{"alt_text":"","src":"https:\/\/cts-chile.cl\/weblog\/wp-content\/uploads\/2024\/10\/cropped-we-high-res-transparent.jpg","width":320,"height":0,"srcset":"https:\/\/cts-chile.cl\/weblog\/wp-content\/uploads\/2024\/10\/cropped-we-high-res-transparent.jpg 1x, https:\/\/cts-chile.cl\/weblog\/wp-content\/uploads\/2024\/10\/cropped-we-high-res-transparent.jpg 1.5x, https:\/\/cts-chile.cl\/weblog\/wp-content\/uploads\/2024\/10\/cropped-we-high-res-transparent.jpg 2x, https:\/\/cts-chile.cl\/weblog\/wp-content\/uploads\/2024\/10\/cropped-we-high-res-transparent.jpg 3x, https:\/\/cts-chile.cl\/weblog\/wp-content\/uploads\/2024\/10\/cropped-we-high-res-transparent.jpg 4x"},"classes":[]},{"id":3388,"url":"https:\/\/cts-chile.cl\/weblog\/programa-de-mentorias\/","url_meta":{"origin":605,"position":1},"title":"Programa de Mentor\u00edas","author":"admin","date":"Octubre 2, 2025","format":false,"excerpt":"Iniciativa que tiene por objetivo abrir las puertas de la comunidad hacia j\u00f3venes profesionales interesados en los estudios de Ciencia, Tecnolog\u00eda y Sociedad (CTS). Ofrecemos espacios de encuentro y aprendizaje, incluyendo mentor\u00edas individuales, talleres y actividades de di\u00e1logo. Creemos que teniendo la interdisciplina, el cuidado mutuo y la colaboraci\u00f3n como\u2026","rel":"","context":"Entrada similar ","block_context":{"text":"Entrada similar ","link":""},"img":{"alt_text":"","src":"https:\/\/cts-chile.cl\/weblog\/wp-content\/uploads\/nataly.jpg","width":320,"height":0,"srcset":"https:\/\/cts-chile.cl\/weblog\/wp-content\/uploads\/nataly.jpg 1x, https:\/\/cts-chile.cl\/weblog\/wp-content\/uploads\/nataly.jpg 1.5x, https:\/\/cts-chile.cl\/weblog\/wp-content\/uploads\/nataly.jpg 2x, https:\/\/cts-chile.cl\/weblog\/wp-content\/uploads\/nataly.jpg 3x"},"classes":[]}],"_links":{"self":[{"href":"https:\/\/cts-chile.cl\/weblog\/wp-json\/wp\/v2\/pages\/605","targetHints":{"allow":["GET"]}}],"collection":[{"href":"https:\/\/cts-chile.cl\/weblog\/wp-json\/wp\/v2\/pages"}],"about":[{"href":"https:\/\/cts-chile.cl\/weblog\/wp-json\/wp\/v2\/types\/page"}],"author":[{"embeddable":true,"href":"https:\/\/cts-chile.cl\/weblog\/wp-json\/wp\/v2\/users\/1"}],"replies":[{"embeddable":true,"href":"https:\/\/cts-chile.cl\/weblog\/wp-json\/wp\/v2\/comments?post=605"}],"version-history":[{"count":1,"href":"https:\/\/cts-chile.cl\/weblog\/wp-json\/wp\/v2\/pages\/605\/revisions"}],"predecessor-version":[{"id":1092,"href":"https:\/\/cts-chile.cl\/weblog\/wp-json\/wp\/v2\/pages\/605\/revisions\/1092"}],"wp:attachment":[{"href":"https:\/\/cts-chile.cl\/weblog\/wp-json\/wp\/v2\/media?parent=605"}],"curies":[{"name":"wp","href":"https:\/\/api.w.org\/{rel}","templated":true}]}}