{"id":438,"date":"2021-11-10T22:11:59","date_gmt":"2021-11-10T22:11:59","guid":{"rendered":"https:\/\/cts-chile.cl\/ixencuentro\/?page_id=438"},"modified":"2021-11-10T22:12:00","modified_gmt":"2021-11-10T22:12:00","slug":"paneles","status":"publish","type":"page","link":"https:\/\/cts-chile.cl\/ixencuentro\/paneles\/","title":{"rendered":"Paneles"},"content":{"rendered":"\n<figure class=\"wp-block-image size-large\"><img data-recalc-dims=\"1\" loading=\"lazy\" decoding=\"async\" width=\"1024\" height=\"545\" src=\"https:\/\/i0.wp.com\/cts-chile.cl\/ixencuentro\/wp-content\/uploads\/2021\/11\/repetitin_spectrum_dot_detail2-e1563255358878-1024x545.jpeg?resize=1024%2C545&#038;ssl=1\" alt=\"\" class=\"wp-image-439\" srcset=\"https:\/\/i0.wp.com\/cts-chile.cl\/ixencuentro\/wp-content\/uploads\/2021\/11\/repetitin_spectrum_dot_detail2-e1563255358878.jpeg?resize=1024%2C545&amp;ssl=1 1024w, https:\/\/i0.wp.com\/cts-chile.cl\/ixencuentro\/wp-content\/uploads\/2021\/11\/repetitin_spectrum_dot_detail2-e1563255358878.jpeg?resize=300%2C160&amp;ssl=1 300w, https:\/\/i0.wp.com\/cts-chile.cl\/ixencuentro\/wp-content\/uploads\/2021\/11\/repetitin_spectrum_dot_detail2-e1563255358878.jpeg?resize=768%2C409&amp;ssl=1 768w, https:\/\/i0.wp.com\/cts-chile.cl\/ixencuentro\/wp-content\/uploads\/2021\/11\/repetitin_spectrum_dot_detail2-e1563255358878.jpeg?resize=690%2C367&amp;ssl=1 690w, https:\/\/i0.wp.com\/cts-chile.cl\/ixencuentro\/wp-content\/uploads\/2021\/11\/repetitin_spectrum_dot_detail2-e1563255358878.jpeg?resize=800%2C426&amp;ssl=1 800w, https:\/\/i0.wp.com\/cts-chile.cl\/ixencuentro\/wp-content\/uploads\/2021\/11\/repetitin_spectrum_dot_detail2-e1563255358878.jpeg?w=1285&amp;ssl=1 1285w\" sizes=\"auto, (max-width: 1024px) 100vw, 1024px\" \/><figcaption>Mio Yamato, Repetition Spectrum dot (1)<\/figcaption><\/figure>\n\n\n\n<p>Los paneles dan cuenta de propuestas que integran un conjunto espec\u00edfico de presentadores(as).<\/p>\n\n\n\n<p>El listado de paneles que compondr\u00e1 el IX Encuentro CTS-Chile ser\u00e1 presentado prontamente.<\/p>\n\n\n\n<p><\/p>\n\n\n\n<p><\/p>\n","protected":false},"excerpt":{"rendered":"<p>Los paneles dan cuenta de propuestas que integran un conjunto espec\u00edfico de presentadores(as). El listado de paneles que compondr\u00e1 el IX Encuentro CTS-Chile ser\u00e1 presentado prontamente.<\/p>\n<a class=\"read-more-link\" href=\" https:\/\/cts-chile.cl\/ixencuentro\/paneles\/ \">Read More<\/a>","protected":false},"author":1,"featured_media":0,"parent":0,"menu_order":0,"comment_status":"closed","ping_status":"closed","template":"","meta":{"footnotes":""},"class_list":["post-438","page","type-page","status-publish","hentry","col-sm-6"],"jetpack_sharing_enabled":true,"_links":{"self":[{"href":"https:\/\/cts-chile.cl\/ixencuentro\/wp-json\/wp\/v2\/pages\/438","targetHints":{"allow":["GET"]}}],"collection":[{"href":"https:\/\/cts-chile.cl\/ixencuentro\/wp-json\/wp\/v2\/pages"}],"about":[{"href":"https:\/\/cts-chile.cl\/ixencuentro\/wp-json\/wp\/v2\/types\/page"}],"author":[{"embeddable":true,"href":"https:\/\/cts-chile.cl\/ixencuentro\/wp-json\/wp\/v2\/users\/1"}],"replies":[{"embeddable":true,"href":"https:\/\/cts-chile.cl\/ixencuentro\/wp-json\/wp\/v2\/comments?post=438"}],"version-history":[{"count":1,"href":"https:\/\/cts-chile.cl\/ixencuentro\/wp-json\/wp\/v2\/pages\/438\/revisions"}],"predecessor-version":[{"id":441,"href":"https:\/\/cts-chile.cl\/ixencuentro\/wp-json\/wp\/v2\/pages\/438\/revisions\/441"}],"wp:attachment":[{"href":"https:\/\/cts-chile.cl\/ixencuentro\/wp-json\/wp\/v2\/media?parent=438"}],"curies":[{"name":"wp","href":"https:\/\/api.w.org\/{rel}","templated":true}]}}