{"id":363,"date":"2021-10-25T00:03:06","date_gmt":"2021-10-25T00:03:06","guid":{"rendered":"https:\/\/cts-chile.cl\/ixencuentro\/?page_id=363"},"modified":"2021-11-29T19:14:43","modified_gmt":"2021-11-29T19:14:43","slug":"fechas","status":"publish","type":"page","link":"https:\/\/cts-chile.cl\/ixencuentro\/fechas\/","title":{"rendered":"Fechas importantes"},"content":{"rendered":"\n<figure class=\"wp-block-table is-style-stripes\"><table><tbody><tr><td><strong><a href=\"https:\/\/cts-chile.cl\/ixencuentro\/lineasypaneles\/\">Presentaci\u00f3n de l\u00edneas tem\u00e1ticas:<\/a><\/strong><\/td><td>Hasta viernes 5 de noviembre de 2021 (nueva fecha).<\/td><\/tr><tr><td><strong><a href=\"https:\/\/cts-chile.cl\/ixencuentro\/lineasypaneles\/\">Presentaci\u00f3n de paneles:<\/a><\/strong><\/td><td>Hasta viernes 5 de noviembre de 2021 (nueva fecha).<\/td><\/tr><tr><td><strong><a href=\"https:\/\/cts-chile.cl\/ixencuentro\/workshops\/\">Presentaci\u00f3n de workshops:<\/a><\/strong><\/td><td>Hasta domingo 5 de diciembre de 2021.<\/td><\/tr><tr><td><strong><a href=\"https:\/\/cts-chile.cl\/ixencuentro\/ponencias\/\">Presentaci\u00f3n de ponencias:<\/a><\/strong><\/td><td>Hasta domingo 5 de diciembre de 2021.<\/td><\/tr><\/tbody><\/table><\/figure>\n\n\n\n<hr class=\"wp-block-separator\"\/>\n\n\n\n<figure class=\"wp-block-table is-style-stripes\"><table><tbody><tr><td><strong>Workshops<\/strong>:<\/td><td>Martes 11 de enero de 2022.<\/td><\/tr><tr><td><strong>Encuentro:<\/strong><\/td><td>Mi\u00e9rcoles 12 a viernes 14 de enero de 2022.<\/td><\/tr><\/tbody><\/table><\/figure>\n\n\n\n<figure class=\"wp-block-image size-large\"><img data-recalc-dims=\"1\" loading=\"lazy\" decoding=\"async\" width=\"859\" height=\"1024\" src=\"https:\/\/i0.wp.com\/cts-chile.cl\/ixencuentro\/wp-content\/uploads\/2021\/10\/cohjucontemporaryart-mio-yamato-black_line_39-2020.jpg?resize=859%2C1024&#038;ssl=1\" alt=\"\" class=\"wp-image-364\" srcset=\"https:\/\/i0.wp.com\/cts-chile.cl\/ixencuentro\/wp-content\/uploads\/2021\/10\/cohjucontemporaryart-mio-yamato-black_line_39-2020.jpg?resize=859%2C1024&amp;ssl=1 859w, https:\/\/i0.wp.com\/cts-chile.cl\/ixencuentro\/wp-content\/uploads\/2021\/10\/cohjucontemporaryart-mio-yamato-black_line_39-2020.jpg?resize=252%2C300&amp;ssl=1 252w, https:\/\/i0.wp.com\/cts-chile.cl\/ixencuentro\/wp-content\/uploads\/2021\/10\/cohjucontemporaryart-mio-yamato-black_line_39-2020.jpg?resize=768%2C916&amp;ssl=1 768w, https:\/\/i0.wp.com\/cts-chile.cl\/ixencuentro\/wp-content\/uploads\/2021\/10\/cohjucontemporaryart-mio-yamato-black_line_39-2020.jpg?resize=1288%2C1536&amp;ssl=1 1288w, https:\/\/i0.wp.com\/cts-chile.cl\/ixencuentro\/wp-content\/uploads\/2021\/10\/cohjucontemporaryart-mio-yamato-black_line_39-2020.jpg?resize=690%2C823&amp;ssl=1 690w, https:\/\/i0.wp.com\/cts-chile.cl\/ixencuentro\/wp-content\/uploads\/2021\/10\/cohjucontemporaryart-mio-yamato-black_line_39-2020.jpg?resize=1317%2C1570&amp;ssl=1 1317w, https:\/\/i0.wp.com\/cts-chile.cl\/ixencuentro\/wp-content\/uploads\/2021\/10\/cohjucontemporaryart-mio-yamato-black_line_39-2020.jpg?resize=800%2C954&amp;ssl=1 800w, https:\/\/i0.wp.com\/cts-chile.cl\/ixencuentro\/wp-content\/uploads\/2021\/10\/cohjucontemporaryart-mio-yamato-black_line_39-2020.jpg?w=1342&amp;ssl=1 1342w\" sizes=\"auto, (max-width: 859px) 100vw, 859px\" \/><\/figure>\n","protected":false},"excerpt":{"rendered":"<p>Presentaci\u00f3n de l\u00edneas tem\u00e1ticas: Hasta viernes 5 de noviembre de 2021 (nueva fecha). Presentaci\u00f3n de paneles: Hasta viernes 5 de noviembre de 2021 (nueva fecha). Presentaci\u00f3n de workshops: Hasta domingo 5 de diciembre de 2021. Presentaci\u00f3n de ponencias: Hasta domingo 5 de diciembre de 2021. Workshops: Martes 11 de enero de 2022. Encuentro: Mi\u00e9rcoles 12&hellip;<\/p>\n<a class=\"read-more-link\" href=\" https:\/\/cts-chile.cl\/ixencuentro\/fechas\/ \">Read More<\/a>","protected":false},"author":1,"featured_media":0,"parent":0,"menu_order":0,"comment_status":"closed","ping_status":"closed","template":"","meta":{"footnotes":""},"class_list":["post-363","page","type-page","status-publish","hentry","col-sm-6"],"jetpack_sharing_enabled":true,"_links":{"self":[{"href":"https:\/\/cts-chile.cl\/ixencuentro\/wp-json\/wp\/v2\/pages\/363","targetHints":{"allow":["GET"]}}],"collection":[{"href":"https:\/\/cts-chile.cl\/ixencuentro\/wp-json\/wp\/v2\/pages"}],"about":[{"href":"https:\/\/cts-chile.cl\/ixencuentro\/wp-json\/wp\/v2\/types\/page"}],"author":[{"embeddable":true,"href":"https:\/\/cts-chile.cl\/ixencuentro\/wp-json\/wp\/v2\/users\/1"}],"replies":[{"embeddable":true,"href":"https:\/\/cts-chile.cl\/ixencuentro\/wp-json\/wp\/v2\/comments?post=363"}],"version-history":[{"count":6,"href":"https:\/\/cts-chile.cl\/ixencuentro\/wp-json\/wp\/v2\/pages\/363\/revisions"}],"predecessor-version":[{"id":946,"href":"https:\/\/cts-chile.cl\/ixencuentro\/wp-json\/wp\/v2\/pages\/363\/revisions\/946"}],"wp:attachment":[{"href":"https:\/\/cts-chile.cl\/ixencuentro\/wp-json\/wp\/v2\/media?parent=363"}],"curies":[{"name":"wp","href":"https:\/\/api.w.org\/{rel}","templated":true}]}}